{"id":110,"date":"2017-01-03T17:08:57","date_gmt":"2017-01-03T11:23:57","guid":{"rendered":"https:\/\/rochakhandknit.com\/?page_id=110"},"modified":"2025-08-19T13:41:17","modified_gmt":"2025-08-19T07:56:17","slug":"unsere-arbeiten","status":"publish","type":"page","link":"https:\/\/rochakhandknit.com\/de\/unsere-arbeiten\/","title":{"rendered":"Unsere Arbeiten"},"content":{"rendered":"<div class=\"kb-row-layout-wrap kb-row-layout-id110_00c90f-5d alignfull wp-block-kadence-rowlayout\"><div class=\"kt-row-column-wrap kt-has-2-columns kt-row-layout-right-golden kt-tab-layout-inherit kt-mobile-layout-row kt-row-valign-top kb-theme-content-width\">\n\n<div class=\"wp-block-kadence-column kadence-column110_71517b-b6\"><div class=\"kt-inside-inner-col\">\n<h2 class=\"kt-adv-heading110_6dbbcc-7c wp-block-kadence-advancedheading has-custom-color-5-color has-text-color\" data-kb-block=\"kb-adv-heading110_6dbbcc-7c\">Hersteller<\/h2>\n\n\n\n<p class=\"kt-adv-heading110_78cd44-3a wp-block-kadence-advancedheading has-custom-color-2-color has-text-color\" data-kb-block=\"kb-adv-heading110_78cd44-3a\">Wir sind auf die Herstellung handgestrickter Waren spezialisiert. F\u00fcr die Herstellung handgestrickter Produkte nutzen wir unser umfangreiches Netzwerk an handgestrickten Produkten zu Hause.<\/p>\n\n\n\n<div class=\"wp-block-kadence-advancedbtn kb-buttons-wrap kb-btns110_eaa263-0b\"><div data-aos=\"fade-up\" data-aos-easing=\"ease-in\" class=\"kb-blocks-button-aos kb-btn-width-type-auto\"><a class=\"kb-button kt-button button kb-btn110_adf56c-a4 kt-btn-size-xlarge kt-btn-width-type-auto kb-btn-global-fill  kt-btn-has-text-true kt-btn-has-svg-true  wp-block-kadence-singlebtn\" href=\"https:\/\/rochakhandknit.com\/de\/unsere-arbeiten\/handstrickhersteller\/\" target=\"_blank\" rel=\"noreferrer noopener\"><span class=\"kt-btn-inner-text\">Erfahren Sie mehr<\/span><span class=\"kb-svg-icon-wrap kb-svg-icon-fe_arrowUpRight kt-btn-icon-side-right\"><svg viewbox=\"0 0 24 24\"  fill=\"none\" stroke=\"currentColor\" stroke-width=\"2\" stroke-linecap=\"round\" stroke-linejoin=\"round\" xmlns=\"http:\/\/www.w3.org\/2000\/svg\"  aria-hidden=\"true\"><line x1=\"7\" y1=\"17\" x2=\"17\" y2=\"7\"\/><polyline points=\"7 7 17 7 17 17\"\/><\/svg><\/span><\/a><\/div><\/div>\n<\/div><\/div>\n\n\n\n<div class=\"wp-block-kadence-column kadence-column110_bb4b3a-07\"><div class=\"kt-inside-inner-col\">\n<figure class=\"wp-block-kadence-image kb-image110_c577aa-50 size-full kb-image-is-ratio-size\"><div class=\"kb-is-ratio-image kb-image-ratio-land43\"><img decoding=\"async\" width=\"800\" height=\"600\" src=\"https:\/\/rochakhandknit.com\/wp-content\/uploads\/day-to-day-Working-at-Rochak-Handknit-Craft-e1523327906847.jpg\" alt=\"handgestrickte Accessoires von Womens Knitter bei Rochak Handknit Craft\" class=\"kb-img wp-image-1094\" title=\"\" srcset=\"https:\/\/cdn.rochakhandknit.com\/wp-content\/uploads\/day-to-day-Working-at-Rochak-Handknit-Craft-e1523327906847.jpg 800w, https:\/\/cdn.rochakhandknit.com\/wp-content\/uploads\/day-to-day-Working-at-Rochak-Handknit-Craft-e1523327906847-300x225.jpg 300w, https:\/\/cdn.rochakhandknit.com\/wp-content\/uploads\/day-to-day-Working-at-Rochak-Handknit-Craft-e1523327906847-768x576.jpg 768w, https:\/\/cdn.rochakhandknit.com\/wp-content\/uploads\/day-to-day-Working-at-Rochak-Handknit-Craft-e1523327906847-16x12.jpg 16w\" sizes=\"(max-width: 800px) 100vw, 800px\" \/><\/div><\/figure>\n<\/div><\/div>\n\n<\/div><\/div>\n\n<div class=\"kb-row-layout-wrap kb-row-layout-id110_b34f12-b6 alignfull has-custom-color-6-background-color kt-row-has-bg wp-block-kadence-rowlayout\"><div class=\"kt-row-column-wrap kt-has-2-columns kt-row-layout-left-golden kt-tab-layout-inherit kt-mobile-layout-row kt-row-valign-top kb-theme-content-width\">\n\n<div class=\"wp-block-kadence-column kadence-column110_cee8e6-5e\"><div class=\"kt-inside-inner-col\">\n<figure class=\"wp-block-kadence-image kb-image110_e0abb8-37 kb-image-is-ratio-size\"><div class=\"kb-is-ratio-image kb-image-ratio-land43\"><img decoding=\"async\" src=\"https:\/\/rochakhandknit.com\/wp-content\/uploads\/Handknitting-Training-by-Rukmani-Devi-Shrestha-Rochak-Handknit-scaled.jpg\" alt=\"Handstricktraining von Rukmani Devi Shrestha \u2013 Rochak Handknit\" class=\"kb-img wp-image-2528\" title=\"\"><\/div><\/figure>\n<\/div><\/div>\n\n\n\n<div class=\"wp-block-kadence-column kadence-column110_705e87-8a\"><div class=\"kt-inside-inner-col\">\n<h2 class=\"kt-adv-heading110_142c49-8c wp-block-kadence-advancedheading has-custom-color-5-color has-text-color\" data-kb-block=\"kb-adv-heading110_142c49-8c\">Schulungen<\/h2>\n\n\n\n<p class=\"kt-adv-heading110_90a667-a7 wp-block-kadence-advancedheading has-custom-color-2-color has-text-color\" data-kb-block=\"kb-adv-heading110_90a667-a7\">Wir f\u00fchren Handstrickkurse f\u00fcr die Frauen in unserer Gemeinde durch. Diese helfen uns, unser Wissen zu verbreiten und qualifizierte Arbeitskr\u00e4fte auszubilden.<\/p>\n\n\n\n<div class=\"wp-block-kadence-advancedbtn kb-buttons-wrap kb-btns110_270c37-45\"><div data-aos=\"fade-up\" data-aos-easing=\"ease-in\" class=\"kb-blocks-button-aos kb-btn-width-type-auto\"><a class=\"kb-button kt-button button kb-btn110_547831-96 kt-btn-size-xlarge kt-btn-width-type-auto kb-btn-global-fill  kt-btn-has-text-true kt-btn-has-svg-true  wp-block-kadence-singlebtn\" href=\"https:\/\/rochakhandknit.com\/de\/handstricktraining-fur-menschen-mit-unterschiedlichen-fahigkeiten\/\" target=\"_blank\" rel=\"noreferrer noopener\"><span class=\"kt-btn-inner-text\">Erfahren Sie mehr<\/span><span class=\"kb-svg-icon-wrap kb-svg-icon-fe_arrowUpRight kt-btn-icon-side-right\"><svg viewbox=\"0 0 24 24\"  fill=\"none\" stroke=\"currentColor\" stroke-width=\"2\" stroke-linecap=\"round\" stroke-linejoin=\"round\" xmlns=\"http:\/\/www.w3.org\/2000\/svg\"  aria-hidden=\"true\"><line x1=\"7\" y1=\"17\" x2=\"17\" y2=\"7\"\/><polyline points=\"7 7 17 7 17 17\"\/><\/svg><\/span><\/a><\/div><\/div>\n<\/div><\/div>\n\n<\/div><\/div>","protected":false},"excerpt":{"rendered":"<p>Hersteller Wir sind auf die Herstellung von Handstrickwaren spezialisiert. Wir nutzen unser umfangreiches Netzwerk an Handstrickern aus unserem eigenen Heim zur Herstellung von Handstrickprodukten. Schulungen Wir f\u00fchren Handstrick-Schulungen f\u00fcr die Frauen in unserer Gemeinde durch. Diese helfen uns, unser Wissen zu verbreiten und qualifizierte Arbeitskr\u00e4fte auszubilden.<\/p>","protected":false},"author":1,"featured_media":0,"parent":0,"menu_order":0,"comment_status":"closed","ping_status":"closed","template":"","meta":{"_acf_changed":false,"inline_featured_image":false,"_lmt_disableupdate":"","_lmt_disable":"","_kad_blocks_custom_css":"","_kad_blocks_head_custom_js":"","_kad_blocks_body_custom_js":"","_kad_blocks_footer_custom_js":"","iawp_total_views":57,"footnotes":""},"class_list":["post-110","page","type-page","status-publish","hentry"],"acf":[],"taxonomy_info":[],"featured_image_src_large":false,"author_info":{"display_name":"Rochak Shrestha","author_link":"https:\/\/rochakhandknit.com\/de\/author\/webadmin\/"},"comment_info":0,"_links":{"self":[{"href":"https:\/\/rochakhandknit.com\/de\/wp-json\/wp\/v2\/pages\/110","targetHints":{"allow":["GET"]}}],"collection":[{"href":"https:\/\/rochakhandknit.com\/de\/wp-json\/wp\/v2\/pages"}],"about":[{"href":"https:\/\/rochakhandknit.com\/de\/wp-json\/wp\/v2\/types\/page"}],"author":[{"embeddable":true,"href":"https:\/\/rochakhandknit.com\/de\/wp-json\/wp\/v2\/users\/1"}],"replies":[{"embeddable":true,"href":"https:\/\/rochakhandknit.com\/de\/wp-json\/wp\/v2\/comments?post=110"}],"version-history":[{"count":0,"href":"https:\/\/rochakhandknit.com\/de\/wp-json\/wp\/v2\/pages\/110\/revisions"}],"wp:attachment":[{"href":"https:\/\/rochakhandknit.com\/de\/wp-json\/wp\/v2\/media?parent=110"}],"curies":[{"name":"wp","href":"https:\/\/api.w.org\/{rel}","templated":true}]}}