{"id":1361,"date":"2019-02-17T14:47:59","date_gmt":"2019-02-17T09:02:59","guid":{"rendered":"https:\/\/rochakhandknit.com\/?page_id=1361"},"modified":"2023-09-29T17:25:38","modified_gmt":"2023-09-29T11:40:38","slug":"besucher-sitemap","status":"publish","type":"page","link":"https:\/\/rochakhandknit.com\/de\/besucher-sitemap\/","title":{"rendered":"Sitemap f\u00fcr Besucher"},"content":{"rendered":"<h2 class=\"wp-block-heading\">\n\t\tUnsere Website ist mit einer klaren Hierarchie von Seiten und Beitr\u00e4gen gestaltet, die den Benutzern die Navigation erleichtert. \n\t<\/h2>\n\n\n\n<p>Dar\u00fcber hinaus haben wir eine umfassende Liste aller Links auf unserer Website eingef\u00fcgt, um einen einfachen Zugriff auf jede Seite zu erm\u00f6glichen.<\/p>\n\n\n\n<p>Wenn Sie weitere Informationen ben\u00f6tigen, z\u00f6gern Sie bitte nicht, uns \u00fcber unser Kontaktformular zu kontaktieren.<\/p>\n\n\n\n<h3 class=\"wp-block-heading\">Seitenverzeichnis<\/h3>\n\n\n\n<ul class=\"wp-block-list\">\n<li><a href=\"https:\/\/rochakhandknit.com\/de\/\">Vertrauensw\u00fcrdiger Hersteller handgefertigter Strickwaren in Nepal<\/a><\/li>\n\n\n\n<li><a href=\"https:\/\/rochakhandknit.com\/de\/unsere-arbeiten\/\">Unsere Arbeiten<\/a>\n<ul class=\"wp-block-list\">\n<li><a href=\"https:\/\/rochakhandknit.com\/de\/unsere-arbeiten\/handstrickhersteller\/\">Hersteller handgefertigter Strickwaren<\/a><\/li>\n<\/ul>\n<\/li>\n\n\n\n<li><a href=\"https:\/\/rochakhandknit.com\/de\/uber-uns\/\">\u00dcber Rochak Handgestricktes Handwerk<\/a>\n<ul class=\"wp-block-list\">\n<li><a href=\"https:\/\/rochakhandknit.com\/de\/uber-uns\/beitrag-zur-gesellschaft\/\">Beitrag zur Gesellschaft<\/a><\/li>\n<\/ul>\n<\/li>\n\n\n\n<li><a href=\"https:\/\/rochakhandknit.com\/de\/blog\/\">Blog<\/a><\/li>\n\n\n\n<li><a href=\"https:\/\/rochakhandknit.com\/de\/kontaktiere-uns\/\">Kontaktiere uns<\/a><\/li>\n\n\n\n<li><a href=\"https:\/\/rochakhandknit.com\/de\/herstellungs-faq\/\">H\u00e4ufig gestellte Fragen zur Herstellung<\/a><\/li>\n\n\n\n<li><a href=\"https:\/\/rochakhandknit.com\/de\/besucher-sitemap\/\">Sitemap f\u00fcr Besucher<\/a><\/li>\n\n\n\n<li><a href=\"https:\/\/rochakhandknit.com\/de\/datenschutzrichtlinie\/\">Datenschutzrichtlinie<\/a><\/li>\n\n\n\n<li><a href=\"https:\/\/rochakhandknit.com\/de\/yarns-we-use\/\">Garne, die wir verwenden<\/a><\/li>\n\n\n\n<li><a href=\"https:\/\/rochakhandknit.com\/de\/verbinden\/\">verbinde dich mit uns<\/a><\/li>\n\n\n\n<li><a href=\"https:\/\/rochakhandknit.com\/de\/vielseitiges-sortiment-an-handgefertigten-strickwaren\/\">Entdecken Sie das vielseitige Sortiment handgefertigter Strickwaren<\/a><\/li>\n<\/ul>","protected":false},"excerpt":{"rendered":"<p>Our website is designed with a clear hierarchy of pages and posts, making it easy for users to navigate. Additionally, we have included a comprehensive list of all the links on our website to provide easy access to each page. If you require any further information, please do not hesitate to contact us through our [&hellip;]<\/p>\n","protected":false},"author":1,"featured_media":0,"parent":0,"menu_order":0,"comment_status":"closed","ping_status":"closed","template":"","meta":{"_acf_changed":false,"inline_featured_image":false,"_lmt_disableupdate":"","_lmt_disable":"","_kad_blocks_custom_css":"","_kad_blocks_head_custom_js":"","_kad_blocks_body_custom_js":"","_kad_blocks_footer_custom_js":"","iawp_total_views":18,"footnotes":""},"class_list":["post-1361","page","type-page","status-publish","hentry"],"acf":[],"taxonomy_info":[],"featured_image_src_large":false,"author_info":{"display_name":"Rochak Shrestha","author_link":"https:\/\/rochakhandknit.com\/de\/author\/webadmin\/"},"comment_info":0,"_links":{"self":[{"href":"https:\/\/rochakhandknit.com\/de\/wp-json\/wp\/v2\/pages\/1361","targetHints":{"allow":["GET"]}}],"collection":[{"href":"https:\/\/rochakhandknit.com\/de\/wp-json\/wp\/v2\/pages"}],"about":[{"href":"https:\/\/rochakhandknit.com\/de\/wp-json\/wp\/v2\/types\/page"}],"author":[{"embeddable":true,"href":"https:\/\/rochakhandknit.com\/de\/wp-json\/wp\/v2\/users\/1"}],"replies":[{"embeddable":true,"href":"https:\/\/rochakhandknit.com\/de\/wp-json\/wp\/v2\/comments?post=1361"}],"version-history":[{"count":0,"href":"https:\/\/rochakhandknit.com\/de\/wp-json\/wp\/v2\/pages\/1361\/revisions"}],"wp:attachment":[{"href":"https:\/\/rochakhandknit.com\/de\/wp-json\/wp\/v2\/media?parent=1361"}],"curies":[{"name":"wp","href":"https:\/\/api.w.org\/{rel}","templated":true}]}}