{"id":1419,"date":"2019-03-05T17:45:06","date_gmt":"2019-03-05T12:00:06","guid":{"rendered":"https:\/\/rochakhandknit.com\/?page_id=1419"},"modified":"2025-03-15T15:44:29","modified_gmt":"2025-03-15T09:59:29","slug":"beitrag-zur-gesellschaft","status":"publish","type":"page","link":"https:\/\/rochakhandknit.com\/de\/uber-uns\/beitrag-zur-gesellschaft\/","title":{"rendered":"Beitrag zur Gesellschaft"},"content":{"rendered":"<div class=\"wp-block-group alignwide is-layout-flow wp-block-group-is-layout-flow\" style=\"padding-top:var(--wp--preset--spacing--large);padding-bottom:var(--wp--preset--spacing--large)\">\n<h2 class=\"wp-block-heading has-text-align-center has-primary-color has-text-color has-link-color wp-elements-0a5ecb5e417b11f945d76244310b78a4\">Der Gesellschaft etwas zur\u00fcckgeben&nbsp;<\/h2>\n\n\n\n<div class=\"wp-block-media-text alignwide has-media-on-the-right is-stacked-on-mobile\"><div class=\"wp-block-media-text__content\">\n<p>Bei Rochak Handknit Craft widmen wir uns der Unterst\u00fctzung unserer lokalen Gemeinschaft und der St\u00e4rkung der Menschen um uns herum. Unsere gesamte Belegschaft besteht aus Frauen aus unserer Region und wir sind bestrebt, Bed\u00fcrftigen hochwertige Winterbekleidung zur Verf\u00fcgung zu stellen.<\/p>\n\n\n\n<p>Da die kalten Wintermonate immer n\u00e4her r\u00fccken, nehmen wir es uns zur Aufgabe, in unserer Freizeit Handw\u00e4rmer und M\u00fctzen zu stricken. Diese handgefertigten Artikel werden mit verf\u00fcgbaren Ressourcen hergestellt und gelagert, um sie an diejenigen weiterzugeben, die sie ben\u00f6tigen.<\/p>\n\n\n\n<p>Wenn Sie oder jemand, den Sie kennen, handgestrickte Wollm\u00fctzen oder Handw\u00e4rmer ben\u00f6tigt, stellen wir Ihnen gerne das zur Verf\u00fcgung, was wir auf Lager haben. Bitte beachten Sie, dass unser Angebot begrenzt ist.<\/p>\n\n\n\n<figure class=\"wp-block-kadence-image kb-image1419_fefe8c-98 size-full\"><img decoding=\"async\" src=\"https:\/\/rochakhandknit.com\/wp-content\/uploads\/0d8cf265-41a8-4f1b-a72b-f066cd788cbe.jpg\" alt=\"0d8cf265 41a8 4f1b a72b f066cd788cbe\" class=\"kb-img wp-image-8154\" title=\"\"><figcaption>0d8cf265 41a8 4f1b a72b f066cd788cbe<\/figcaption><\/figure>\n<\/div><figure class=\"wp-block-media-text__media\"><img decoding=\"async\" src=\"https:\/\/rochakhandknit.com\/wp-content\/uploads\/Contribution-to-Manav-Sewa-Aashram-by-Rukmani-Devi-Shrestha-Rochak-Handknit-Craft-1024x762.webp\" alt=\"Beitrag zum Manav Sewa Aashram von Rukmani Devi Shrestha \u2013 Rochak Handknit Craft\" class=\"wp-image-2771 size-full\" title=\"\"><\/figure><\/div>\n<\/div>\n\n\n\n<div class=\"wp-block-group alignfull has-secondary-background-color has-background is-layout-flow wp-block-group-is-layout-flow\" style=\"padding-top:var(--wp--preset--spacing--x-large);padding-right:var(--wp--preset--spacing--x-large);padding-bottom:var(--wp--preset--spacing--x-large);padding-left:var(--wp--preset--spacing--x-large)\">\n<div class=\"wp-block-group alignwide is-layout-flow wp-block-group-is-layout-flow\">\n<h2 class=\"wp-block-heading has-text-align-center has-custom-color-5-color has-text-color has-link-color wp-elements-783889f8ead4b0cebb01479bb3000774\" style=\"padding-right:var(--wp--preset--spacing--x-large);padding-left:var(--wp--preset--spacing--x-large)\">Anfrageformular<\/h2>\n\n\n\n<div class=\"wp-block-columns alignwide are-vertically-aligned-top is-layout-flex wp-container-core-columns-is-layout-ab5c0f04 wp-block-columns-is-layout-flex\" style=\"padding-top:var(--wp--preset--spacing--x-large);padding-right:var(--wp--preset--spacing--x-large);padding-bottom:var(--wp--preset--spacing--x-large);padding-left:var(--wp--preset--spacing--x-large)\">\n<div class=\"wp-block-column is-vertically-aligned-top is-layout-flow wp-block-column-is-layout-flow\" style=\"flex-basis:50%\"><div class='fluentform ff-default fluentform_wrapper_5  ff_guten_block ff_guten_block-5 ffs_default_wrap'><form data-form_id=\"5\" id=\"fluentform_5\" class=\"frm-fluent-form fluent_form_5 ff-el-form-top ff_form_instance_5_1 ff-form-loading ff_has_v3_recptcha ffs_default\" data-form_instance=\"ff_form_instance_5_1\" method=\"POST\" data-recptcha_key=\"6Lf8IMcZAAAAAFEBb-nrMqqcPniqYhWS7fcJmz7F\" action=\"\" ><fieldset  style=\"border: none!important;margin: 0!important;padding: 0!important;background-color: transparent!important;box-shadow: none!important;outline: none!important; min-inline-size: 100%;\">\n                    <legend class=\"ff_screen_reader_title\" style=\"display: block; margin: 0!important;padding: 0!important;height: 0!important;text-indent: -999999px;width: 0!important;overflow:hidden;\">Beitrag zur Gesellschaft<\/legend>        <div\n                style=\"display: none!important; position: absolute!important; transform: translateX(1000%)!important;\"\n                class=\"ff-el-group ff-hpsf-container\"\n        >\n            <div class=\"ff-el-input--label asterisk-right\">\n                <label for=\"ff_5_item_sf\" aria-label=\"Aktualisierungen\">\n                    Aktualisierungen                <\/label>\n            <\/div>\n            <div class=\"ff-el-input--content\">\n                <input type=\"text\"\n                       name=\"item_5__fluent_sf\"\n                       class=\"ff-el-form-control\"\n                       id=\"ff_5_item_sf\"\n                \/>\n            <\/div>\n        <\/div>\n        <input type='hidden' name='__fluent_form_embded_post_id' value='1419' \/><input type=\"hidden\" id=\"_fluentform_5_fluentformnonce\" name=\"_fluentform_5_fluentformnonce\" value=\"a23915f45c\" \/><input type=\"hidden\" name=\"_wp_http_referer\" value=\"\/de\/wp-json\/wp\/v2\/pages\/1419\" \/><div class='ff-el-group ff-el-form-top'><div class=\"ff-el-input--label ff-el-is-required asterisk-right\"><label for='ff_5_your_name_1' id='label_ff_5_your_name_1' >Ihr Name<\/label><\/div><div class='ff-el-input--content'><input type=\"text\" name=\"your_name_1\" class=\"ff-el-form-control\" id=\"ff_5_your_name_1\" data-name=\"your_name_1\" tabindex=\"1\"  aria-invalid=\"false\" aria-required=\"true\"><\/div><\/div><div class='ff-el-group ff-el-form-top'><div class=\"ff-el-input--label ff-el-is-required asterisk-right\"><label for='ff_5_please_describe_the_reason_for_your_request_3' id='label_ff_5_please_describe_the_reason_for_your_request_3' aria-label=\"Bitte beschreiben Sie den Grund Ihrer Anfrage\">Bitte beschreiben Sie den Grund Ihrer Anfrage<\/label><div class=\"ff-el-tooltip\" data-content=\"If possible, please include the qty &amp; type of items that you think is required along with your reason.\"><svg width=\"16\" height=\"16\" viewbox=\"0 0 25 25\"><path d=\"m329 393l0-46c0-2-1-4-2-6-2-2-4-3-7-3l-27 0 0-146c0-3-1-5-3-7-2-1-4-2-7-2l-91 0c-3 0-5 1-7 2-1 2-2 4-2 7l0 46c0 2 1 5 2 6 2 2 4 3 7 3l27 0 0 91-27 0c-3 0-5 1-7 3-1 2-2 4-2 6l0 46c0 3 1 5 2 7 2 1 4 2 7 2l128 0c3 0 5-1 7-2 1-2 2-4 2-7z m-36-256l0-46c0-2-1-4-3-6-2-2-4-3-7-3l-54 0c-3 0-5 1-7 3-2 2-3 4-3 6l0 46c0 3 1 5 3 7 2 1 4 2 7 2l54 0c3 0 5-1 7-2 2-2 3-4 3-7z m182 119c0 40-9 77-29 110-20 34-46 60-80 80-33 20-70 29-110 29-40 0-77-9-110-29-34-20-60-46-80-80-20-33-29-70-29-110 0-40 9-77 29-110 20-34 46-60 80-80 33-20 70-29 110-29 40 0 77 9 110 29 34 20 60 46 80 80 20 33 29 70 29 110z\" transform=\"scale(0.046875 0.046875)\"><\/path><\/svg><\/div><\/div><div class='ff-el-input--content'><textarea aria-required=\"true\" aria-labelledby=\"label_ff_5_please_describe_the_reason_for_your_request_3\" name=\"please_describe_the_reason_for_your_request_3\" class=\"ff-el-form-control\" id=\"ff_5_please_describe_the_reason_for_your_request_3\" cols=\"2\" data-name=\"please_describe_the_reason_for_your_request_3\" tabindex=\"2\" ><\/textarea><\/div><\/div><div class='ff-el-group ff-text-left ff_submit_btn_wrapper'><button type=\"submit\" class=\"ff-btn ff-btn-submit ff-btn-md ff_btn_style\" tabindex=\"3\"  aria-label=\"Einreichen\">Einreichen<\/button><\/div><\/fieldset><input type=\"hidden\" name=\"trp-form-language\" value=\"de\"\/><\/form><div id='fluentform_5_errors' class='ff-errors-in-stack ff_form_instance_5_1 ff-form-loading_errors ff_form_instance_5_1_errors'><\/div><\/div>            <script type=\"text\/javascript\">\n                window.fluent_form_ff_form_instance_5_1 = {\"id\":\"5\",\"ajaxUrl\":\"https:\\\/\\\/rochakhandknit.com\\\/wp-admin\\\/admin-ajax.php\",\"settings\":{\"layout\":{\"labelPlacement\":\"top\",\"helpMessagePlacement\":\"with_label\",\"errorMessagePlacement\":\"inline\"},\"restrictions\":{\"denyEmptySubmission\":{\"enabled\":false}}},\"form_instance\":\"ff_form_instance_5_1\",\"form_id_selector\":\"fluentform_5\",\"rules\":{\"your_name_1\":{\"required\":{\"value\":true,\"message\":\"This field is required\"}},\"please_describe_the_reason_for_your_request_3\":{\"required\":{\"value\":true,\"message\":\"This field is required\"}}},\"debounce_time\":300};\n                            <\/script>\n            <\/div>\n\n\n\n<div class=\"wp-block-column is-vertically-aligned-top is-layout-flow wp-block-column-is-layout-flow\" style=\"flex-basis:50%\">\n<p class=\"has-primary-color has-text-color has-link-color wp-elements-ded2e08feb47d38c19b8307e83c0d387\"> Wenn Sie daran interessiert sind, Bed\u00fcrftigen zu helfen oder Handstrickschulungen in Ihrer Gemeinde durchf\u00fchren m\u00f6chten, z\u00f6gern Sie bitte nicht, sich an uns zu wenden. Gemeinsam k\u00f6nnen wir einen Unterschied machen und die Menschen um uns herum st\u00e4rken. <\/p>\n<\/div>\n<\/div>\n\n\n<\/div>\n<\/div>\n\n\n\n<div class=\"wp-block-group alignwide has-global-padding is-layout-constrained wp-block-group-is-layout-constrained\">\n<h2 class=\"wp-block-heading has-text-align-center has-custom-color-5-color has-text-color has-link-color wp-elements-ebf1958fdfb13ea2e1b542a68ca68d7f\" style=\"padding-top:var(--wp--preset--spacing--large);padding-bottom:var(--wp--preset--spacing--large)\">Liste der Organisationen, die ihre Produkte regelm\u00e4\u00dfig kostenlos abgeben.<\/h2>\n\n\n\n\n\n<div class=\"wp-block-columns alignwide are-vertically-aligned-center is-layout-flex wp-container-core-columns-is-layout-28f84493 wp-block-columns-is-layout-flex\">\n<div class=\"wp-block-column is-vertically-aligned-center is-layout-flow wp-block-column-is-layout-flow\">\n<figure class=\"wp-block-image aligncenter size-full is-resized\"><img decoding=\"async\" width=\"208\" height=\"184\" src=\"https:\/\/rochakhandknit.com\/wp-content\/uploads\/manav-sewa-ashram-logo.png\" alt=\"Logo des Manav Sewa Ashram\" class=\"wp-image-5425\" style=\"aspect-ratio:1;object-fit:contain;width:400px\" title=\"\" srcset=\"https:\/\/cdn.rochakhandknit.com\/wp-content\/uploads\/manav-sewa-ashram-logo.png 208w, https:\/\/cdn.rochakhandknit.com\/wp-content\/uploads\/manav-sewa-ashram-logo-14x12.png 14w\" sizes=\"(max-width: 208px) 100vw, 208px\" \/><\/figure>\n<\/div>\n\n\n\n<div class=\"wp-block-column is-vertically-aligned-center is-layout-flow wp-block-column-is-layout-flow\">\n<h2 class=\"wp-block-heading has-primary-color has-text-color has-link-color has-max-36-font-size wp-elements-2a0ef7d2a846ccbacd42993a7f2256ad\">Manavsewa Ashram<\/h2>\n\n\n\n<p>Der&nbsp;<strong>Manavsewa Ashram<\/strong>&nbsp;ist eine gemeinn\u00fctzige soziale Organisation, die am 29. August 2012 in Makwanpur, Hetauda, gegr\u00fcndet wurde und sich zum Ziel gesetzt hat, Nepal zu einem&nbsp;<strong>\u201eLand ohne Stra\u00dfenvolk\u201c<\/strong>&nbsp;indem wir am meisten helfen&nbsp;<strong>schutzbed\u00fcrftige, verarmte, behinderte, obdachlose, k\u00f6rperlich schwache oder geistig oder psychisch behinderte Menschen<\/strong>&nbsp;die gezwungen sind, ein erb\u00e4rmliches Leben unter freiem Himmel, auf Stra\u00dfen und \u00f6ffentlichen Pl\u00e4tzen zu f\u00fchren.<\/p>\n\n\n\n<p>https:\/\/msa.org.np<\/p>\n\n\n\n<div style=\"height:33px\" aria-hidden=\"true\" class=\"wp-block-spacer\"><\/div>\n<\/div>\n<\/div>\n\n\n\n<div class=\"wp-block-columns alignwide are-vertically-aligned-center has-secondary-background-color has-background is-layout-flex wp-container-core-columns-is-layout-28f84493 wp-block-columns-is-layout-flex\">\n<div class=\"wp-block-column is-vertically-aligned-center is-layout-flow wp-block-column-is-layout-flow\">\n<figure class=\"wp-block-image aligncenter size-full is-resized\"><img decoding=\"async\" width=\"150\" height=\"154\" src=\"https:\/\/rochakhandknit.com\/wp-content\/uploads\/Logo-of-Fresh-Nepal-white.png\" alt=\"Logo von Fresh Nepal wei\u00df\" class=\"wp-image-5430\" style=\"aspect-ratio:1;object-fit:contain;width:400px\" title=\"\" srcset=\"https:\/\/cdn.rochakhandknit.com\/wp-content\/uploads\/Logo-of-Fresh-Nepal-white.png 150w, https:\/\/cdn.rochakhandknit.com\/wp-content\/uploads\/Logo-of-Fresh-Nepal-white-12x12.png 12w\" sizes=\"(max-width: 150px) 100vw, 150px\" \/><\/figure>\n<\/div>\n\n\n\n<div class=\"wp-block-column is-vertically-aligned-center is-layout-flow wp-block-column-is-layout-flow\">\n<h2 class=\"wp-block-heading has-primary-color has-text-color has-link-color has-max-36-font-size wp-elements-969ed39b7ab54d0f389dbf76e25ca35d\">Frisches Nepal<\/h2>\n\n\n\n<p>Das \u201eChildren Home\u201c von FRESH NEPAL ist ein famili\u00e4r gef\u00fchrtes Heim, in dem wir wie eine gro\u00dfe Familie zusammenleben und uns um die Kinder k\u00fcmmern, als w\u00e4ren sie unsere eigenen.<\/p>\n\n\n\n<p>&nbsp;Ihr zentraler Wert liegt darin, den Kindern ein sicheres und liebevolles Zuhause sowie eine hervorragende Ausbildung und Gesundheitsf\u00fcrsorge zu bieten.&nbsp;<\/p>\n\n\n\n<p>https:\/\/Fresh-nepal.org<\/p>\n\n\n\n<div style=\"height:33px\" aria-hidden=\"true\" class=\"wp-block-spacer\"><\/div>\n<\/div>\n<\/div>\n<\/div>","protected":false},"excerpt":{"rendered":"<p>Giving Back to the Society&nbsp; At Rochak Handknit Craft, we are dedicated to supporting our local community and empowering the people around us. All of our workforce is made up of women from our local area, and we strive to provide quality winter apparel to those in need. With the cold winter months fast approaching, [&hellip;]<\/p>\n","protected":false},"author":1,"featured_media":0,"parent":254,"menu_order":0,"comment_status":"closed","ping_status":"closed","template":"","meta":{"_acf_changed":false,"inline_featured_image":false,"_lmt_disableupdate":"","_lmt_disable":"","_kad_blocks_custom_css":"","_kad_blocks_head_custom_js":"","_kad_blocks_body_custom_js":"","_kad_blocks_footer_custom_js":"","iawp_total_views":36,"footnotes":""},"class_list":["post-1419","page","type-page","status-publish","hentry"],"acf":[],"taxonomy_info":[],"featured_image_src_large":false,"author_info":{"display_name":"Rochak Shrestha","author_link":"https:\/\/rochakhandknit.com\/de\/author\/webadmin\/"},"comment_info":0,"_links":{"self":[{"href":"https:\/\/rochakhandknit.com\/de\/wp-json\/wp\/v2\/pages\/1419","targetHints":{"allow":["GET"]}}],"collection":[{"href":"https:\/\/rochakhandknit.com\/de\/wp-json\/wp\/v2\/pages"}],"about":[{"href":"https:\/\/rochakhandknit.com\/de\/wp-json\/wp\/v2\/types\/page"}],"author":[{"embeddable":true,"href":"https:\/\/rochakhandknit.com\/de\/wp-json\/wp\/v2\/users\/1"}],"replies":[{"embeddable":true,"href":"https:\/\/rochakhandknit.com\/de\/wp-json\/wp\/v2\/comments?post=1419"}],"version-history":[{"count":0,"href":"https:\/\/rochakhandknit.com\/de\/wp-json\/wp\/v2\/pages\/1419\/revisions"}],"up":[{"embeddable":true,"href":"https:\/\/rochakhandknit.com\/de\/wp-json\/wp\/v2\/pages\/254"}],"wp:attachment":[{"href":"https:\/\/rochakhandknit.com\/de\/wp-json\/wp\/v2\/media?parent=1419"}],"curies":[{"name":"wp","href":"https:\/\/api.w.org\/{rel}","templated":true}]}}