{"id":158,"date":"2017-07-24T18:44:00","date_gmt":"2017-07-24T18:44:00","guid":{"rendered":"https:\/\/rochakhandknit.com\/?page_id=158"},"modified":"2025-12-09T11:01:16","modified_gmt":"2025-12-09T05:16:16","slug":"handstrickhersteller","status":"publish","type":"page","link":"https:\/\/rochakhandknit.com\/de\/unsere-arbeiten\/handstrickhersteller\/","title":{"rendered":"Hersteller handgefertigter Strickwaren"},"content":{"rendered":"<div class=\"wp-block-media-text alignwide is-stacked-on-mobile\"><figure class=\"wp-block-media-text__media\"><img decoding=\"async\" src=\"https:\/\/rochakhandknit.com\/wp-content\/uploads\/day-to-day-Working-at-Rochak-Handknit-Craft-1024x768.jpg\" alt=\"Frauen bei Rochak Handknit arbeiten zusammen\" class=\"wp-image-1094 size-full\" title=\"\"><\/figure><div class=\"wp-block-media-text__content\">\n<p>Bei Rochak Handknit sind wir stolz darauf, Teil der reichen Tradition des Handstrickens in Nepal zu sein. Mit 25 Jahren Erfahrung in der Branche f\u00fchlen wir uns geehrt, unsere Arbeit fortzusetzen und das Erbe am Leben zu erhalten.<\/p>\n\n\n\n<p>Unser Team besteht aus kleinen Gruppen von Frauen in unseren \u00f6rtlichen Gemeinden, meist Hausfrauen, die sich neben ihren t\u00e4glichen Aufgaben Zeit f\u00fcr das Handstricken nehmen. Wir glauben an faire, ethische und verantwortungsvolle Herstellungspraktiken und stellen sicher, dass alle unsere Produkte frei von Kinderarbeit sind und in einer gesunden Arbeitsumgebung mit fairen L\u00f6hnen f\u00fcr unsere Arbeiter hergestellt werden.<\/p>\n<\/div><\/div>\n\n\n\n<div class=\"wp-block-group alignwide is-vertical is-layout-flex wp-container-core-group-is-layout-fe9cc265 wp-block-group-is-layout-flex\">\n<p>Wir sind bestrebt, hochwertige Materialien zu verwenden und lokal produzierte Garne und Spezialgarne aus L\u00e4ndern wie Neuseeland, Australien und S\u00fcdafrika zu beziehen, darunter Mohair und Kaschmir.<\/p>\n\n\n\n<p>Wenn Sie unsere Leidenschaft f\u00fcr handgefertigte Produkte teilen und den Wert handgestrickter Artikel sch\u00e4tzen, w\u00fcrden wir uns gerne mit Ihnen in Verbindung setzen. Wir freuen uns darauf, neue Menschen kennenzulernen, die unsere Liebe zum Handstricken teilen und Ihnen dabei helfen, Ihre Vision zum Leben zu erwecken. Kontaktieren Sie uns noch heute, um mehr \u00fcber unsere Dienstleistungen als Hersteller handgefertigter Strickwaren zu erfahren.<\/p>\n\n\n\n<h2 class=\"kt-adv-heading158_7db9b0-a7 wp-block-kadence-advancedheading\" data-kb-block=\"kb-adv-heading158_7db9b0-a7\"><\/h2>\n<\/div>\n\n\n\n\n\n<div class=\"wp-block-media-text alignwide is-stacked-on-mobile has-kb-palette-1-background-color has-background\" style=\"padding-top:var(--wp--preset--spacing--x-large);padding-bottom:var(--wp--preset--spacing--x-large)\"><figure class=\"wp-block-media-text__media\"><img decoding=\"async\" src=\"https:\/\/rochakhandknit.com\/wp-content\/uploads\/Different-color-of-Merino-Knitwear-Manufacturing-Rochak-Handknit-1024x536.jpg\" alt=\"Verschiedene Farben der Herstellung von Merino-Strickwaren \u2013 Rochak Handknit\" class=\"wp-image-2970 size-full\" title=\"\"><\/figure><div class=\"wp-block-media-text__content\"><h2 class=\"kt-adv-heading158_cf197c-50 wp-block-kadence-advancedheading kt-adv-heading-has-icon\" data-kb-block=\"kb-adv-heading158_cf197c-50\"><span class=\"kb-adv-text-inner\"><a href=\"https:\/\/rochakhandknit.com\/de\/garne-in-der-handstrickerei\/\" target=\"_blank\" rel=\"noreferrer noopener\">Erfahren Sie mehr \u00fcber die Garne, die wir verwenden<\/a><\/span><span class=\"kb-svg-icon-wrap kb-adv-heading-icon kb-svg-icon-fe_arrowUpRight kb-adv-heading-icon-side-right\"><svg viewbox=\"0 0 24 24\"  fill=\"none\" stroke=\"currentColor\" stroke-width=\"2\" stroke-linecap=\"round\" stroke-linejoin=\"round\" xmlns=\"http:\/\/www.w3.org\/2000\/svg\"  aria-hidden=\"true\"><line x1=\"7\" y1=\"17\" x2=\"17\" y2=\"7\"\/><polyline points=\"7 7 17 7 17 17\"\/><\/svg><\/span><\/h2>\n\n\n<p>Durch die Verwendung von Merino, Mohair, Baumwolle und deren Mischungen entsteht ein einzigartiges und weiches Produkt.<\/p>\n<\/div><\/div>\n\n\n\n<div class=\"wp-block-media-text alignwide has-media-on-the-right is-stacked-on-mobile\" style=\"padding-top:var(--wp--preset--spacing--x-large);padding-bottom:var(--wp--preset--spacing--x-large)\"><div class=\"wp-block-media-text__content\"><h2 class=\"kt-adv-heading158_6ed888-a1 wp-block-kadence-advancedheading kt-adv-heading-has-icon\" data-kb-block=\"kb-adv-heading158_6ed888-a1\"><span class=\"kb-adv-text-inner\"><a href=\"https:\/\/rochakhandknit.com\/de\/explore-the-versatile-range-of-handmade-knitwear-products\/\">Erfahren Sie mehr \u00fcber die Produkte, die wir herstellen<\/a><\/span><span class=\"kb-svg-icon-wrap kb-adv-heading-icon kb-svg-icon-fe_arrowUpRight kb-adv-heading-icon-side-right\"><svg viewbox=\"0 0 24 24\"  fill=\"none\" stroke=\"currentColor\" stroke-width=\"2\" stroke-linecap=\"round\" stroke-linejoin=\"round\" xmlns=\"http:\/\/www.w3.org\/2000\/svg\"  aria-hidden=\"true\"><line x1=\"7\" y1=\"17\" x2=\"17\" y2=\"7\"\/><polyline points=\"7 7 17 7 17 17\"\/><\/svg><\/span><\/h2>\n\n\n<p class=\"has-text-align-left\">Wir kreieren einzigartige und wundersch\u00f6ne Muster f\u00fcr handgestrickte Produkte wie M\u00fctzen, Handschuhe und andere Accessoires.<\/p>\n<\/div><figure class=\"wp-block-media-text__media\"><img decoding=\"async\" width=\"1024\" height=\"819\" src=\"https:\/\/rochakhandknit.com\/wp-content\/uploads\/handknitted-products-by-Rochak-handknit-1024x819.jpg\" alt=\"Erleben Sie die Qualit\u00e4t und Einzigartigkeit handgefertigter Strickwaren aus hochwertigen Naturfasern. Hersteller in Nepal, der vielseitige Produkte f\u00fcr Unternehmen anbietet\" class=\"wp-image-2376 size-full\" title=\"\" srcset=\"https:\/\/cdn.rochakhandknit.com\/wp-content\/uploads\/handknitted-products-by-Rochak-handknit-1024x819.jpg 1024w, https:\/\/cdn.rochakhandknit.com\/wp-content\/uploads\/handknitted-products-by-Rochak-handknit-300x240.jpg 300w, https:\/\/cdn.rochakhandknit.com\/wp-content\/uploads\/handknitted-products-by-Rochak-handknit-768x614.jpg 768w, https:\/\/cdn.rochakhandknit.com\/wp-content\/uploads\/handknitted-products-by-Rochak-handknit-1536x1229.jpg 1536w, https:\/\/cdn.rochakhandknit.com\/wp-content\/uploads\/handknitted-products-by-Rochak-handknit-15x12.jpg 15w, https:\/\/cdn.rochakhandknit.com\/wp-content\/uploads\/handknitted-products-by-Rochak-handknit.jpg 1550w\" sizes=\"(max-width: 1024px) 100vw, 1024px\" \/><\/figure><\/div>\n\n\n\n<div class=\"wp-block-media-text alignwide is-stacked-on-mobile has-kb-palette-1-background-color has-background\" style=\"grid-template-columns:35% auto\"><figure class=\"wp-block-media-text__media\"><img decoding=\"async\" src=\"https:\/\/rochakhandknit.com\/wp-content\/uploads\/Working-Photos-11July2019-212-portrait1-716x1024.jpg\" alt=\"Frauen stricken mit Wolle von Hand bei Rochak Handknit Craft\" class=\"wp-image-2124 size-full\" title=\"\"><\/figure><div class=\"wp-block-media-text__content\">\n<h2 class=\"wp-block-heading has-primary-color has-text-color has-link-color wp-elements-4e9875d75c78abd0bdf6ab8ebeb6cb30\">Erfahren Sie mehr \u00fcber die Handwerkskunst<\/h2>\n\n\n\n<p>Eine altehrw\u00fcrdige Tradition, die viel Geschick, Geduld und Liebe zum Detail erfordert. Jeder Stich wird sorgf\u00e4ltig von Hand gefertigt und jedes Produkt ist ein wahres Kunstwerk, das die Handwerkskunst unserer erfahrenen Strickerinnen zeigt.<\/p>\n<\/div><\/div>\n\n\n<div class=\"kb-row-layout-wrap kb-row-layout-id158_773750-f5 alignnone wp-block-kadence-rowlayout\"><div class=\"kt-row-column-wrap kt-has-1-columns kt-row-layout-equal kt-tab-layout-inherit kt-mobile-layout-row kt-row-valign-top\">\n\n<div class=\"wp-block-kadence-column kadence-column158_9bdb1a-13\"><div class=\"kt-inside-inner-col\">\n<h2 class=\"kt-adv-heading158_46f6d6-12 wp-block-kadence-advancedheading\" data-kb-block=\"kb-adv-heading158_46f6d6-12\">Wie fangen wir an?<\/h2>\n\n\n\n<h4 class=\"kt-adv-heading158_cb49fc-4b wp-block-kadence-advancedheading\" data-kb-block=\"kb-adv-heading158_cb49fc-4b\">Bereiten Sie alle Ihre Designs vor<\/h4>\n\n\n\n<p>Sie sollten eine klare Vorstellung davon haben, was Sie handstricken m\u00f6chten. Zu ber\u00fccksichtigende Dinge sind&nbsp;<\/p>\n\n\n\n<div class=\"wp-block-kadence-iconlist kt-svg-icon-list-items kt-svg-icon-list-items158_46e1d7-9c kt-svg-icon-list-columns-1 alignnone\"><ul class=\"kt-svg-icon-list\">\n<li class=\"wp-block-kadence-listitem kt-svg-icon-list-item-wrap kt-svg-icon-list-item-158_b5ad9f-f9\"><span class=\"kb-svg-icon-wrap kb-svg-icon-fe_checkCircle kt-svg-icon-list-single\"><svg viewbox=\"0 0 24 24\"  fill=\"none\" stroke=\"currentColor\" stroke-width=\"2\" stroke-linecap=\"round\" stroke-linejoin=\"round\" xmlns=\"http:\/\/www.w3.org\/2000\/svg\"  aria-hidden=\"true\"><path d=\"M22 11.08V12a10 10 0 1 1-5.93-9.14\"\/><polyline points=\"22 4 12 14.01 9 11.01\"\/><\/svg><\/span><span class=\"kt-svg-icon-list-text\">Zu verwendende Garne<\/span><\/li>\n\n\n\n<li class=\"wp-block-kadence-listitem kt-svg-icon-list-item-wrap kt-svg-icon-list-item-158_8df28d-f2\"><span class=\"kb-svg-icon-wrap kb-svg-icon-fe_checkCircle kt-svg-icon-list-single\"><svg viewbox=\"0 0 24 24\"  fill=\"none\" stroke=\"currentColor\" stroke-width=\"2\" stroke-linecap=\"round\" stroke-linejoin=\"round\" xmlns=\"http:\/\/www.w3.org\/2000\/svg\"  aria-hidden=\"true\"><path d=\"M22 11.08V12a10 10 0 1 1-5.93-9.14\"\/><polyline points=\"22 4 12 14.01 9 11.01\"\/><\/svg><\/span><span class=\"kt-svg-icon-list-text\">Farben&nbsp;<\/span><\/li>\n\n\n\n<li class=\"wp-block-kadence-listitem kt-svg-icon-list-item-wrap kt-svg-icon-list-item-158_485fd3-62\"><span class=\"kb-svg-icon-wrap kb-svg-icon-fe_checkCircle kt-svg-icon-list-single\"><svg viewbox=\"0 0 24 24\"  fill=\"none\" stroke=\"currentColor\" stroke-width=\"2\" stroke-linecap=\"round\" stroke-linejoin=\"round\" xmlns=\"http:\/\/www.w3.org\/2000\/svg\"  aria-hidden=\"true\"><path d=\"M22 11.08V12a10 10 0 1 1-5.93-9.14\"\/><polyline points=\"22 4 12 14.01 9 11.01\"\/><\/svg><\/span><span class=\"kt-svg-icon-list-text\">Detailgr\u00f6\u00dfen- und Musteranleitung<\/span><\/li>\n\n\n\n<li class=\"wp-block-kadence-listitem kt-svg-icon-list-item-wrap kt-svg-icon-list-item-158_4e1773-a6\"><span class=\"kb-svg-icon-wrap kb-svg-icon-fe_checkCircle kt-svg-icon-list-single\"><svg viewbox=\"0 0 24 24\"  fill=\"none\" stroke=\"currentColor\" stroke-width=\"2\" stroke-linecap=\"round\" stroke-linejoin=\"round\" xmlns=\"http:\/\/www.w3.org\/2000\/svg\"  aria-hidden=\"true\"><path d=\"M22 11.08V12a10 10 0 1 1-5.93-9.14\"\/><polyline points=\"22 4 12 14.01 9 11.01\"\/><\/svg><\/span><span class=\"kt-svg-icon-list-text\">Wenn m\u00f6glich, Referenzbilder.<\/span><\/li>\n<\/ul><\/div>\n\n\n\n<h4 class=\"kt-adv-heading158_a1ee24-d9 wp-block-kadence-advancedheading\" data-kb-block=\"kb-adv-heading158_a1ee24-d9\">Senden Sie uns die Anfrage<\/h4>\n\n\n\n<p class=\"kt-adv-heading158_83413d-af wp-block-kadence-advancedheading\" data-kb-block=\"kb-adv-heading158_83413d-af\">Sobald Sie vorbereitet sind, senden Sie uns die Details. Wir werden sie pr\u00fcfen und Ihnen unsere Fragen senden.<\/p>\n\n\n\n<h4 class=\"kt-adv-heading158_1c7180-a6 wp-block-kadence-advancedheading\" data-kb-block=\"kb-adv-heading158_1c7180-a6\">Diskussion, Erstmuster &amp; Angebot<\/h4>\n\n\n\n<p class=\"kt-adv-heading158_0ca4eb-37 wp-block-kadence-advancedheading\" data-kb-block=\"kb-adv-heading158_0ca4eb-37\">Nachdem wir die Muster besprochen haben, erstellen wir ein Muster und unterbreiten Ihnen ein Angebot.<\/p>\n\n\n\n<h4 class=\"kt-adv-heading158_75c904-c6 wp-block-kadence-advancedheading\" data-kb-block=\"kb-adv-heading158_75c904-c6\">\u00dcberarbeiten, abschlie\u00dfen und versenden<\/h4>\n\n\n\n<p class=\"kt-adv-heading158_bc5ea8-f3 wp-block-kadence-advancedheading\" data-kb-block=\"kb-adv-heading158_bc5ea8-f3\">Wenn Sie mit dem Angebot einverstanden sind, nehmen wir eine \u00dcberarbeitung vor und stellen die Muster fertig. Wir k\u00f6nnen das Muster an Sie versenden (Versandkosten fallen an) und Sie pr\u00fcfen, ob Sie weitere \u00dcberarbeitungen w\u00fcnschen oder mit Ihrem Verkaufsprozess fortfahren m\u00f6chten.&nbsp;<\/p>\n<\/div><\/div>\n\n<\/div><\/div>","protected":false},"excerpt":{"rendered":"<p>At Rochak Handknit, we are proud to be a part of the rich tradition of hand knitting in Nepal. With 25 years of experience in the industry, we are honored to continue our work and keep the legacy alive. Our team consists of small groups of women in our local communities, mostly housewives who take [&hellip;]<\/p>\n","protected":false},"author":1,"featured_media":0,"parent":110,"menu_order":0,"comment_status":"closed","ping_status":"closed","template":"","meta":{"_acf_changed":false,"inline_featured_image":false,"_lmt_disableupdate":"","_lmt_disable":"","_kad_blocks_custom_css":"","_kad_blocks_head_custom_js":"","_kad_blocks_body_custom_js":"","_kad_blocks_footer_custom_js":"","iawp_total_views":184,"footnotes":""},"class_list":["post-158","page","type-page","status-publish","hentry"],"acf":[],"taxonomy_info":[],"featured_image_src_large":false,"author_info":{"display_name":"Rochak Shrestha","author_link":"https:\/\/rochakhandknit.com\/de\/author\/webadmin\/"},"comment_info":0,"_links":{"self":[{"href":"https:\/\/rochakhandknit.com\/de\/wp-json\/wp\/v2\/pages\/158","targetHints":{"allow":["GET"]}}],"collection":[{"href":"https:\/\/rochakhandknit.com\/de\/wp-json\/wp\/v2\/pages"}],"about":[{"href":"https:\/\/rochakhandknit.com\/de\/wp-json\/wp\/v2\/types\/page"}],"author":[{"embeddable":true,"href":"https:\/\/rochakhandknit.com\/de\/wp-json\/wp\/v2\/users\/1"}],"replies":[{"embeddable":true,"href":"https:\/\/rochakhandknit.com\/de\/wp-json\/wp\/v2\/comments?post=158"}],"version-history":[{"count":1,"href":"https:\/\/rochakhandknit.com\/de\/wp-json\/wp\/v2\/pages\/158\/revisions"}],"predecessor-version":[{"id":9619,"href":"https:\/\/rochakhandknit.com\/de\/wp-json\/wp\/v2\/pages\/158\/revisions\/9619"}],"up":[{"embeddable":true,"href":"https:\/\/rochakhandknit.com\/de\/wp-json\/wp\/v2\/pages\/110"}],"wp:attachment":[{"href":"https:\/\/rochakhandknit.com\/de\/wp-json\/wp\/v2\/media?parent=158"}],"curies":[{"name":"wp","href":"https:\/\/api.w.org\/{rel}","templated":true}]}}