{"id":223,"date":"2017-07-24T20:10:39","date_gmt":"2017-07-24T14:25:39","guid":{"rendered":"https:\/\/rochakhandknit.com\/?page_id=223"},"modified":"2025-10-30T15:14:44","modified_gmt":"2025-10-30T09:29:44","slug":"herstellungs-faq","status":"publish","type":"page","link":"https:\/\/rochakhandknit.com\/de\/herstellungs-faq\/","title":{"rendered":"H\u00e4ufig gestellte Fragen zur Herstellung"},"content":{"rendered":"<div class=\"kb-row-layout-wrap kb-row-layout-id223_6fba36-dd alignnone wp-block-kadence-rowlayout\"><div class=\"kt-row-column-wrap kt-has-2-columns kt-row-layout-row kt-tab-layout-inherit kt-mobile-layout-row kt-row-valign-top\">\n\n<div class=\"wp-block-kadence-column kadence-column223_aeccdc-91\"><div class=\"kt-inside-inner-col\">\n<p class=\"kt-adv-heading223_b2fd09-ec wp-block-kadence-advancedheading\" data-kb-block=\"kb-adv-heading223_b2fd09-ec\">H\u00e4ufig gestellte Fragen zu unserem Herstellungsprozess f\u00fcr Strickwaren.<\/p>\n<\/div><\/div>\n\n\n\n<div class=\"wp-block-kadence-column kadence-column223_a3b0a9-c7\"><div class=\"kt-inside-inner-col\"><div class=\"kb-row-layout-wrap kb-row-layout-id223_baf5cb-21 alignnone wp-block-kadence-rowlayout\"><div class=\"kt-row-column-wrap kt-has-2-columns kt-row-layout-equal kt-tab-layout-inherit kt-mobile-layout-row kt-row-valign-top\">\n\n<div class=\"wp-block-kadence-column kadence-column223_93bef5-fb\"><div class=\"kt-inside-inner-col\">\n<p class=\"kt-adv-heading223_ed81b9-f4 wp-block-kadence-advancedheading has-custom-color-9-color has-text-color\" data-kb-block=\"kb-adv-heading223_ed81b9-f4\">Wir m\u00f6chten sicherstellen, dass Sie ein klares Verst\u00e4ndnis von uns haben <a href=\"https:\/\/rochakhandknit.com\/de\/unsere-arbeiten\/handstrickhersteller\/\">Handstrickherstellung<\/a> Deshalb haben wir eine Liste mit h\u00e4ufig gestellten Fragen zusammengestellt. Wir hoffen, dass dies Ihnen bei der Beantwortung Ihrer Fragen zu unserer Arbeit und den von uns verwendeten Materialien hilft. Wenn Sie weitere Fragen oder Bedenken haben, z\u00f6gern Sie bitte nicht, uns eine E-Mail zu senden.<\/p>\n\n\n\n<p class=\"kt-adv-heading223_6a4143-0c wp-block-kadence-advancedheading has-custom-color-9-color has-text-color\" data-kb-block=\"kb-adv-heading223_6a4143-0c\">Wir werden diese Liste regelm\u00e4\u00dfig mit neuen Informationen aktualisieren, um sicherzustellen, dass Sie die aktuellsten Antworten erhalten.<\/p>\n<\/div><\/div>\n\n\n\n<div class=\"wp-block-kadence-column kadence-column223_80f0a8-97\"><div class=\"kt-inside-inner-col\">\n<figure class=\"wp-block-kadence-image kb-image223_479913-79 size-full\"><img decoding=\"async\" width=\"600\" height=\"400\" src=\"https:\/\/rochakhandknit.com\/wp-content\/uploads\/Faq-Rochak-Handknit-Craft.jpg\" alt=\"FAQ Rochak Handknit Craft\" class=\"kb-img wp-image-5403\" title=\"\" srcset=\"https:\/\/cdn.rochakhandknit.com\/wp-content\/uploads\/Faq-Rochak-Handknit-Craft.jpg 600w, https:\/\/cdn.rochakhandknit.com\/wp-content\/uploads\/Faq-Rochak-Handknit-Craft-300x200.jpg 300w, https:\/\/cdn.rochakhandknit.com\/wp-content\/uploads\/Faq-Rochak-Handknit-Craft-18x12.jpg 18w\" sizes=\"(max-width: 600px) 100vw, 600px\" \/><\/figure>\n<\/div><\/div>\n\n<\/div><\/div><\/div><\/div>\n\n<\/div><\/div>\n\n\n<div class=\"wp-block-group alignfull has-secondary-background-color has-background is-layout-flow wp-block-group-is-layout-flow\" style=\"margin-top:0;margin-bottom:0;padding-top:var(--wp--preset--spacing--x-large);padding-right:var(--wp--preset--spacing--x-large);padding-bottom:var(--wp--preset--spacing--x-large);padding-left:var(--wp--preset--spacing--x-large)\">\n<h2 class=\"wp-block-heading\" style=\"padding-top:var(--wp--preset--spacing--x-small);padding-bottom:var(--wp--preset--spacing--x-small)\">Fragen zu unserem Unternehmen<\/h2>\n\n\n\n<details class=\"wp-block-details is-layout-flow wp-container-core-details-is-layout-5b221323 wp-block-details-is-layout-flow\" style=\"padding-top:var(--wp--preset--spacing--small);padding-bottom:var(--wp--preset--spacing--small)\" open><summary>Sind Sie gesetzlich registriert?<\/summary>\n<p>Ja, wir sind in Nepal gesetzlich registriert unter&nbsp;<a href=\"http:\/\/www.dcsi.gov.np\/en\" target=\"_blank\" rel=\"noreferrer noopener\">Abteilung f\u00fcr kleine Heimindustrie<\/a>. Wir erneuern unsere Registrierung jedes Jahr und zahlen unsere Steuern.<\/p>\n<\/details>\n\n\n\n<details class=\"wp-block-details is-layout-flow wp-block-details-is-layout-flow\"><summary>Ist es m\u00f6glich, Ihr B\u00fcro\/Ihre Fabrik zu besichtigen?<\/summary>\n<p>Ja nat\u00fcrlich. Bitte vereinbaren Sie vor Ihrem Besuch einen Termin.<\/p>\n<\/details>\n\n\n\n<details class=\"wp-block-details is-layout-flow wp-block-details-is-layout-flow\"><summary>Sind Sie eine Fair-Trade-Organisation? Sind Sie in der FTO-Gruppe (Fair Trade Organization) registriert?<\/summary>\n<p>Wir glauben fest an die Werte des fairen Handels. Wir glauben, dass faire Arbeit und ein existenzsichernder Lohn ein Mindeststandard f\u00fcr alle sind. Was die Mitgliedschaft in der FTO-Gruppe betrifft, sind wir noch nicht beim Verband registriert. Wir planen unsere Bewerbung f\u00fcr das n\u00e4chste Gesch\u00e4ftsjahr 2024\/25.<\/p>\n<\/details>\n\n\n\n<details class=\"wp-block-details is-layout-flow wp-block-details-is-layout-flow\"><summary>Keine Antwort erhalten?<\/summary>\n<p>Dies kommt selten vor. Wir antworten immer innerhalb von 24 Stunden nach der E-Mail. Bitte \u00fcberpr\u00fcfen Sie Ihren Spam- oder Junk-Ordner. Setzen Sie au\u00dferdem unsere E-Mail-Adresse auf die Whitelist, damit sie nicht im Spam-Ordner landet. Falls Sie innerhalb von 24 Stunden keine Antwort erhalten, rufen Sie uns gerne an.<\/p>\n<\/details>\n\n\n\n<details class=\"wp-block-details is-layout-flow wp-block-details-is-layout-flow\"><summary>Was sollte man NICHT TUN?<\/summary>\n<p>Bitte senden Sie uns nicht das aus dem Internet entnommene Bild und fragen Sie nach Muster und Preis. Solche Bilder k\u00f6nnen als Referenz verwendet werden, d\u00fcrfen jedoch nicht als Kopie f\u00fcr die Produktion verwendet werden. Wir m\u00f6chten nur mit echten Unternehmen (gro\u00df oder klein) zusammenarbeiten, die ihren Kunden durch die Verwendung der Handstricktechnik einzigartige Angebote machen m\u00f6chten.<\/p>\n<\/details>\n\n\n\n<details class=\"wp-block-details is-layout-flow wp-block-details-is-layout-flow\"><summary>Was tun f\u00fcr eine bessere Kommunikation?<\/summary>\n<p>Bitte beschreiben Sie Ihr Unternehmen und Ihre Planung zum Handstricken.<br>Wenn m\u00f6glich, senden Sie E-Mails \u00fcber Ihre Firmen-E-Mail-Adresse und nicht \u00fcber eine pers\u00f6nliche E-Mail-Adresse.<br>Was w\u00e4re, wenn Sie gerade erst anfangen?<br>Kein Problem. Bitte geben Sie bei Ihren Planungen, die einer Zusammenarbeit mit uns \u00e4hneln, einen Hinweis auf Sie oder Ihre bisherige Arbeit an.<br>Recherchieren Sie zum Thema Handstricken. Dies hilft zu verstehen, was Sie erwarten k\u00f6nnen und was nicht.<\/p>\n<\/details>\n\n\n\n<details class=\"wp-block-details is-layout-flow wp-block-details-is-layout-flow\"><summary>Kann der Kunde von der Handelspr\u00e4ferenzvereinbarung profitieren?<\/summary>\n<p>Ja, der Kunde kann von der Handelspr\u00e4ferenzvereinbarung profitieren. Es gibt eine GSP-Funktion, die es dem Kunden erm\u00f6glicht, Waren aus Nepal \u201eohne\u201c oder \u201eweniger\u201c Z\u00f6lle zu importieren. Die gro\u00dfz\u00fcgigen Geberl\u00e4nder f\u00fcr die Erleichterung der APS-Fazilit\u00e4t f\u00fcr Nepal sind Australien, Wei\u00dfrussland, Kanada, die Europ\u00e4ische Union, Island, Japan, Kasachstan, Neuseeland, Norwegen, die Russische F\u00f6deration, die Schweiz, die T\u00fcrkei und die Vereinigten Staaten. Es gibt auch ein Handelspr\u00e4ferenzprogramm von den Vereinigten Staaten nach Nepal, das nepalesischen Produkten bis zum 31. Dezember 2025 zollfreien Zugang zu den Vereinigten Staaten erm\u00f6glicht.<br>Links zum APS und zur US-Handelspr\u00e4ferenzfazilit\u00e4t.<br><a href=\"https:\/\/unctad.org\/en\/PublicationsLibrary\/itcdtsbmisc62rev7_en.pdf\" target=\"_blank\" rel=\"noreferrer noopener\">APS-Geber f\u00fcr Nepal<\/a><br><a href=\"https:\/\/np.usembassy.gov\/nepal-trade-preference-program\/\" target=\"_blank\" rel=\"noreferrer noopener\">Nepal-Handelspr\u00e4ferenzprogramm der USA<\/a><\/p>\n\n\n\n<p>Das Allgemeine Pr\u00e4ferenzsystem (GSP) und das Nepal Trade Preference Program (NTPP) bieten nepalesischen Exporteuren wertvolle Handelsvorteile. Das GSP erm\u00f6glicht zollfreien Import berechtigter Waren, seine Vorteile sind jedoch seit seinem Auslaufen am 31. Dezember 2020 bis zur Erneuerung durch den Kongress ausgesetzt. Trotzdem werden Importeure ermutigt, GSP-berechtigte Waren zu kennzeichnen, um eine m\u00f6gliche Zollr\u00fcckerstattung zu erhalten, falls das Programm r\u00fcckwirkend wieder eingef\u00fchrt wird. In der Zwischenzeit bleibt das NTPP, das im Rahmen des Trade Facilitation and Trade Enforcement Act von 2015 eingerichtet wurde, aktiv und gew\u00e4hrt ausgew\u00e4hlten nepalesischen Produkten, darunter Kunsthandwerk und Reiseartikel, zollfreien Zugang zu den USA. Dieses Programm ist bis zum 31. Dezember 2025 g\u00fcltig und bietet Exporteuren eine einzigartige Gelegenheit, ihre Marktpr\u00e4senz in den USA auszubauen, solange es besteht.<\/p>\n\n\n\n<p><a href=\"https:\/\/www.trade.gov\/otexa-nepal-trade-preference-program\" target=\"_blank\" rel=\"noopener\">https:\/\/www.trade.gov\/otexa-nepal-trade-preference-program<\/a><\/p>\n\n\n\n<p><a href=\"https:\/\/www.federalregister.gov\/documents\/2016\/12\/20\/2016-30738\/to-implement-the-nepal-preference-program-and-for-other-purposes\" target=\"_blank\" rel=\"noopener\">https:\/\/www.federalregister.gov\/documents\/2016\/12\/20\/2016-30738\/to-implement-the-nepal-preference-program-and-for-other-purposes<\/a><\/p>\n<\/details>\n\n\n\n<p><\/p>\n\n\n\n<details class=\"wp-block-details is-layout-flow wp-block-details-is-layout-flow\"><summary>Grundlegender Arbeitsablauf?<\/summary>\n<p>Zuerst besprechen wir Ihre Planung und wie wir Ihnen helfen k\u00f6nnen.<br>Normalerweise haben die Leute eine sehr vage Vorstellung davon, was sie wollen, aber sie m\u00f6chten, dass das Produkt gem\u00e4\u00df den im Internet gezeigten Fotos hergestellt wird, was normalerweise nicht funktioniert.<br>Im Folgenden finden Sie den allgemeinen Arbeitsablauf.<br>Diskutieren \u2014&gt; Beispiele erstellen \u2014&gt; Iterieren und abschlie\u00dfen \u2014&gt; In Produktion gehen \u2014&gt; Ausliefern<br>Dann besprechen wir die Anforderungen der Produktkategorie, die Sie herstellen m\u00f6chten, Garne, Zus\u00e4tze (wie Verzierungen, Fleecefutter) und sehen, was m\u00f6glich und verf\u00fcgbar ist. Wir gehen auch Muster durch, die wir zuvor angefertigt haben, oder fertigen Muster entsprechend Ihren Anforderungen an.<br>Basierend auf dem ersten Muster besprechen wir, ob es verbessert werden k\u00f6nnte, wiederholen es anhand weiterer Muster oder ob es nicht das Produkt ist, das Ihren Anforderungen entspricht.<br>Sobald alle Dinge fertiggestellt sind, beginnen wir mit der Produktion. Dies kann je nach Menge zwischen einer Woche und mehreren Monaten dauern. Wir besprechen auch die Zahlungs- und Lieferbedingungen.<br>Wir richten bei jedem einzelnen Produktionsschritt eine Qualit\u00e4tskontrolle ein. Sobald das Produkt fertig ist, wird es einzeln in Polybeutel verpackt und in Kartons verpackt. Und zum Versand schicken.<\/p>\n<\/details>\n\n\n\n<details class=\"wp-block-details is-layout-flow wp-block-details-is-layout-flow\"><summary>Haben Sie ein Einzelhandelsgesch\u00e4ft? Online Shop?<\/summary>\n<p>Derzeit nicht. Wir hatten fr\u00fcher ein Gesch\u00e4ft in Thamel, das wir nach dem Erdbeben der St\u00e4rke 7,6 auf der Richterskala im Jahr 2015 schlie\u00dfen mussten.<br>Wir haben auch keinen Online-Webshop.<\/p>\n<\/details>\n<\/div>\n\n\n\n<div class=\"wp-block-group alignfull has-base-background-color has-background is-layout-flow wp-block-group-is-layout-flow\" style=\"margin-top:0;margin-bottom:0;padding-top:var(--wp--preset--spacing--x-large);padding-right:var(--wp--preset--spacing--x-large);padding-bottom:var(--wp--preset--spacing--x-large);padding-left:var(--wp--preset--spacing--x-large)\">\n<h2 class=\"wp-block-heading\" style=\"padding-top:var(--wp--preset--spacing--x-small);padding-bottom:var(--wp--preset--spacing--x-small)\">Fragen zu unseren Strickerinnen und Mitarbeitern<\/h2>\n\n\n\n<details class=\"wp-block-details is-layout-flow wp-block-details-is-layout-flow\"><summary>Wie sieht es mit den Arbeitsbedingungen f\u00fcr die Arbeiter aus?<\/summary>\n<p>In unserem B\u00fcro\/in unserer Fabrik herrscht eine gute Arbeitsumgebung. Unsere Arbeitsr\u00e4ume haben tags\u00fcber volles Tageslicht und wir verf\u00fcgen \u00fcber Notstrom f\u00fcr die Beleuchtung. Der Ein-\/Ausgangsweg und die Arbeitsr\u00e4ume sind breit und leicht zu bewegen.<\/p>\n<\/details>\n\n\n\n<details class=\"wp-block-details is-layout-flow wp-block-details-is-layout-flow\"><summary>Wie werden Arbeitnehmer bezahlt?<\/summary>\n<p>Unsere Mitarbeiter, die bei uns zusammenarbeiten, werden monatlich entsprechend ihrer Anwesenheit bezahlt. Unsere Heimarbeiter werden auf der Grundlage der von ihnen abgeschlossenen Einheit und auch auf monatlicher Basis bezahlt. Die meisten Zahlungen erfolgen auf das jeweilige Bankkonto. Wir sind bestrebt, sowohl unseren internen Mitarbeitern als auch unseren Heimarbeitern faire L\u00f6hne zu bieten.<\/p>\n<\/details>\n\n\n\n<details class=\"wp-block-details is-layout-flow wp-block-details-is-layout-flow\"><summary>Andere Einrichtungen<\/summary>\n<p>Wir halten uns an die nepalesischen Arbeitsnormen.<br>Wir bieten den regul\u00e4ren Mitarbeitern auch eine Kreditfazilit\u00e4t von ca. USD 900\/- an, die von ihrem Gehalt\/Lohn zur\u00fcckgezahlt wird. Hierbei handelt es sich um zinslose Kreditfazilit\u00e4ten, die dazu beitragen, ihren unmittelbaren finanziellen Bedarf zu decken.<\/p>\n<\/details>\n<\/div>\n\n\n\n<div class=\"wp-block-group alignfull has-custom-color-3-background-color has-background is-layout-flow wp-block-group-is-layout-flow\" style=\"margin-top:0;margin-bottom:0;padding-top:var(--wp--preset--spacing--x-large);padding-right:var(--wp--preset--spacing--x-large);padding-bottom:var(--wp--preset--spacing--x-large);padding-left:var(--wp--preset--spacing--x-large)\">\n<h2 class=\"wp-block-heading\" style=\"padding-top:var(--wp--preset--spacing--x-small);padding-bottom:var(--wp--preset--spacing--x-small)\">Fragen zu unseren Mustern und Produktion<\/h2>\n\n\n\n<details class=\"wp-block-details is-layout-flow wp-block-details-is-layout-flow\"><summary>Haben Sie Muster oder einen Katalog zur Verf\u00fcgung zu stellen?<\/summary>\n<p>Da wir keine eigenen Designs f\u00fchren und \u00fcberwiegend mit Private-Label-Designs arbeiten, haben wir keinen Katalog erstellt. Und da wir die Designs unserer Kunden nicht teilen, k\u00f6nnen wir deren Design nicht als unsere Arbeit einbeziehen. Allerdings haben wir einen Lagerkatalog der Waren erstellt, die wir bei uns haben. Wenn Sie daran interessiert sind, lassen Sie es uns wissen.<\/p>\n<\/details>\n\n\n\n<details class=\"wp-block-details is-layout-flow wp-block-details-is-layout-flow\"><summary>K\u00f6nnen Sie kundenspezifische Designs bemustern?<\/summary>\n<p>Ja wir k\u00f6nnen. Der Gro\u00dfteil unserer Fertigung basiert auf der Anfertigung individueller Designs f\u00fcr Handelsmarken, daher sind wir in der Lage, solche Designs zu bearbeiten. Das Anfertigen eines individuellen Musters erfordert Zeit, um es zu verstehen und richtig durchzuf\u00fchren. Geben Sie daher bitte vollst\u00e4ndige Details zu Ihren Entw\u00fcrfen an. Zun\u00e4chst bitten wir Sie, das bei uns vorr\u00e4tige Garn oder die verf\u00fcgbare Farbe zu verwenden, um schnell loslegen zu k\u00f6nnen. Wenn Sie gute Gesch\u00e4ftsinformationen angeben k\u00f6nnen, berechnen wir f\u00fcr ein Muster keine Geb\u00fchren, berechnen jedoch die Versandkosten. Wenn Sie ein Konto bei einem Kurier haben, k\u00f6nnen Sie diesen auch zur Abholung an unser B\u00fcro verweisen.<\/p>\n<\/details>\n\n\n\n<details class=\"wp-block-details is-layout-flow wp-block-details-is-layout-flow\"><summary>Wie halten Sie die Qualit\u00e4t in der Produktion aufrecht?<\/summary>\n<p>Wir halten die Qualit\u00e4t der Produktion aufrecht, indem wir jede Einheit von einer Person pr\u00fcfen. Wir untersuchen alle wichtigen Aspekte des Produkts und vergleichen die Produktionsst\u00fccke mit den Spezifikationen. Jeder Stricker hat eine etwas andere Herangehensweise an das Stricken. Wir analysieren die Ergebnisse einzelner Strickerinnen und geben Feedback, um Verbesserungen vorzunehmen. Wir arrangieren auch eine Diskussion \u00fcber Techniken und Verbesserungen des Produkts. Da alles handgestrickt ist, kann es bei kleinen Artikeln zu einer Toleranz von maximal einem Zentimeter und bei gro\u00dfen Artikeln zu einer Toleranz von maximal zwei Zentimetern kommen.<br>Bitte schauen Sie sich unsere an&nbsp;<a href=\"https:\/\/rochakhandknit.com\/de\/herstellungsprozess-einer-handgestrickten-mutze\/\">Herstellungsprozess eines Hutes<\/a>, vielleicht gibt es Ihnen eine Vorstellung davon, wie wir die Produktion angehen.<\/p>\n<\/details>\n\n\n\n<details class=\"wp-block-details is-layout-flow wp-block-details-is-layout-flow\"><summary>Mit welchen Materialien arbeiten Sie?<\/summary>\n<p>Wir arbeiten mit allen Materialien, mit denen gestrickt werden kann. Wir arbeiten mit Wolle, Baumwolle, Hanf, Mohair, Merino, Kaschmir usw. Wir f\u00fchren Merino, Mohair, Baumwolle 4\/4, 2\/6, 2\/10 und gew\u00f6hnliches Garn. Das Merinogarn, das wir auf Lager haben, ist 100% Single Merino mit 21 Mikron.<br>\u00fcberpr\u00fcfen Sie bitte&nbsp;<a href=\"https:\/\/rochakhandknit.com\/de\/rohes-material\/\">unser Tagebuch<\/a>&nbsp;f\u00fcr weitere Details dazu.<\/p>\n<\/details>\n\n\n\n<details class=\"wp-block-details is-layout-flow wp-block-details-is-layout-flow\"><summary>Mehr \u00fcber Wollgarn<\/summary>\n<p>Es gibt nur wenige Garnarten, die auf dem Markt erh\u00e4ltlich sind. Die meisten Lieferanten f\u00fchren nur bestimmte Wollgarnqualit\u00e4ten.<br>Die g\u00e4ngigsten Wollmischungen sind 100%-Wolle und lassen sich mit Nylon oder Acryl mischen.<br>Die Weichheit dieser Wolle variiert normalerweise zwischen 28 Mikron und mehr. Dabei handelt es sich normalerweise um ein grobes Garn.<br>Die gebr\u00e4uchlichste Garnst\u00e4rke betr\u00e4gt 1\/2 Nm bis 1\/2,5 Nm. Allerdings kann die Garnst\u00e4rke individuell angepasst werden, wenn sie in gro\u00dfen Mengen bestellt wird. Einige Lieferanten verkaufen weiches Merinogarn.<br>\u00fcberpr\u00fcfen Sie bitte&nbsp;<a href=\"https:\/\/rochakhandknit.com\/de\/rohes-material\/\">unser Tagebuch<\/a>&nbsp;f\u00fcr weitere Details dazu.<\/p>\n<\/details>\n\n\n\n<details class=\"wp-block-details is-layout-flow wp-block-details-is-layout-flow\"><summary>Wie hoch w\u00e4ren die Vorlauf- oder Probenahmekosten?<\/summary>\n<p>Wir haben keine festen Kosten f\u00fcr die Bemusterung festgelegt, da diese vom Produkt, dem verwendeten Garn, der Komplexit\u00e4t des Designs usw. abh\u00e4ngen. Wir versprechen, dass wir Ihnen einen fairen Fabrikpreis anbieten.<\/p>\n<\/details>\n\n\n\n<details class=\"wp-block-details is-layout-flow wp-block-details-is-layout-flow\"><summary>Wie viel verlangen Sie f\u00fcr die Probe?<\/summary>\n<p>Bisher haben wir f\u00fcr die Probe keinen Aufpreis berechnet. Abh\u00e4ngig von der Komplexit\u00e4t k\u00f6nnen wir einen zus\u00e4tzlichen Aufpreis verlangen. Dies geschieht alles, bevor wir mit der Arbeit beginnen, Sie werden also genau dar\u00fcber informiert. Um gelegentliche Anfragen zu vermeiden, k\u00f6nnen wir auch eine r\u00fcckzahlbare Anzahlung in H\u00f6he von 100 USD verlangen. Bitte stellen Sie daher eine Anfrage mit authentischen Angaben.<\/p>\n<\/details>\n<\/div>\n\n\n\n<div class=\"wp-block-group alignfull is-layout-flow wp-block-group-is-layout-flow\" style=\"margin-top:0;margin-bottom:0;padding-top:var(--wp--preset--spacing--x-large);padding-right:var(--wp--preset--spacing--x-large);padding-bottom:var(--wp--preset--spacing--x-large);padding-left:var(--wp--preset--spacing--x-large)\">\n<h2 class=\"wp-block-heading\" style=\"padding-top:var(--wp--preset--spacing--x-small);padding-bottom:var(--wp--preset--spacing--x-small)\">Fragen zu unserem Versand und unserer Zahlung<\/h2>\n\n\n\n<details class=\"wp-block-details is-layout-flow wp-block-details-is-layout-flow\"><summary>Haben Sie Muster oder einen Katalog zur Verf\u00fcgung zu stellen? Welche Versandart nutzen Sie?<\/summary>\n<p>Wir haben die M\u00f6glichkeit, mit verschiedenen Fracht- und Kurierdiensten zu versenden. FedEx, DHL, Aramex, EMS sind beliebte Kurierdienste. Bitte beachten Sie, dass die Versandkosten variieren k\u00f6nnen&nbsp;<a href=\"https:\/\/en.wikipedia.org\/wiki\/Dimensional_weight\" target=\"_blank\" rel=\"noreferrer noopener\">Dimensionsgewicht&nbsp;<\/a>des Produkts. Normalerweise ist es (L\u00e4nge multipliziert Breite multipliziert H\u00f6he) dividiert durch 5000.<br>Je h\u00f6her das Raumgewicht, desto geringer ist der Aufpreis pro kg. Normalerweise ist der Preis ab 20 kg Raumgewicht drastisch niedriger. Daher kann es von Vorteil sein, wenn Sie planen, die Produkte zu konsolidieren und das Mindestgewicht von 20 kg einzuhalten.<\/p>\n<\/details>\n\n\n\n<details class=\"wp-block-details is-layout-flow wp-block-details-is-layout-flow\"><summary>Wie viel kostet der Versand?<\/summary>\n<p>Die Versandkosten h\u00e4ngen von einigen Faktoren ab: Volumengewicht, Express\/Economy und Standort.<br>Bei Frachtdiensten gibt es in der Regel eine Preissenkung nach 20 bis 50 kg (je nach Unternehmen), wodurch sich die Economy-Tarife pro kg ergeben.<\/p>\n<\/details>\n\n\n\n<details class=\"wp-block-details is-layout-flow wp-block-details-is-layout-flow\"><summary>Wie lauten Ihre Zahlungsbedingungen?<\/summary>\n<p>Wir verlangen eine Vorauszahlung vor der Mengenbestellung und eine vollst\u00e4ndige Zahlung vor dem Versand.<\/p>\n<\/details>\n\n\n\n<details class=\"wp-block-details is-layout-flow wp-block-details-is-layout-flow\"><summary>Wie k\u00f6nnen wir die Zahlung senden?<\/summary>\n<p>Wir akzeptieren Bank\u00fcberweisungen, die zwingend erforderlich sind, wenn gro\u00dfe Sendungen verschickt werden sollen. F\u00fcr kleine Sendungen mit einem Wert von weniger als 150 USD k\u00f6nnen wir Zahlungen per \u00dcberweisung, VISA-Debit-\/Kreditkarte oder Western Union entgegennehmen.<br>Wir wissen, dass die Bankgeb\u00fchr bis zu 45 USD pro Transaktion betragen kann. Au\u00dferdem wird bei Eingang der Zahlung eine Geb\u00fchr von unserer \u00f6rtlichen Bank erhoben.<\/p>\n<\/details>\n<\/div>\n\n\n\n<p class=\"kt-adv-heading223_133ab1-ad wp-block-kadence-advancedheading\" data-kb-block=\"kb-adv-heading223_133ab1-ad\"><\/p>","protected":false},"excerpt":{"rendered":"<p>Frequently Asked Questions on our knitwear Manufacturing Process. We want to make sure you have a clear understanding of our hand knitting manufacturing process, so we&#8217;ve compiled a list of frequently asked questions. We hope this helps answer any questions you may have about our work and the materials we use. If you have any [&hellip;]<\/p>\n","protected":false},"author":1,"featured_media":7330,"parent":0,"menu_order":0,"comment_status":"closed","ping_status":"closed","template":"wp-custom-template-manufacturing-faq","meta":{"_acf_changed":false,"inline_featured_image":false,"_lmt_disableupdate":"no","_lmt_disable":"","_kad_blocks_custom_css":"","_kad_blocks_head_custom_js":"","_kad_blocks_body_custom_js":"","_kad_blocks_footer_custom_js":"","iawp_total_views":127,"footnotes":""},"class_list":["post-223","page","type-page","status-publish","has-post-thumbnail","hentry"],"acf":[],"taxonomy_info":[],"featured_image_src_large":["https:\/\/cdn.rochakhandknit.com\/wp-content\/uploads\/Why-choose-Mohair-hand-knitting-Rochak-Handknit-768x1024.png",768,1024,true],"author_info":{"display_name":"Rochak Shrestha","author_link":"https:\/\/rochakhandknit.com\/de\/author\/webadmin\/"},"comment_info":0,"_links":{"self":[{"href":"https:\/\/rochakhandknit.com\/de\/wp-json\/wp\/v2\/pages\/223","targetHints":{"allow":["GET"]}}],"collection":[{"href":"https:\/\/rochakhandknit.com\/de\/wp-json\/wp\/v2\/pages"}],"about":[{"href":"https:\/\/rochakhandknit.com\/de\/wp-json\/wp\/v2\/types\/page"}],"author":[{"embeddable":true,"href":"https:\/\/rochakhandknit.com\/de\/wp-json\/wp\/v2\/users\/1"}],"replies":[{"embeddable":true,"href":"https:\/\/rochakhandknit.com\/de\/wp-json\/wp\/v2\/comments?post=223"}],"version-history":[{"count":0,"href":"https:\/\/rochakhandknit.com\/de\/wp-json\/wp\/v2\/pages\/223\/revisions"}],"wp:featuredmedia":[{"embeddable":true,"href":"https:\/\/rochakhandknit.com\/de\/wp-json\/wp\/v2\/media\/7330"}],"wp:attachment":[{"href":"https:\/\/rochakhandknit.com\/de\/wp-json\/wp\/v2\/media?parent=223"}],"curies":[{"name":"wp","href":"https:\/\/api.w.org\/{rel}","templated":true}]}}