{"id":254,"date":"2017-07-02T05:14:31","date_gmt":"2017-07-01T23:29:31","guid":{"rendered":"https:\/\/rochakhandknit.com\/?page_id=254"},"modified":"2025-12-12T10:17:02","modified_gmt":"2025-12-12T04:32:02","slug":"uber-uns","status":"publish","type":"page","link":"https:\/\/rochakhandknit.com\/de\/uber-uns\/","title":{"rendered":"\u00dcber Rochak Handgestricktes Handwerk"},"content":{"rendered":"<div class=\"kb-row-layout-wrap kb-row-layout-id254_622e37-e6 aligncenter wp-block-kadence-rowlayout\"><div class=\"kt-row-column-wrap kt-has-2-columns kt-row-layout-left-golden kt-tab-layout-inherit kt-mobile-layout-row kt-row-valign-top kb-theme-content-width\">\n\n<div class=\"wp-block-kadence-column kadence-column254_ed755e-e4\"><div class=\"kt-inside-inner-col\"><h2 class=\"kt-adv-heading254_09ce1f-2b wp-block-kadence-advancedheading\" data-kb-block=\"kb-adv-heading254_09ce1f-2b\"><span class=\"kb-adv-text-inner\">Unsere Reise bis heute<\/span><\/h2>\n\n\n<p class=\"kt-adv-heading254_cde2c7-65 wp-block-kadence-advancedheading has-custom-color-2-color has-text-color\" data-kb-block=\"kb-adv-heading254_cde2c7-65\"><strong>Rochak Hand knit Craft wurde 1996 gegr\u00fcndet und ist bei der nepalesischen Regierung unter \u201eSmall &amp; Cottage Industries\u201c registriert. Rochak Hand knit Craft ist eine engagierte Organisation, die seit \u00fcber 25 Jahren hochwertige handgestrickte Waren aus Naturfasern anbietet.<\/strong><\/p>\n\n\n\n<p class=\"kt-adv-heading254_ad0698-c0 wp-block-kadence-advancedheading\" data-kb-block=\"kb-adv-heading254_ad0698-c0\">Unter der Leitung der Inhaberin Frau Rukmani Devi Shrestha und ihres Mannes Rajendra Man Shrestha verf\u00fcgt das Unternehmen \u00fcber ein talentiertes Team erfahrener Kunsthandwerkerinnen, die einzigartige und sch\u00f6ne handgefertigte Produkte herstellen, die im Vergleich zu ihren industriellen Gegenst\u00fccken ein besonderes Flair haben.<\/p>\n\n\n\n<p class=\"kt-adv-heading254_0ea4aa-3d wp-block-kadence-advancedheading\" data-kb-block=\"kb-adv-heading254_0ea4aa-3d\">Mit der Mission, die Welt hin zu einem nachhaltigen \u00d6kosystem voranzutreiben, ist Rochak Hand Knit Craft bestrebt, qualitativ hochwertige handgestrickte und geh\u00e4kelte Produkte anzubieten, die wirklich einzigartig sind.<\/p>\n<\/div><\/div>\n\n\n\n<div class=\"wp-block-kadence-column kadence-column254_72859a-99\"><div class=\"kt-inside-inner-col\"><\/div><\/div>\n\n<\/div><\/div>\n\n<div class=\"kb-row-layout-wrap kb-row-layout-id254_1c8e6e-38 alignfull kt-row-has-bg wp-block-kadence-rowlayout\"><div class=\"kt-row-column-wrap kt-has-1-columns kt-row-layout-equal kt-tab-layout-inherit kt-mobile-layout-row kt-row-valign-top\">\n\n<div class=\"wp-block-kadence-column kadence-column254_c17d32-4a\"><div class=\"kt-inside-inner-col\"><p class=\"kt-adv-heading254_b68e78-91 wp-block-kadence-advancedheading kt-adv-heading-has-icon has-custom-color-2-color has-text-color\" data-kb-block=\"kb-adv-heading254_b68e78-91\"><span class=\"kb-svg-icon-wrap kb-adv-heading-icon kb-svg-icon-ic_quoteSansLeft kb-adv-heading-icon-side-left\"><svg viewbox=\"0 0 8 8\"  fill=\"currentColor\" xmlns=\"http:\/\/www.w3.org\/2000\/svg\"  aria-hidden=\"true\"><path d=\"M0 0v6l3-3v-3h-3zm5 0v6l3-3v-3h-3z\" transform=\"translate(0 1)\"\/><\/svg><\/span><span class=\"kb-adv-text-inner\"><span data-smart-backspace=\"true\" data-loop=\"false\" class=\"kt-typed-text\">Unser Ziel ist es, das beste Arbeitsumfeld f\u00fcr Handstricker in Nepal zu schaffen.<\/span><\/span><\/p><\/div><\/div>\n\n<\/div><\/div>\n\n<div class=\"kb-row-layout-wrap kb-row-layout-id254_a9bd0f-c1 alignfull has-theme-palette8-background-color kt-row-has-bg wp-block-kadence-rowlayout\"><div class=\"kt-row-column-wrap kt-has-2-columns kt-row-layout-equal kt-tab-layout-inherit kt-mobile-layout-row kt-row-valign-middle\">\n\n<div class=\"wp-block-kadence-column kadence-column254_6f8a60-e7 kb-section-dir-vertical\"><div class=\"kt-inside-inner-col\">\n<figure class=\"wp-block-kadence-image kb-image254_7de382-e3 size-large kb-image-is-ratio-size\"><div class=\"kb-is-ratio-image kb-image-ratio-land43\"><img decoding=\"async\" width=\"1024\" height=\"576\" src=\"https:\/\/rochakhandknit.com\/wp-content\/uploads\/hand-knitting-of-sweater-on-chun-7-1024x576.jpg\" alt=\"Video-Vorschaubild: Handgestrickter Pullover aus dickem Garn im Zeitraffer\" class=\"kb-img wp-image-4443\" title=\"\" srcset=\"https:\/\/cdn.rochakhandknit.com\/wp-content\/uploads\/hand-knitting-of-sweater-on-chun-7-1024x576.jpg 1024w, https:\/\/cdn.rochakhandknit.com\/wp-content\/uploads\/hand-knitting-of-sweater-on-chun-7-300x169.jpg 300w, https:\/\/cdn.rochakhandknit.com\/wp-content\/uploads\/hand-knitting-of-sweater-on-chun-7-768x432.jpg 768w, https:\/\/cdn.rochakhandknit.com\/wp-content\/uploads\/hand-knitting-of-sweater-on-chun-7-18x10.jpg 18w, https:\/\/cdn.rochakhandknit.com\/wp-content\/uploads\/hand-knitting-of-sweater-on-chun-7.jpg 1280w\" sizes=\"(max-width: 1024px) 100vw, 1024px\" \/><\/div><\/figure>\n<\/div><\/div>\n\n\n\n<div class=\"wp-block-kadence-column kadence-column254_a8984d-71 kb-section-dir-vertical kb-section-sm-dir-vertical inner-column-1\"><div class=\"kt-inside-inner-col\"><h2 class=\"kt-adv-heading254_29b182-88 wp-block-kadence-advancedheading\" data-kb-block=\"kb-adv-heading254_29b182-88\"><span class=\"kb-adv-text-inner\"><strong>Woran wir glauben<\/strong><\/span><\/h2>\n\n\n<p class=\"kt-adv-heading254_e8e220-b8 wp-block-kadence-advancedheading has-custom-color-2-color has-text-color\" data-kb-block=\"kb-adv-heading254_e8e220-b8\"><strong>Bei Rochak Hand Knit Craft sind wir davon \u00fcberzeugt, dass jedes handgestrickte Produkt einzigartig ist und sich im Vergleich zu seinen industriellen Gegenst\u00fccken v\u00f6llig anders anf\u00fchlt. <\/strong><\/p>\n\n\n\n<p class=\"kt-adv-heading254_32cbf9-09 wp-block-kadence-advancedheading has-custom-color-2-color has-text-color\" data-kb-block=\"kb-adv-heading254_32cbf9-09\">Mit dem Schwerpunkt auf Qualit\u00e4t, Nachhaltigkeit und Fachwissen ist das Unternehmen bestrebt, handgestrickte Waren auf h\u00f6chstem Niveau anzubieten, die den Bed\u00fcrfnissen und Erwartungen der Kunden entsprechen. <\/p>\n\n\n\n<p class=\"kt-adv-heading254_e41e2e-62 wp-block-kadence-advancedheading has-custom-color-2-color has-text-color\" data-kb-block=\"kb-adv-heading254_e41e2e-62\">Egal, ob Sie nach handgefertigten Produkten f\u00fcr Ihr Zuhause, einem besonderen Geschenk f\u00fcr einen geliebten Menschen oder einfach nur nach der Unterst\u00fctzung einer nachhaltigen und ethischen Organisation suchen, Rochak Hand Knit Craft ist die perfekte Wahl.<\/p>\n<\/div><\/div>\n\n<\/div><\/div>\n\n<div class=\"kb-row-layout-wrap kb-row-layout-id254_0337ce-1f alignfull has-theme-palette8-background-color kt-row-has-bg wp-block-kadence-rowlayout\"><div class=\"kt-row-column-wrap kt-has-2-columns kt-row-layout-equal kt-tab-layout-inherit kt-mobile-layout-row kt-row-valign-middle\">\n\n<div class=\"wp-block-kadence-column kadence-column254_7e6c3e-5a kb-section-dir-vertical kb-section-sm-dir-vertical inner-column-1\"><div class=\"kt-inside-inner-col\"><h2 class=\"kt-adv-heading254_2508df-e4 wp-block-kadence-advancedheading\" data-kb-block=\"kb-adv-heading254_2508df-e4\"><span class=\"kb-adv-text-inner\"><span class=\"kb-inline-dynamic\"><strong>Wie es begann<\/strong><\/span><\/span><\/h2>\n\n\n<p class=\"kt-adv-heading254_f1d6c6-97 wp-block-kadence-advancedheading has-custom-color-2-color has-text-color\" data-kb-block=\"kb-adv-heading254_f1d6c6-97\"><strong>Die Geschichte von Rochak Hand Knit Craft begann mit Frau Rukmani Devi Shresthas Leidenschaft f\u00fcr das Handstricken. Mit dem Wunsch, einheimische Frauen mit ihrem Interesse zusammenzubringen, gr\u00fcndete sie eine Gruppe und arbeitete mehrere Jahre lang zun\u00e4chst einzeln und sp\u00e4ter im Team.<\/strong><\/p>\n\n\n\n<p class=\"kt-adv-heading254_1d91de-63 wp-block-kadence-advancedheading has-custom-color-2-color has-text-color\" data-kb-block=\"kb-adv-heading254_1d91de-63\">Das Engagement der Organisation f\u00fcr das Handstricken f\u00fchrte schlie\u00dflich zur Herstellung und zum Verkauf handgestrickter Waren an lokale Gesch\u00e4fte, Hersteller und sogar international.<\/p>\n<\/div><\/div>\n\n\n\n<div class=\"wp-block-kadence-column kadence-column254_2b0360-1b kb-section-dir-vertical\"><div class=\"kt-inside-inner-col\">\n<figure class=\"wp-block-kadence-image kb-image254_8a71de-f6 size-large kb-image-is-ratio-size\"><div class=\"kb-is-ratio-image kb-image-ratio-land43\"><img decoding=\"async\" src=\"https:\/\/rochakhandknit.com\/wp-content\/uploads\/Mrs-Rukmani-Shrestha-at-her-stall1-1024x719.jpg\" alt=\"Rukmani devi shrestha, Inhaberin von Rochak Handknit, gewinnt den Preis\" class=\"kb-img wp-image-1004\" title=\"\"><\/div><\/figure>\n<\/div><\/div>\n\n<\/div><\/div>\n\n<div class=\"kb-row-layout-wrap kb-row-layout-id254_4ea185-d2 alignnone wp-block-kadence-rowlayout\"><div class=\"kt-row-column-wrap kt-has-1-columns kt-row-layout-equal kt-tab-layout-inherit kt-mobile-layout-row kt-row-valign-top\">\n\n<div class=\"wp-block-kadence-column kadence-column254_661cb4-43\"><div class=\"kt-inside-inner-col\"><p class=\"kt-adv-heading254_2b823d-61 wp-block-kadence-advancedheading\" data-kb-block=\"kb-adv-heading254_2b823d-61\"><span class=\"kb-adv-text-inner\"><strong>Wir glauben an<\/strong><\/span><\/p><\/div><\/div>\n\n<\/div><\/div>\n\n<div class=\"kb-row-layout-wrap kb-row-layout-id254_c2622e-da alignwide wp-block-kadence-rowlayout\"><div class=\"kt-row-column-wrap kt-has-3-columns kt-row-layout-equal kt-tab-layout-inherit kt-mobile-layout-row kt-row-valign-top kt-inner-column-height-full\">\n\n<div class=\"wp-block-kadence-column kadence-column254_0a7465-8a\" data-aos=\"swipe-down\" data-aos-easing=\"linear\"><div class=\"kt-inside-inner-col\">\n<p class=\"kt-adv-heading254_a752d7-c5 wp-block-kadence-advancedheading has-custom-color-5-color has-text-color\" data-kb-block=\"kb-adv-heading254_a752d7-c5\"><strong>Wir streben danach<\/strong><\/p>\n\n\n\n<h3 class=\"kt-adv-heading254_7a2b6f-1d wp-block-kadence-advancedheading has-custom-color-2-color has-text-color\" data-kb-block=\"kb-adv-heading254_7a2b6f-1d\">Fairer Handel<br>Werte<\/h3>\n<\/div><\/div>\n\n\n\n<div class=\"wp-block-kadence-column kadence-column254_99fbf5-c9\" data-aos=\"swipe-down\" data-aos-easing=\"linear\"><div class=\"kt-inside-inner-col\">\n<p class=\"kt-adv-heading254_4e8ce1-98 wp-block-kadence-advancedheading has-custom-color-5-color has-text-color\" data-kb-block=\"kb-adv-heading254_4e8ce1-98\"><strong>Wir glauben daran<\/strong><\/p>\n\n\n\n<p class=\"kt-adv-heading254_f02926-9b wp-block-kadence-advancedheading has-custom-color-2-color has-text-color\" data-kb-block=\"kb-adv-heading254_f02926-9b\"><strong>Ethischer Produktionsansatz<\/strong><\/p>\n<\/div><\/div>\n\n\n\n<div class=\"wp-block-kadence-column kadence-column254_a3e532-50\" data-aos=\"swipe-down\" data-aos-easing=\"linear\"><div class=\"kt-inside-inner-col\">\n<p class=\"kt-adv-heading254_4e2f00-ff wp-block-kadence-advancedheading has-custom-color-5-color has-text-color\" data-kb-block=\"kb-adv-heading254_4e2f00-ff\"><strong>Wir versprechen es<\/strong><\/p>\n\n\n\n<p class=\"kt-adv-heading254_2d5aca-42 wp-block-kadence-advancedheading has-custom-color-2-color has-text-color\" data-kb-block=\"kb-adv-heading254_2d5aca-42\"><strong>Gutes Arbeitsumfeld<\/strong><\/p>\n<\/div><\/div>\n\n<\/div><\/div>\n\n<div class=\"kb-row-layout-wrap kb-row-layout-id254_65155f-67 alignnone wp-block-kadence-rowlayout\"><div class=\"kt-row-column-wrap kt-has-1-columns kt-row-layout-equal kt-tab-layout-inherit kt-mobile-layout-row kt-row-valign-top\">\n\n<div class=\"wp-block-kadence-column kadence-column254_65cc61-80\"><div class=\"kt-inside-inner-col\"><p class=\"kt-adv-heading254_6d4d65-77 wp-block-kadence-advancedheading\" data-kb-block=\"kb-adv-heading254_6d4d65-77\"><span class=\"kb-adv-text-inner\"><strong>Unsere St\u00e4rken<\/strong><\/span><\/p><\/div><\/div>\n\n<\/div><\/div>\n\n<div class=\"kb-row-layout-wrap kb-row-layout-id254_3d2325-3f alignfull wp-block-kadence-rowlayout\"><div class=\"kt-row-column-wrap kt-has-3-columns kt-row-layout-equal kt-tab-layout-inherit kt-mobile-layout-row kt-row-valign-top kt-inner-column-height-full\">\n\n<div class=\"wp-block-kadence-column kadence-column254_824164-e6\"><div class=\"kt-inside-inner-col\">\n<p class=\"kt-adv-heading254_b8cf94-c8 wp-block-kadence-advancedheading\" data-kb-block=\"kb-adv-heading254_b8cf94-c8\"><strong>6<\/strong><\/p>\n\n\n\n<p class=\"kt-adv-heading254_f71f46-48 wp-block-kadence-advancedheading\" data-kb-block=\"kb-adv-heading254_f71f46-48\">Regul\u00e4re Mitarbeiter<\/p>\n<\/div><\/div>\n\n\n\n<div class=\"wp-block-kadence-column kadence-column254_dcc25c-6f\"><div class=\"kt-inside-inner-col\">\n<p class=\"kt-adv-heading254_82b2ca-6d wp-block-kadence-advancedheading\" data-kb-block=\"kb-adv-heading254_82b2ca-6d\"><strong>200+<\/strong><\/p>\n\n\n\n<p class=\"kt-adv-heading254_ab8d70-31 wp-block-kadence-advancedheading\" data-kb-block=\"kb-adv-heading254_ab8d70-31\">Heimstrickerinnen<\/p>\n<\/div><\/div>\n\n\n\n<div class=\"wp-block-kadence-column kadence-column254_ed28e1-74\"><div class=\"kt-inside-inner-col\">\n<p class=\"kt-adv-heading254_c1750d-ac wp-block-kadence-advancedheading\" data-kb-block=\"kb-adv-heading254_c1750d-ac\"><strong>100%<\/strong><\/p>\n\n\n\n<p class=\"kt-adv-heading254_3a05ae-27 wp-block-kadence-advancedheading\" data-kb-block=\"kb-adv-heading254_3a05ae-27\">Der Qualit\u00e4t unserer Produkte verpflichtet<\/p>\n<\/div><\/div>\n\n<\/div><\/div>\n\n<div class=\"kb-row-layout-wrap kb-row-layout-id254_5180a7-41 alignwide wp-block-kadence-rowlayout\"><div class=\"kt-row-column-wrap kt-has-2-columns kt-row-layout-equal kt-tab-layout-inherit kt-mobile-layout-row kt-row-valign-top kt-inner-column-height-full\">\n\n<div class=\"wp-block-kadence-column kadence-column254_5534cd-da\"><div class=\"kt-inside-inner-col\">\n<p class=\"kt-adv-heading254_54bf94-9c wp-block-kadence-advancedheading has-custom-color-5-color has-text-color\" data-kb-block=\"kb-adv-heading254_54bf94-9c\"><strong>M\u00f6chten Sie mehr dar\u00fcber erfahren, was wir tun?<\/strong><\/p>\n\n\n\n<p class=\"kt-adv-heading254_9081fb-e9 wp-block-kadence-advancedheading\" data-kb-block=\"kb-adv-heading254_9081fb-e9\">Lesen Sie Antworten auf h\u00e4ufig gestellte Fragen bei uns <a href=\"https:\/\/rochakhandknit.com\/de\/herstellungs-faq\/\" data-type=\"page\" data-id=\"223\">H\u00e4ufig gestellte Fragen zur Herstellung<\/a> Seite.<\/p>\n<\/div><\/div>\n\n\n\n<div class=\"wp-block-kadence-column kadence-column254_54cd3b-06\"><div class=\"kt-inside-inner-col\">\n<p class=\"kt-adv-heading254_8647ea-2a wp-block-kadence-advancedheading has-custom-color-2-color has-text-color\" data-kb-block=\"kb-adv-heading254_8647ea-2a\"><strong>M\u00f6chten Sie loslegen?<\/strong><\/p>\n\n\n\n<p class=\"kt-adv-heading254_c80eba-66 wp-block-kadence-advancedheading\" data-kb-block=\"kb-adv-heading254_c80eba-66\">Wenn Sie weitere Fragen haben, senden Sie uns bitte eine E-Mail an <a href=\"https:\/\/rochakhandknit.com\/de\/kontaktiere-uns\/#gform_wrapper_1\">Kontakt Formular<\/a>.<a href=\"https:\/\/rochakhandknit.com\/de\/kontaktiere-uns\/#gform_wrapper_1\" target=\"_blank\" rel=\"noopener\"><br>N\u00e4chster Prozess?<br><\/a><\/p>\n<\/div><\/div>\n\n<\/div><\/div>","protected":false},"excerpt":{"rendered":"<p>Our Journey till date Founded in 1996 and registered with the Nepal government under &#8216;small &amp; cottage industries&#8217;, Rochak Hand knit Craft is a dedicated organization that has been providing high-quality hand knitted goods made from natural fibers for over 25 years. Led by proprietor Mrs. Rukmani Devi Shrestha and her husband Rajendra Man Shrestha, [&hellip;]<\/p>\n","protected":false},"author":1,"featured_media":0,"parent":0,"menu_order":0,"comment_status":"closed","ping_status":"closed","template":"","meta":{"_acf_changed":false,"inline_featured_image":false,"_lmt_disableupdate":"no","_lmt_disable":"","_kad_blocks_custom_css":"","_kad_blocks_head_custom_js":"","_kad_blocks_body_custom_js":"","_kad_blocks_footer_custom_js":"","iawp_total_views":183,"footnotes":""},"class_list":["post-254","page","type-page","status-publish","hentry"],"acf":[],"taxonomy_info":[],"featured_image_src_large":false,"author_info":{"display_name":"Rochak Shrestha","author_link":"https:\/\/rochakhandknit.com\/de\/author\/webadmin\/"},"comment_info":0,"_links":{"self":[{"href":"https:\/\/rochakhandknit.com\/de\/wp-json\/wp\/v2\/pages\/254","targetHints":{"allow":["GET"]}}],"collection":[{"href":"https:\/\/rochakhandknit.com\/de\/wp-json\/wp\/v2\/pages"}],"about":[{"href":"https:\/\/rochakhandknit.com\/de\/wp-json\/wp\/v2\/types\/page"}],"author":[{"embeddable":true,"href":"https:\/\/rochakhandknit.com\/de\/wp-json\/wp\/v2\/users\/1"}],"replies":[{"embeddable":true,"href":"https:\/\/rochakhandknit.com\/de\/wp-json\/wp\/v2\/comments?post=254"}],"version-history":[{"count":1,"href":"https:\/\/rochakhandknit.com\/de\/wp-json\/wp\/v2\/pages\/254\/revisions"}],"predecessor-version":[{"id":9635,"href":"https:\/\/rochakhandknit.com\/de\/wp-json\/wp\/v2\/pages\/254\/revisions\/9635"}],"wp:attachment":[{"href":"https:\/\/rochakhandknit.com\/de\/wp-json\/wp\/v2\/media?parent=254"}],"curies":[{"name":"wp","href":"https:\/\/api.w.org\/{rel}","templated":true}]}}