{"id":2592,"date":"2021-03-04T14:24:56","date_gmt":"2021-03-04T08:39:56","guid":{"rendered":"https:\/\/rochakhandknit.com\/?page_id=2592"},"modified":"2025-12-12T10:13:00","modified_gmt":"2025-12-12T04:28:00","slug":"verbinden","status":"publish","type":"page","link":"https:\/\/rochakhandknit.com\/de\/verbinden\/","title":{"rendered":"verbinde dich mit uns"},"content":{"rendered":"<div class=\"wp-block-group alignwide is-vertical is-layout-flex wp-container-core-group-is-layout-d6b9ab57 wp-block-group-is-layout-flex\">\n<div class=\"wp-block-group is-content-justification-left is-nowrap is-layout-flex wp-container-core-group-is-layout-fc9f69e7 wp-block-group-is-layout-flex\">\n<figure class=\"wp-block-image size-full is-resized\"><img decoding=\"async\" width=\"512\" height=\"512\" src=\"https:\/\/rochakhandknit.com\/wp-content\/uploads\/instagram.png\" alt=\"Instagram\" class=\"wp-image-4496\" style=\"width:108px;height:auto\" title=\"\" srcset=\"https:\/\/cdn.rochakhandknit.com\/wp-content\/uploads\/instagram.png 512w, https:\/\/cdn.rochakhandknit.com\/wp-content\/uploads\/instagram-300x300.png 300w, https:\/\/cdn.rochakhandknit.com\/wp-content\/uploads\/instagram-150x150.png 150w, https:\/\/cdn.rochakhandknit.com\/wp-content\/uploads\/instagram-12x12.png 12w\" sizes=\"(max-width: 512px) 100vw, 512px\" \/><\/figure>\n\n\n\n<p class=\"has-x-large-font-size\"><a href=\"https:\/\/instagram.com\/Rochakhandknit\" target=\"_blank\" rel=\"noreferrer noopener\"><strong>Folgen Sie uns auf Instagram<\/strong><\/a><\/p>\n<\/div>\n\n\n\n<div class=\"wp-block-group is-content-justification-left is-nowrap is-layout-flex wp-container-core-group-is-layout-fc9f69e7 wp-block-group-is-layout-flex\">\n<figure class=\"wp-block-image size-full is-resized\"><img decoding=\"async\" width=\"512\" height=\"512\" src=\"https:\/\/rochakhandknit.com\/wp-content\/uploads\/linkedin.png\" alt=\"LinkedIn\" class=\"wp-image-4497\" style=\"width:108px;height:auto\" title=\"\" srcset=\"https:\/\/cdn.rochakhandknit.com\/wp-content\/uploads\/linkedin.png 512w, https:\/\/cdn.rochakhandknit.com\/wp-content\/uploads\/linkedin-300x300.png 300w, https:\/\/cdn.rochakhandknit.com\/wp-content\/uploads\/linkedin-150x150.png 150w, https:\/\/cdn.rochakhandknit.com\/wp-content\/uploads\/linkedin-12x12.png 12w\" sizes=\"(max-width: 512px) 100vw, 512px\" \/><\/figure>\n\n\n\n<p class=\"has-x-large-font-size\"><strong><a href=\"https:\/\/www.linkedin.com\/company\/rochakhandknit\" target=\"_blank\" rel=\"noreferrer noopener\">Besuchen Sie uns auf LinkedIn<\/a><\/strong><\/p>\n<\/div>\n\n\n\n<div class=\"wp-block-group is-content-justification-left is-nowrap is-layout-flex wp-container-core-group-is-layout-fc9f69e7 wp-block-group-is-layout-flex\">\n<figure class=\"wp-block-image size-full is-resized\"><img decoding=\"async\" width=\"512\" height=\"512\" src=\"https:\/\/rochakhandknit.com\/wp-content\/uploads\/map.png\" alt=\"Karte\" class=\"wp-image-4498\" style=\"width:108px;height:auto\" title=\"\" srcset=\"https:\/\/cdn.rochakhandknit.com\/wp-content\/uploads\/map.png 512w, https:\/\/cdn.rochakhandknit.com\/wp-content\/uploads\/map-300x300.png 300w, https:\/\/cdn.rochakhandknit.com\/wp-content\/uploads\/map-150x150.png 150w, https:\/\/cdn.rochakhandknit.com\/wp-content\/uploads\/map-12x12.png 12w\" sizes=\"(max-width: 512px) 100vw, 512px\" \/><\/figure>\n\n\n\n<p class=\"has-x-large-font-size\"><strong><a href=\"http:\/\/Rochakhandknit.com\/maps\" target=\"_blank\" rel=\"noreferrer noopener\">Finden Sie uns mit Google Maps<\/a><\/strong><\/p>\n<\/div>\n\n\n\n<div class=\"wp-block-group is-content-justification-left is-nowrap is-layout-flex wp-container-core-group-is-layout-fc9f69e7 wp-block-group-is-layout-flex\">\n<figure class=\"wp-block-image size-full is-resized\"><img decoding=\"async\" width=\"512\" height=\"512\" src=\"https:\/\/rochakhandknit.com\/wp-content\/uploads\/email.png\" alt=\"Email\" class=\"wp-image-4499\" style=\"width:108px;height:auto\" title=\"\" srcset=\"https:\/\/cdn.rochakhandknit.com\/wp-content\/uploads\/email.png 512w, https:\/\/cdn.rochakhandknit.com\/wp-content\/uploads\/email-300x300.png 300w, https:\/\/cdn.rochakhandknit.com\/wp-content\/uploads\/email-150x150.png 150w, https:\/\/cdn.rochakhandknit.com\/wp-content\/uploads\/email-12x12.png 12w\" sizes=\"(max-width: 512px) 100vw, 512px\" \/><\/figure>\n\n\n\n<p class=\"has-x-large-font-size\"><strong><a href=\"https:\/\/www.google.com\/maps\/place\/Rochak+Handknit+Craft\/@27.7184687,85.3039612,17z\/data=!3m1!4b1!4m5!3m4!1s0x39eb18e4e3fad3fb:0xa9dfe21fb2c59bfb!8m2!3d27.718464!4d85.3061499\" target=\"_blank\" rel=\"noreferrer noopener\">Sie k\u00f6nnen uns eine E-Mail senden <\/a><\/strong><\/p>\n<\/div>\n\n\n\n\n\n<div class=\"wp-block-group is-content-justification-left is-nowrap is-layout-flex wp-container-core-group-is-layout-fc9f69e7 wp-block-group-is-layout-flex\">\n<figure class=\"wp-block-image size-full is-resized\"><img decoding=\"async\" width=\"512\" height=\"512\" src=\"https:\/\/rochakhandknit.com\/wp-content\/uploads\/whatsapp.png\" alt=\"WhatsApp\" class=\"wp-image-4500\" style=\"width:108px;height:auto\" title=\"\" srcset=\"https:\/\/cdn.rochakhandknit.com\/wp-content\/uploads\/whatsapp.png 512w, https:\/\/cdn.rochakhandknit.com\/wp-content\/uploads\/whatsapp-300x300.png 300w, https:\/\/cdn.rochakhandknit.com\/wp-content\/uploads\/whatsapp-150x150.png 150w, https:\/\/cdn.rochakhandknit.com\/wp-content\/uploads\/whatsapp-12x12.png 12w\" sizes=\"(max-width: 512px) 100vw, 512px\" \/><figcaption class=\"wp-element-caption\">WhatsApp<\/figcaption><\/figure>\n\n\n\n<div class=\"wp-block-group has-global-padding is-layout-constrained wp-block-group-is-layout-constrained\">\n<p class=\"has-x-large-font-size\"><strong>Sie k\u00f6nnen uns eine E-Mail senden. Scannen Sie den unten stehenden QR-Code, um uns eine Nachricht auf WhatsApp zu senden <\/strong><\/p>\n\n\n\n<figure class=\"wp-block-image size-full\"><img decoding=\"async\" width=\"444\" height=\"444\" src=\"https:\/\/rochakhandknit.com\/wp-content\/uploads\/Rochak-Handknit-WhatsApp.jpg\" alt=\"Rochak Handknit WhatsApp\" class=\"wp-image-3791\" title=\"\" srcset=\"https:\/\/cdn.rochakhandknit.com\/wp-content\/uploads\/Rochak-Handknit-WhatsApp.jpg 444w, https:\/\/cdn.rochakhandknit.com\/wp-content\/uploads\/Rochak-Handknit-WhatsApp-300x300.jpg 300w, https:\/\/cdn.rochakhandknit.com\/wp-content\/uploads\/Rochak-Handknit-WhatsApp-150x150.jpg 150w, https:\/\/cdn.rochakhandknit.com\/wp-content\/uploads\/Rochak-Handknit-WhatsApp-12x12.jpg 12w\" sizes=\"(max-width: 444px) 100vw, 444px\" \/><\/figure>\n\n\n\n<div class=\"wp-block-buttons is-layout-flex wp-block-buttons-is-layout-flex\">\n<div class=\"wp-block-button\"><a class=\"wp-block-button__link wp-element-button\" href=\"https:\/\/wa.me\/message\/CRDIVEGTJ6CRB1\" target=\"_blank\" rel=\"noreferrer noopener\">Verbinden Sie sich \u00fcber WhatsApp<\/a><\/div>\n<\/div>\n<\/div>\n<\/div>\n\n\n\n\n\n<div class=\"wp-block-group is-content-justification-left is-nowrap is-layout-flex wp-container-core-group-is-layout-fc9f69e7 wp-block-group-is-layout-flex\">\n<figure class=\"wp-block-image size-full is-resized\"><img decoding=\"async\" width=\"512\" height=\"512\" src=\"https:\/\/rochakhandknit.com\/wp-content\/uploads\/online-meeting.png\" alt=\"Online-Treffen\" class=\"wp-image-4502\" style=\"width:108px;height:auto\" title=\"\" srcset=\"https:\/\/cdn.rochakhandknit.com\/wp-content\/uploads\/online-meeting.png 512w, https:\/\/cdn.rochakhandknit.com\/wp-content\/uploads\/online-meeting-300x300.png 300w, https:\/\/cdn.rochakhandknit.com\/wp-content\/uploads\/online-meeting-150x150.png 150w, https:\/\/cdn.rochakhandknit.com\/wp-content\/uploads\/online-meeting-12x12.png 12w\" sizes=\"(max-width: 512px) 100vw, 512px\" \/><figcaption class=\"wp-element-caption\">Online-Treffen<\/figcaption><\/figure>\n\n\n\n<div class=\"wp-block-group has-global-padding is-layout-constrained wp-block-group-is-layout-constrained\">\n<p class=\"has-x-large-font-size\">Nutzen Sie die M\u00f6glichkeiten einer Diskussion, um mit uns ein Microsoft Teams-Meeting zu planen. <br><br>Nehmen Sie an einem lebendigen Videoanruf teil, bei dem wir uns mit Details befassen, Erkenntnisse austauschen und den Geist der Zusammenarbeit f\u00f6rdern k\u00f6nnen. <br><br>Ihr Weg zu einem spannenden Gespr\u00e4ch ist nur einen Fingertipp entfernt!<\/p>\n\n\n\n<div class=\"wp-block-buttons is-layout-flex wp-block-buttons-is-layout-flex\">\n<div class=\"wp-block-button\"><a class=\"wp-block-button__link wp-element-button\" href=\"https:\/\/rochakhandknit.com\/de\/bookings\/\" target=\"_blank\" rel=\"noreferrer noopener\">Buchen Sie ein Treffen mit uns<\/a><\/div>\n<\/div>\n<\/div>\n<\/div>\n<\/div>","protected":false},"excerpt":{"rendered":"<p>Follow us at Instagram Join us at Linkedin Locate us using Google Maps You can send us an Email You can sendScan the QR below to Message on WhatsApp us an Email Unlock the possibilities of a discussion to schedule a Microsoft Teams Meeting with us. Engage in a vibrant video call where we can [&hellip;]<\/p>\n","protected":false},"author":1,"featured_media":0,"parent":0,"menu_order":0,"comment_status":"closed","ping_status":"closed","template":"","meta":{"_acf_changed":false,"inline_featured_image":false,"_lmt_disableupdate":"no","_lmt_disable":"","_kad_blocks_custom_css":"","_kad_blocks_head_custom_js":"","_kad_blocks_body_custom_js":"","_kad_blocks_footer_custom_js":"","iawp_total_views":79,"footnotes":""},"class_list":["post-2592","page","type-page","status-publish","hentry"],"acf":[],"taxonomy_info":[],"featured_image_src_large":false,"author_info":{"display_name":"Rochak Shrestha","author_link":"https:\/\/rochakhandknit.com\/de\/author\/webadmin\/"},"comment_info":0,"_links":{"self":[{"href":"https:\/\/rochakhandknit.com\/de\/wp-json\/wp\/v2\/pages\/2592","targetHints":{"allow":["GET"]}}],"collection":[{"href":"https:\/\/rochakhandknit.com\/de\/wp-json\/wp\/v2\/pages"}],"about":[{"href":"https:\/\/rochakhandknit.com\/de\/wp-json\/wp\/v2\/types\/page"}],"author":[{"embeddable":true,"href":"https:\/\/rochakhandknit.com\/de\/wp-json\/wp\/v2\/users\/1"}],"replies":[{"embeddable":true,"href":"https:\/\/rochakhandknit.com\/de\/wp-json\/wp\/v2\/comments?post=2592"}],"version-history":[{"count":1,"href":"https:\/\/rochakhandknit.com\/de\/wp-json\/wp\/v2\/pages\/2592\/revisions"}],"predecessor-version":[{"id":9624,"href":"https:\/\/rochakhandknit.com\/de\/wp-json\/wp\/v2\/pages\/2592\/revisions\/9624"}],"wp:attachment":[{"href":"https:\/\/rochakhandknit.com\/de\/wp-json\/wp\/v2\/media?parent=2592"}],"curies":[{"name":"wp","href":"https:\/\/api.w.org\/{rel}","templated":true}]}}