{"id":4292,"date":"2024-01-27T15:38:16","date_gmt":"2024-01-27T09:53:16","guid":{"rendered":"https:\/\/rochakhandknit.com\/?page_id=4292"},"modified":"2024-01-27T15:38:27","modified_gmt":"2024-01-27T09:53:27","slug":"pflege-fur-weiche-wolle-wie-mohair-merino-alpaka-kaschmir","status":"publish","type":"page","link":"https:\/\/rochakhandknit.com\/de\/pflege-fur-weiche-wolle-wie-mohair-merino-alpaka-kaschmir\/","title":{"rendered":"Pflege weicher Wolle wie Mohair, Merino, Alpaka, Kaschmir"},"content":{"rendered":"<p>Diese exquisiten Materialien mit ihrer unvergleichlichen Weichheit und isolierenden Eigenschaften erfordern ein gewisses Ma\u00df an Pflege und Wartung. Kleidung und Accessoires aus dieser Premium-Wolle zu kaufen und nicht damit umzugehen, ist eine Verschwendung von Investitionen. Daher ist die Pflege weicher Wolle wie Mohair, Merino, Alpaka und Kaschmir ein Muss, wenn Sie ihre Qualit\u00e4t bewahren m\u00f6chten.<\/p>\n\n\n\n<p>Im Folgenden finden Sie einige Tipps, wie Sie Ihre Kleidung aus Premiumwolle im bestm\u00f6glichen Zustand halten.<\/p>\n\n\n\n<p><strong>Tragen:<\/strong><\/p>\n\n\n\n<ol class=\"wp-block-list\">\n<li><strong>Vermeiden Sie \u00fcberm\u00e4\u00dfigen Verschlei\u00df:<\/strong>\n<ul class=\"wp-block-list\">\n<li>Wechseln Sie bei der Verwendung von Alpaka-Strickwaren, um eine \u00fcberm\u00e4\u00dfige Abnutzung an bestimmten Stellen zu verhindern und die Form beizubehalten.<\/li>\n<\/ul>\n<\/li>\n\n\n\n<li><strong>Kontakt mit rauen Oberfl\u00e4chen minimieren:<\/strong>\n<ul class=\"wp-block-list\">\n<li>Seien Sie vorsichtig bei rauen Oberfl\u00e4chen, die an den empfindlichen Alpakafasern h\u00e4ngen bleiben oder daran ziehen k\u00f6nnen.<\/li>\n<\/ul>\n<\/li>\n\n\n\n<li><strong>Vermeiden Sie Schmuckhaken:<\/strong>\n<ul class=\"wp-block-list\">\n<li>Achten Sie auf Schmuck, der sich an der Strickware verfangen und Sch\u00e4den verursachen oder h\u00e4ngen bleiben k\u00f6nnte.<\/li>\n<\/ul>\n<\/li>\n\n\n\n<li><strong>Vor Aktivit\u00e4ten entfernen:<\/strong>\n<ul class=\"wp-block-list\">\n<li>Ziehen Sie Alpaka-Kleidung aus, bevor Sie Aktivit\u00e4ten ausf\u00fchren, die zu \u00fcberm\u00e4\u00dfigem Schwitzen oder Fleckenbildung f\u00fchren k\u00f6nnen.<\/li>\n<\/ul>\n<\/li>\n<\/ol>\n\n\n\n<p><strong>Reinigung:<\/strong><\/p>\n\n\n\n<p> 5. <strong>Handw\u00e4sche in kaltem Wasser:<\/strong><\/p>\n\n\n\n<ul class=\"wp-block-list\">\n<li>Waschen Sie Alpaka-Strickwaren vorsichtig von Hand in kaltem Wasser mit einem milden Reinigungsmittel, um die Fasern zu schonen.<\/li>\n<\/ul>\n\n\n\n<ol class=\"wp-block-list\" start=\"6\">\n<li><strong>Verwenden Sie ein mildes Reinigungsmittel:<\/strong>\n<ul class=\"wp-block-list\">\n<li>W\u00e4hlen Sie ein Waschmittel, das speziell f\u00fcr empfindliche Stoffe entwickelt wurde, um aggressive Chemikalien zu vermeiden.<\/li>\n<\/ul>\n<\/li>\n\n\n\n<li><strong>Vermeiden Sie Aufregung:<\/strong>\n<ul class=\"wp-block-list\">\n<li>Vermeiden Sie beim Waschen das Reiben oder Auswringen, um Dehnungen oder Verformungen zu vermeiden.<\/li>\n<\/ul>\n<\/li>\n\n\n\n<li><strong>Test auf Farbechtheit:<\/strong>\n<ul class=\"wp-block-list\">\n<li>Testen Sie vor dem Waschen an einer kleinen, unauff\u00e4lligen Stelle die Farbechtheit, um ein Auslaufen der Farbe zu verhindern.<\/li>\n<\/ul>\n<\/li>\n\n\n\n<li><strong>Liegend trocknen:<\/strong>\n<ul class=\"wp-block-list\">\n<li>Trocknen Sie Alpaka-Strickwaren flach auf einem sauberen Handtuch, um ihre Form zu behalten. Vermeiden Sie das Aufh\u00e4ngen, um eine Dehnung zu vermeiden.<\/li>\n<\/ul>\n<\/li>\n\n\n\n<li><strong>Von direkter Sonneneinstrahlung fernhalten:<\/strong>\n<ul class=\"wp-block-list\">\n<li>Trocknen Sie die Strickware an einem schattigen Ort, um ein Ausbleichen und Sch\u00e4den durch direkte Sonneneinstrahlung zu verhindern.<\/li>\n<\/ul>\n<\/li>\n<\/ol>\n\n\n\n<p><strong>Speicherung:<\/strong> <\/p>\n\n\n\n<p>11. <strong>Falten, nicht h\u00e4ngen:<\/strong> \u2013 Lagern Sie Alpaka-Kleidung gefaltet, um ein Ausdehnen zu verhindern, insbesondere bei Kleidungsst\u00fccken wie Pullovern.<\/p>\n\n\n\n<ol class=\"wp-block-list\" start=\"12\">\n<li><strong>Zedernholzkugeln verwenden:<\/strong>\n<ul class=\"wp-block-list\">\n<li>Legen Sie Zedernholzkugeln in den Lagerbereich, um Motten abzuschrecken und vor m\u00f6glichen Sch\u00e4den zu sch\u00fctzen.<\/li>\n<\/ul>\n<\/li>\n\n\n\n<li><strong>K\u00fchle, bel\u00fcftete Lagerung:<\/strong>\n<ul class=\"wp-block-list\">\n<li>Lagern Sie Alpaka-Strickwaren an einem k\u00fchlen, gut bel\u00fcfteten Ort, um Muffigkeit zu vermeiden.<\/li>\n<\/ul>\n<\/li>\n\n\n\n<li><strong>Professionelle Reinigung f\u00fcr die Langzeitlagerung:<\/strong>\n<ul class=\"wp-block-list\">\n<li>Erw\u00e4gen Sie vor der Langzeitlagerung eine professionelle chemische Reinigung, um sicherzustellen, dass die Kleidungsst\u00fccke sauber und frei von Motten sind.<\/li>\n<\/ul>\n<\/li>\n\n\n\n<li>Einige Anmerkungen zu PILLING\n<ul class=\"wp-block-list\">\n<li>Das Auftreten von Pilling, einem nat\u00fcrlichen Ph\u00e4nomen, das bei Textilien aus Naturfasern wie Wolle beobachtet wird, ist kein Hinweis auf mindere Qualit\u00e4t. Pilling kann auf nat\u00fcrliche Weise entstehen, wenn Kleidungsst\u00fccke beim Tragen mit harten Oberfl\u00e4chen in Kontakt kommen. Dar\u00fcber hinaus kann im Laufe der Zeit leichte Reibung zur Bildung von Pilling beitragen. Es ist wichtig zu erkennen, dass dieses Ph\u00e4nomen auf die Beschaffenheit des Stoffes zur\u00fcckzuf\u00fchren ist und nicht auf einen Fehler in der Verarbeitung oder den Materialien des Kleidungsst\u00fccks zur\u00fcckzuf\u00fchren ist.<\/li>\n<\/ul>\n<\/li>\n<\/ol>\n\n\n\n<figure class=\"wp-block-image size-full\"><img decoding=\"async\" width=\"878\" height=\"1017\" src=\"https:\/\/rochakhandknit.com\/wp-content\/uploads\/Pilling-in-Merino-wool-sweater.png\" alt=\"Pilling-Pullover aus Merinowolle\" class=\"wp-image-4404\" style=\"aspect-ratio:9\/16;object-fit:cover\" title=\"\" srcset=\"https:\/\/cdn.rochakhandknit.com\/wp-content\/uploads\/Pilling-in-Merino-wool-sweater.png 878w, https:\/\/cdn.rochakhandknit.com\/wp-content\/uploads\/Pilling-in-Merino-wool-sweater-259x300.png 259w, https:\/\/cdn.rochakhandknit.com\/wp-content\/uploads\/Pilling-in-Merino-wool-sweater-768x890.png 768w, https:\/\/cdn.rochakhandknit.com\/wp-content\/uploads\/Pilling-in-Merino-wool-sweater-10x12.png 10w\" sizes=\"(max-width: 878px) 100vw, 878px\" \/><figcaption class=\"wp-element-caption\">Oben sehen Sie ein Beispiel f\u00fcr \u00fcberm\u00e4\u00dfiges Pilling, das durch raues Tragen verursacht wird.<\/figcaption><\/figure>\n\n\n\n<p>Um die Langlebigkeit und den \u00e4sthetischen Reiz Ihrer Investition in hochwertige Wollstrickwaren wie Mohair, Merino, Alpaka und Kaschmir sicherzustellen, k\u00f6nnen Sie die folgenden empfohlenen Richtlinien zum Tragen, Reinigen und Aufbewahren befolgen. Daher ist es wichtig, der richtigen Pflege geb\u00fchrend Rechnung zu tragen, um die exquisite Qualit\u00e4t handgefertigter Strickwaren aus hochwertigen Wollfasern zu bewahren.<\/p>","protected":false},"excerpt":{"rendered":"<p>These exquisite materials with their unparalleled softness and insulating properties, demand a level of care and maintenance. Purchasing an apparel and accessories with these premium wool and not handling it is a waste of investment. So caring for Soft Wool like Mohair, Merino, Alpaca, Cashmere is a must if you wan to uphold its quality. [&hellip;]<\/p>\n","protected":false},"author":1,"featured_media":0,"parent":0,"menu_order":0,"comment_status":"closed","ping_status":"closed","template":"","meta":{"_acf_changed":false,"inline_featured_image":false,"_lmt_disableupdate":"","_lmt_disable":"","_kad_blocks_custom_css":"","_kad_blocks_head_custom_js":"","_kad_blocks_body_custom_js":"","_kad_blocks_footer_custom_js":"","iawp_total_views":86,"footnotes":""},"class_list":["post-4292","page","type-page","status-publish","hentry"],"acf":[],"taxonomy_info":[],"featured_image_src_large":false,"author_info":{"display_name":"Rochak Shrestha","author_link":"https:\/\/rochakhandknit.com\/de\/author\/webadmin\/"},"comment_info":0,"_links":{"self":[{"href":"https:\/\/rochakhandknit.com\/de\/wp-json\/wp\/v2\/pages\/4292","targetHints":{"allow":["GET"]}}],"collection":[{"href":"https:\/\/rochakhandknit.com\/de\/wp-json\/wp\/v2\/pages"}],"about":[{"href":"https:\/\/rochakhandknit.com\/de\/wp-json\/wp\/v2\/types\/page"}],"author":[{"embeddable":true,"href":"https:\/\/rochakhandknit.com\/de\/wp-json\/wp\/v2\/users\/1"}],"replies":[{"embeddable":true,"href":"https:\/\/rochakhandknit.com\/de\/wp-json\/wp\/v2\/comments?post=4292"}],"version-history":[{"count":0,"href":"https:\/\/rochakhandknit.com\/de\/wp-json\/wp\/v2\/pages\/4292\/revisions"}],"wp:attachment":[{"href":"https:\/\/rochakhandknit.com\/de\/wp-json\/wp\/v2\/media?parent=4292"}],"curies":[{"name":"wp","href":"https:\/\/api.w.org\/{rel}","templated":true}]}}