{"id":4294,"date":"2024-01-27T16:01:40","date_gmt":"2024-01-27T10:16:40","guid":{"rendered":"https:\/\/rochakhandknit.com\/?page_id=4294"},"modified":"2025-06-22T17:05:31","modified_gmt":"2025-06-22T11:20:31","slug":"ernsthafte-zahlung","status":"publish","type":"page","link":"https:\/\/rochakhandknit.com\/de\/ernsthafte-zahlung\/","title":{"rendered":"Ernsthafte Zahlung"},"content":{"rendered":"<p>Die f\u00e4llige Zahlung stellt eine finanzielle Zusage des Kunden dar, die den ernsthaften Willen zum Ausdruck bringt, mit der Gesch\u00e4ftsabwicklung fortzufahren. Es tr\u00e4gt dazu bei, die Risiken zu mindern, die mit der Reservierung von Zeit, Ressourcen oder Produktionskosten f\u00fcr kleine Unternehmen wie unseres verbunden sind. <\/p>\n\n\n\n<h2 class=\"wp-block-heading\">Wie wir dazu kamen, eine Earnest-Zahlung zu beantragen<\/h2>\n\n\n\n<p>Es gibt mehrere F\u00e4lle, in denen Kunden kundenspezifische Muster auf der Grundlage ihrer Entw\u00fcrfe anfordern, und nachdem wir die Waren hergestellt haben, reagiert der Kunde nicht mehr, gibt kein Feedback oder \u00e4u\u00dfert Unzufriedenheit und weigert sich schlie\u00dflich, mit der Zahlung fortzufahren.<\/p>\n\n\n\n<h2 class=\"wp-block-heading\">Unsere aktuellen Richtlinien zur Earnest-Zahlung<\/h2>\n\n\n\n<p>Derzeit verlangen wir eine Anzahlung in H\u00f6he von $100, um die Verpflichtung sicherzustellen. Diese Kaution erleichtert die Beschaffung von Rohmaterialien, die endg\u00fcltige Auswahl von Mustern und Designs, die sorgf\u00e4ltige Handarbeit von Waren und den anschlie\u00dfenden Versand der fertigen Produkte. Bei Unzufriedenheit oder wenn keine Iteration gew\u00fcnscht wird, wird der aus der Mustererstellung verbleibende \u00dcberschussbetrag umgehend an den Kunden zur\u00fcckerstattet.<\/p>\n\n\n\n<h2 class=\"wp-block-heading\">Wie es funktioniert<\/h2>\n\n\n\n<p>Als Anzahlung erhalten wir 100 USD<\/p>\n\n\n\n<p>Ein typisches Beispiel w\u00e4re wie folgt<\/p>\n\n\n\n<p>Mustergeb\u00fchr = 40 USD. <\/p>\n\n\n\n<p>Versand = 40 USD<\/p>\n\n\n\n<p>100 \u2013 40 \u2013 40 = 20. <\/p>\n\n\n\n<p>20 USD werden zur\u00fcckerstattet, wenn Sie sich nicht dazu entschlie\u00dfen, weiter zu arbeiten. Wenn Sie sich entscheiden, weiter zu arbeiten, werden 20 USD zur\u00fcckgestellt und weitere 80 USD werden verlangt, wenn Sie eine weitere Probe anfertigen m\u00fcssen. <\/p>\n\n\n\n<p>Falls die Muster- und Versandkosten mehr als 100 USD betragen, werden wir vor dem Versand einen zus\u00e4tzlichen Betrag anfordern.<\/p>\n\n\n\n<p class=\"kt-adv-heading4294_e75b0e-6c wp-block-kadence-advancedheading\" data-kb-block=\"kb-adv-heading4294_e75b0e-6c\"><\/p>\n\n\n\n<h2 class=\"wp-block-heading\">Musterzuschlag<\/h2>\n\n\n\n<p>Wir ben\u00f6tigen zus\u00e4tzliche Zeit, um aus einem Muster oder Bild ein Muster zu erstellen. M\u00f6glicherweise sind mehrere Anpassungen Ihrerseits erforderlich, sodass mehrere Iterationen erforderlich sind, um das gew\u00fcnschte Ergebnis zu erzielen. <\/p>\n\n\n\n<p class=\"kt-adv-heading4294_cbe28a-f6 wp-block-kadence-advancedheading\" data-kb-block=\"kb-adv-heading4294_cbe28a-f6\"><\/p>\n\n\n\n<p><strong>F\u00fcr Neukunden berechnen wir eine einmalige Mustergeb\u00fchr in H\u00f6he des Produktpreises. Diese Geb\u00fchr gilt nur f\u00fcr das erste Muster. F\u00fcr sp\u00e4tere \u00c4nderungen oder Anpassungen fallen keine zus\u00e4tzlichen Mustergeb\u00fchren an.<\/strong><\/p>\n\n\n\n<p><strong>Zum Beispiel:<\/strong><\/p>\n\n\n\n<p>Wenn die Kosten f\u00fcr das Musterprodukt $40 betragen, betragen die Gesamtkosten f\u00fcr das Muster $40 (Produkt) + $40 (Mustergeb\u00fchr) = $80.<\/p>\n\n\n\n<p>Wenn Sie sp\u00e4ter eine Bestellung aufgeben, betr\u00e4gt der Produktpreis weiterhin $40.<\/p>\n\n\n\n<p class=\"kt-adv-heading4294_3c2d95-c0 wp-block-kadence-advancedheading\" data-kb-block=\"kb-adv-heading4294_3c2d95-c0\"><\/p>","protected":false},"excerpt":{"rendered":"<p>The earnest payment serves as a financial commitment from the customer, indicating serious intent to proceed with the business transaction. It helps mitigate the risks associated with reservations of time, resources, or production costs for the small business like ours. How we came to request Earnest payment We encounter several instances where customers request custom [&hellip;]<\/p>\n","protected":false},"author":1,"featured_media":0,"parent":0,"menu_order":0,"comment_status":"closed","ping_status":"closed","template":"","meta":{"_acf_changed":false,"inline_featured_image":false,"_lmt_disableupdate":"","_lmt_disable":"","_kad_blocks_custom_css":"","_kad_blocks_head_custom_js":"","_kad_blocks_body_custom_js":"","_kad_blocks_footer_custom_js":"","iawp_total_views":8,"footnotes":""},"class_list":["post-4294","page","type-page","status-publish","hentry"],"acf":[],"taxonomy_info":[],"featured_image_src_large":false,"author_info":{"display_name":"Rochak Shrestha","author_link":"https:\/\/rochakhandknit.com\/de\/author\/webadmin\/"},"comment_info":0,"_links":{"self":[{"href":"https:\/\/rochakhandknit.com\/de\/wp-json\/wp\/v2\/pages\/4294","targetHints":{"allow":["GET"]}}],"collection":[{"href":"https:\/\/rochakhandknit.com\/de\/wp-json\/wp\/v2\/pages"}],"about":[{"href":"https:\/\/rochakhandknit.com\/de\/wp-json\/wp\/v2\/types\/page"}],"author":[{"embeddable":true,"href":"https:\/\/rochakhandknit.com\/de\/wp-json\/wp\/v2\/users\/1"}],"replies":[{"embeddable":true,"href":"https:\/\/rochakhandknit.com\/de\/wp-json\/wp\/v2\/comments?post=4294"}],"version-history":[{"count":0,"href":"https:\/\/rochakhandknit.com\/de\/wp-json\/wp\/v2\/pages\/4294\/revisions"}],"wp:attachment":[{"href":"https:\/\/rochakhandknit.com\/de\/wp-json\/wp\/v2\/media?parent=4294"}],"curies":[{"name":"wp","href":"https:\/\/api.w.org\/{rel}","templated":true}]}}