{"id":114,"date":"2017-07-22T17:09:26","date_gmt":"2017-07-22T17:09:26","guid":{"rendered":"https:\/\/rochakhandknit.com\/?page_id=114"},"modified":"2025-12-03T08:36:43","modified_gmt":"2025-12-03T02:51:43","slug":"ota-meihin-yhteytta","status":"publish","type":"page","link":"https:\/\/rochakhandknit.com\/fi\/ota-meihin-yhteytta\/","title":{"rendered":"Ota meihin yhteytt\u00e4"},"content":{"rendered":"<div class=\"kb-row-layout-wrap kb-row-layout-id114_95db3a-e0 alignnone wp-block-kadence-rowlayout\"><div class=\"kt-row-column-wrap kt-has-1-columns kt-row-layout-equal kt-tab-layout-inherit kt-mobile-layout-row kt-row-valign-top\">\n\n<div class=\"wp-block-kadence-column kadence-column114_b5a689-64\"><div class=\"kt-inside-inner-col\">\n<p class=\"kt-adv-heading114_1f37c7-c4 wp-block-kadence-advancedheading has-custom-color-5-color has-text-color\" data-kb-block=\"kb-adv-heading114_1f37c7-c4\"><strong>L\u00f6yd\u00e4t meid\u00e4t seuraavasta kartasta.<\/strong><\/p>\n\n\n<a class=\"kb-advanced-heading-link kt-adv-heading-link114_7624ba-78\" href=\"https:\/\/rochakhandknit.com\/fi\/maps\/\" target=\"_blank\" rel=\"noreferrer noopener\"><p class=\"kt-adv-heading114_7624ba-78 wp-block-kadence-advancedheading kt-adv-heading-has-icon has-custom-color-2-color has-text-color\" data-kb-block=\"kb-adv-heading114_7624ba-78\"><span class=\"kb-adv-text-inner\">Nopeat ohjeet l\u00f6ytyv\u00e4t napsauttamalla t\u00e4st\u00e4<\/span><span class=\"kb-svg-icon-wrap kb-adv-heading-icon kb-svg-icon-fe_arrowUpRight kb-adv-heading-icon-side-right\"><svg viewbox=\"0 0 24 24\"  fill=\"none\" stroke=\"currentColor\" stroke-width=\"2\" stroke-linecap=\"round\" stroke-linejoin=\"round\" xmlns=\"http:\/\/www.w3.org\/2000\/svg\"  aria-hidden=\"true\"><line x1=\"7\" y1=\"17\" x2=\"17\" y2=\"7\"\/><polyline points=\"7 7 17 7 17 17\"\/><\/svg><\/span><\/p><\/a><\/div><\/div>\n\n<\/div><\/div>\n\n<div class=\"kb-row-layout-wrap kb-row-layout-id114_134f86-d2 alignfull wp-block-kadence-rowlayout\"><div class=\"kt-row-column-wrap kt-has-1-columns kt-row-layout-equal kt-tab-layout-inherit kt-mobile-layout-row kt-row-valign-top\">\n\n<div class=\"wp-block-kadence-column kadence-column114_b8d1ee-cc\"><div class=\"kt-inside-inner-col\"><div class=\"kb-google-maps-container kb-google-maps-container114_c8bee8-63  wp-block-kadence-googlemaps\" data-mapid=\"114_c8bee863\"><iframe width=\"100%\" height=\"100%\"\n\t\t\t\t\t\t\tstyle=\"border:0\" loading=\"lazy\"\n\t\t\t\t\t\t\tsrc=\"https:\/\/www.google.com\/maps\/embed\/v1\/place?key=AIzaSyAWnLpKgaCyAQxDlIhAKItNE6ACmVpw6sc&#038;zoom=18&#038;maptype=roadmap&#038;q=rochak+handknit\"\n\t\t\t\t\t\t\ttitle=\"Google-kartta rochak-k\u00e4sineulosta\"><\/iframe><\/div><script>function kb_google_map114_c8bee863() { let center = { lat: 37.8201, lng: -122.4781}; let map = new google.maps.Map(document.getElementById(\"kb-google-map114_c8bee863\"), {\n\t\t\t\t\t    zoom: 18,\n\t\t\t\t\t    center: center,});let marker = new google.maps.Marker({   position: { lat: 37.8201, lng: -122.4781},    map: map,  });}<\/script><\/div><\/div>\n\n<\/div><\/div>\n\n<div class=\"kb-row-layout-wrap kb-row-layout-id114_6fe381-48 alignnone wp-block-kadence-rowlayout\"><div class=\"kt-row-column-wrap kt-has-2-columns kt-row-layout-equal kt-tab-layout-inherit kt-mobile-layout-row kt-row-valign-top\">\n\n<div class=\"wp-block-kadence-column kadence-column114_80d745-c9\"><div class=\"kt-inside-inner-col\">\n<p class=\"kt-adv-heading114_a50761-2c wp-block-kadence-advancedheading has-custom-color-2-color has-text-color\" data-kb-block=\"kb-adv-heading114_a50761-2c\"><strong>Ota yhteytt\u00e4 <\/strong><br><\/p>\n\n\n\n<p class=\"kt-adv-heading114_a474f4-f7_0 wp-block-kadence-advancedheading\" data-kb-block=\"kb-adv-heading114_a474f4-f7_0\">Rochak Handknit Craft Oy<\/p>\n\n\n\n<p class=\"kt-adv-heading114_d700af-fc wp-block-kadence-advancedheading\" data-kb-block=\"kb-adv-heading114_d700af-fc\">PL: 10005<br>63\/48 Pahikwa marg, Nayabazar, Kathmandu-16, Nepal.<\/p>\n\n\n<p class=\"kt-adv-heading114_55388e-15 wp-block-kadence-advancedheading kt-adv-heading-has-icon\" data-kb-block=\"kb-adv-heading114_55388e-15\"><span class=\"kb-adv-text-inner\"><br>Puh:<br><a href=\"tel:+9779841092853\">977-9841092853<\/a><\/span><span class=\"kb-svg-icon-wrap kb-adv-heading-icon kb-svg-icon-fe_arrowUpRight kb-adv-heading-icon-side-right\"><svg viewbox=\"0 0 24 24\"  fill=\"none\" stroke=\"currentColor\" stroke-width=\"2\" stroke-linecap=\"round\" stroke-linejoin=\"round\" xmlns=\"http:\/\/www.w3.org\/2000\/svg\"  aria-hidden=\"true\"><line x1=\"7\" y1=\"17\" x2=\"17\" y2=\"7\"\/><polyline points=\"7 7 17 7 17 17\"\/><\/svg><\/span><\/p>\n\n<p class=\"kt-adv-heading114_e5889b-46 wp-block-kadence-advancedheading kt-adv-heading-has-icon\" data-kb-block=\"kb-adv-heading114_e5889b-46\"><span class=\"kb-adv-text-inner\">S\u00e4hk\u00f6posti:<br><a href=\"mailto:info@rochakhandknit.com\">info@RochakHandknit.com<\/a><\/span><span class=\"kb-svg-icon-wrap kb-adv-heading-icon kb-svg-icon-fe_arrowUpRight kb-adv-heading-icon-side-right\"><svg viewbox=\"0 0 24 24\"  fill=\"none\" stroke=\"currentColor\" stroke-width=\"2\" stroke-linecap=\"round\" stroke-linejoin=\"round\" xmlns=\"http:\/\/www.w3.org\/2000\/svg\"  aria-hidden=\"true\"><line x1=\"7\" y1=\"17\" x2=\"17\" y2=\"7\"\/><polyline points=\"7 7 17 7 17 17\"\/><\/svg><\/span><\/p>\n\n<p class=\"kt-adv-heading114_bca935-4c wp-block-kadence-advancedheading kt-adv-heading-has-icon\" data-kb-block=\"kb-adv-heading114_bca935-4c\"><span class=\"kb-adv-text-inner\">Verkkosivusto:<br><a href=\"https:\/\/rochakhandknit.com\/fi\/\" target=\"_blank\" rel=\"noreferrer noopener\">rochakHandknit.com<\/a><\/span><span class=\"kb-svg-icon-wrap kb-adv-heading-icon kb-svg-icon-fe_arrowUpRight kb-adv-heading-icon-side-right\"><svg viewbox=\"0 0 24 24\"  fill=\"none\" stroke=\"currentColor\" stroke-width=\"2\" stroke-linecap=\"round\" stroke-linejoin=\"round\" xmlns=\"http:\/\/www.w3.org\/2000\/svg\"  aria-hidden=\"true\"><line x1=\"7\" y1=\"17\" x2=\"17\" y2=\"7\"\/><polyline points=\"7 7 17 7 17 17\"\/><\/svg><\/span><\/p>\n\n<p class=\"kt-adv-heading114_d69c3b-a2 wp-block-kadence-advancedheading kt-adv-heading-has-icon\" data-kb-block=\"kb-adv-heading114_d69c3b-a2\"><span class=\"kb-adv-text-inner\">Kytke\u00e4:<br><a href=\"https:\/\/rochakhandknit.com\/fi\/kytkea\/\" data-type=\"page\" data-id=\"2592\">Ota yhteytt\u00e4 meihin<\/a><\/span><span class=\"kb-svg-icon-wrap kb-adv-heading-icon kb-svg-icon-fe_arrowUpRight kb-adv-heading-icon-side-right\"><svg viewbox=\"0 0 24 24\"  fill=\"none\" stroke=\"currentColor\" stroke-width=\"2\" stroke-linecap=\"round\" stroke-linejoin=\"round\" xmlns=\"http:\/\/www.w3.org\/2000\/svg\"  aria-hidden=\"true\"><line x1=\"7\" y1=\"17\" x2=\"17\" y2=\"7\"\/><polyline points=\"7 7 17 7 17 17\"\/><\/svg><\/span><\/p>\n\n\n<p class=\"kt-adv-heading114_a7c7e2-66 wp-block-kadence-advancedheading\" data-kb-block=\"kb-adv-heading114_a7c7e2-66\"><strong>Vierailu vain ajanvarauksella.<\/strong><\/p>\n<\/div><\/div>\n\n\n\n<div class=\"wp-block-kadence-column kadence-column114_0bd146-07\"><div class=\"kt-inside-inner-col\"><div class='fluentform ff-default fluentform_wrapper_4  ff_guten_block ff_guten_block-4 ffs_default_wrap'><form data-form_id=\"4\" id=\"fluentform_4\" class=\"frm-fluent-form fluent_form_4 ff-el-form-top ff_form_instance_4_1 ff-form-loading ff_has_v3_recptcha ffs_default\" data-form_instance=\"ff_form_instance_4_1\" method=\"POST\" data-recptcha_key=\"6Lf8IMcZAAAAAFEBb-nrMqqcPniqYhWS7fcJmz7F\" action=\"\" ><fieldset  style=\"border: none!important;margin: 0!important;padding: 0!important;background-color: transparent!important;box-shadow: none!important;outline: none!important; min-inline-size: 100%;\">\n                    <legend class=\"ff_screen_reader_title\" style=\"display: block; margin: 0!important;padding: 0!important;height: 0!important;text-indent: -999999px;width: 0!important;overflow:hidden;\">Yhteydenottolomake<\/legend>        <div\n                style=\"display: none!important; position: absolute!important; transform: translateX(1000%)!important;\"\n                class=\"ff-el-group ff-hpsf-container\"\n        >\n            <div class=\"ff-el-input--label asterisk-right\">\n                <label for=\"ff_4_item_sf\" aria-label=\"Ilmoittaa\">\n                    Ilmoittaa                <\/label>\n            <\/div>\n            <div class=\"ff-el-input--content\">\n                <input type=\"text\"\n                       name=\"item_4__fluent_sf\"\n                       class=\"ff-el-form-control\"\n                       id=\"ff_4_item_sf\"\n                \/>\n            <\/div>\n        <\/div>\n        <input type='hidden' name='__fluent_form_embded_post_id' value='114' \/><input type=\"hidden\" id=\"_fluentform_4_fluentformnonce\" name=\"_fluentform_4_fluentformnonce\" value=\"1a2df903d7\" \/><input type=\"hidden\" name=\"_wp_http_referer\" value=\"\/fi\/wp-json\/wp\/v2\/pages\/114\" \/><div class='ff-el-group ff-el-form-top'><div class=\"ff-el-input--label ff-el-is-required asterisk-right\"><label for='ff_4_name_1' id='label_ff_4_name_1' >Nimi<\/label><\/div><div class='ff-el-input--content'><input type=\"text\" name=\"name_1\" class=\"ff-el-form-control gf_left_half\" id=\"ff_4_name_1\" placeholder=\"Kirjoita nimesi\" data-name=\"name_1\" tabindex=\"1\"  aria-invalid=\"false\" aria-required=\"true\"><\/div><\/div><div class='ff-el-group ff-el-form-top'><div class=\"ff-el-input--label ff-el-is-required asterisk-right\"><label for='ff_4_email_2' id='label_ff_4_email_2' aria-label=\"S\u00e4hk\u00f6posti\">S\u00e4hk\u00f6posti<\/label><\/div><div class='ff-el-input--content'><input type=\"email\" name=\"email_2\" class=\"ff-el-form-control gf_right_half\" id=\"ff_4_email_2\" placeholder=\"Anna kelvollinen e@il-osoite.\" data-name=\"email_2\" tabindex=\"2\"  aria-invalid=\"false\" aria-required=\"true\"><\/div><\/div><div class='ff-el-group ff-el-form-top'><div class=\"ff-el-input--label asterisk-right\"><label for='ff_4_details_3' id='label_ff_4_details_3' aria-label=\"Yksityiskohdat\">Yksityiskohdat<\/label><\/div><div class='ff-el-input--content'><textarea aria-required=\"false\" aria-labelledby=\"label_ff_4_details_3\" name=\"details_3\" class=\"ff-el-form-control\" id=\"ff_4_details_3\" placeholder=\"Kirjoita viestisi t\u00e4h\u00e4n.\" cols=\"2\" data-name=\"details_3\" tabindex=\"3\" ><\/textarea><\/div><\/div><div class='ff-el-group ff-text-left ff_submit_btn_wrapper'><button type=\"submit\" class=\"ff-btn ff-btn-submit ff-btn-md ff_btn_style\" tabindex=\"4\"  aria-label=\"L\u00e4het\u00e4\">L\u00e4het\u00e4<\/button><\/div><\/fieldset><input type=\"hidden\" name=\"trp-form-language\" value=\"fi\"\/><\/form><div id='fluentform_4_errors' class='ff-errors-in-stack ff_form_instance_4_1 ff-form-loading_errors ff_form_instance_4_1_errors'><\/div><\/div>            <script type=\"text\/javascript\">\n                window.fluent_form_ff_form_instance_4_1 = {\"id\":\"4\",\"settings\":{\"layout\":{\"labelPlacement\":\"top\",\"helpMessagePlacement\":\"with_label\",\"errorMessagePlacement\":\"inline\"},\"restrictions\":{\"denyEmptySubmission\":{\"enabled\":false}}},\"form_instance\":\"ff_form_instance_4_1\",\"form_id_selector\":\"fluentform_4\",\"rules\":{\"name_1\":{\"required\":{\"value\":true,\"message\":\"This field is required\"}},\"email_2\":{\"required\":{\"value\":true,\"message\":\"This field is required\"},\"email\":{\"value\":1,\"message\":\"This field must contain a valid email\"}},\"details_3\":{\"required\":{\"value\":false,\"message\":\"This field is required\"}}},\"debounce_time\":300};\n                            <\/script>\n            \n\n\n<p class=\"kt-adv-heading114_63ecd9-8b wp-block-kadence-advancedheading has-custom-color-2-color has-text-color has-custom-color-6-background-color has-background\" data-kb-block=\"kb-adv-heading114_63ecd9-8b\">S\u00e4hk\u00f6posteihin vastataan yhden arkip\u00e4iv\u00e4n kuluessa. Tarkista roskapostikansiosi silt\u00e4 varalta, ettet ole saanut s\u00e4hk\u00f6postia INBOX-kansioon.<br><\/p>\n\n\n\n<p class=\"kt-adv-heading114_7e1358-e8 wp-block-kadence-advancedheading has-custom-color-7-color has-text-color has-custom-color-5-background-color has-background\" data-kb-block=\"kb-adv-heading114_7e1358-e8\">Huomaa, ett\u00e4 kun olet l\u00e4hett\u00e4nyt s\u00e4hk\u00f6postin, saat vahvistuss\u00e4hk\u00f6postin, joka sinun on vahvistettava, jotta j\u00e4rjestelm\u00e4 l\u00e4hett\u00e4\u00e4 sen meille.<\/p>\n<\/div><\/div>\n\n<\/div><\/div>","protected":false},"excerpt":{"rendered":"<p>You can locate us at following map. For quick direction click here Contact Rochak Handknit Craft Pvt Ltd P.O.Box: 1000563\/48 Pahikwa marg, Nayabazar, Kathmandu-16, Nepal. Tel:977-9841092853 Email:info@RochakHandknit.com Website:rochakHandknit.com Connect:Connect with us Visiting via Appointments only. Emails will be replied within one working day. Please check your spam folder in case you did not receive the [&hellip;]<\/p>\n","protected":false},"author":1,"featured_media":0,"parent":0,"menu_order":0,"comment_status":"closed","ping_status":"closed","template":"","meta":{"_acf_changed":false,"inline_featured_image":false,"_lmt_disableupdate":"no","_lmt_disable":"","_kad_blocks_custom_css":"","_kad_blocks_head_custom_js":"","_kad_blocks_body_custom_js":"","_kad_blocks_footer_custom_js":"","iawp_total_views":277,"footnotes":""},"class_list":["post-114","page","type-page","status-publish","hentry"],"acf":[],"taxonomy_info":[],"featured_image_src_large":false,"author_info":{"display_name":"Rochak Shrestha","author_link":"https:\/\/rochakhandknit.com\/fi\/author\/webadmin\/"},"comment_info":0,"_links":{"self":[{"href":"https:\/\/rochakhandknit.com\/fi\/wp-json\/wp\/v2\/pages\/114","targetHints":{"allow":["GET"]}}],"collection":[{"href":"https:\/\/rochakhandknit.com\/fi\/wp-json\/wp\/v2\/pages"}],"about":[{"href":"https:\/\/rochakhandknit.com\/fi\/wp-json\/wp\/v2\/types\/page"}],"author":[{"embeddable":true,"href":"https:\/\/rochakhandknit.com\/fi\/wp-json\/wp\/v2\/users\/1"}],"replies":[{"embeddable":true,"href":"https:\/\/rochakhandknit.com\/fi\/wp-json\/wp\/v2\/comments?post=114"}],"version-history":[{"count":1,"href":"https:\/\/rochakhandknit.com\/fi\/wp-json\/wp\/v2\/pages\/114\/revisions"}],"predecessor-version":[{"id":9564,"href":"https:\/\/rochakhandknit.com\/fi\/wp-json\/wp\/v2\/pages\/114\/revisions\/9564"}],"wp:attachment":[{"href":"https:\/\/rochakhandknit.com\/fi\/wp-json\/wp\/v2\/media?parent=114"}],"curies":[{"name":"wp","href":"https:\/\/api.w.org\/{rel}","templated":true}]}}