{"id":1361,"date":"2019-02-17T14:47:59","date_gmt":"2019-02-17T09:02:59","guid":{"rendered":"https:\/\/rochakhandknit.com\/?page_id=1361"},"modified":"2023-09-29T17:25:38","modified_gmt":"2023-09-29T11:40:38","slug":"vierailijoiden-sivustokartta","status":"publish","type":"page","link":"https:\/\/rochakhandknit.com\/fi\/vierailijoiden-sivustokartta\/","title":{"rendered":"Sivustokartta vierailijoille"},"content":{"rendered":"<h2 class=\"wp-block-heading\">\n\t\tVerkkosivustomme on suunniteltu selke\u00e4ll\u00e4 sivu- ja viestihierarkialla, mik\u00e4 tekee k\u00e4ytt\u00e4jien navigoimisesta helppoa. \n\t<\/h2>\n\n\n\n<p>Lis\u00e4ksi olemme lis\u00e4nneet kattavan luettelon kaikista verkkosivuillamme olevista linkeist\u00e4, jotta jokaiselle sivulle p\u00e4\u00e4see helposti.<\/p>\n\n\n\n<p>Jos tarvitset lis\u00e4tietoja, \u00e4l\u00e4 ep\u00e4r\u00f6i ottaa meihin yhteytt\u00e4 yhteydenottolomakkeemme kautta.<\/p>\n\n\n\n<h3 class=\"wp-block-heading\">Sivustokartta<\/h3>\n\n\n\n<ul class=\"wp-block-list\">\n<li><a href=\"https:\/\/rochakhandknit.com\/fi\/\">Luotettu k\u00e4sintehtyjen neuleiden valmistaja Nepalissa<\/a><\/li>\n\n\n\n<li><a href=\"https:\/\/rochakhandknit.com\/fi\/meidan-toitamme\/\">Meid\u00e4n ty\u00f6mme<\/a>\n<ul class=\"wp-block-list\">\n<li><a href=\"https:\/\/rochakhandknit.com\/fi\/meidan-toitamme\/kasineuleiden-valmistaja\/\">K\u00e4sintehtyjen neuleiden valmistaja<\/a><\/li>\n<\/ul>\n<\/li>\n\n\n\n<li><a href=\"https:\/\/rochakhandknit.com\/fi\/meista\/\">Tietoja Rochak Hand Knit Craftista<\/a>\n<ul class=\"wp-block-list\">\n<li><a href=\"https:\/\/rochakhandknit.com\/fi\/meista\/panos-yhteiskunnalle\/\">Panos yhteiskuntaan<\/a><\/li>\n<\/ul>\n<\/li>\n\n\n\n<li><a href=\"https:\/\/rochakhandknit.com\/fi\/blogi\/\">Blogi<\/a><\/li>\n\n\n\n<li><a href=\"https:\/\/rochakhandknit.com\/fi\/ota-meihin-yhteytta\/\">Ota meihin yhteytt\u00e4<\/a><\/li>\n\n\n\n<li><a href=\"https:\/\/rochakhandknit.com\/fi\/valmistus-ukk\/\">Valmistuksen UKK<\/a><\/li>\n\n\n\n<li><a href=\"https:\/\/rochakhandknit.com\/fi\/vierailijoiden-sivustokartta\/\">Sivustokartta vierailijoille<\/a><\/li>\n\n\n\n<li><a href=\"https:\/\/rochakhandknit.com\/fi\/tietosuojakaytanto\/\">Tietosuojak\u00e4yt\u00e4nt\u00f6<\/a><\/li>\n\n\n\n<li><a href=\"https:\/\/rochakhandknit.com\/fi\/yarns-we-use\/\">K\u00e4ytt\u00e4m\u00e4mme langat<\/a><\/li>\n\n\n\n<li><a href=\"https:\/\/rochakhandknit.com\/fi\/kytkea\/\">Ota yhteytt\u00e4 meihin<\/a><\/li>\n\n\n\n<li><a href=\"https:\/\/rochakhandknit.com\/fi\/monipuolinen-valikoima-kasintehtyja-neuletuotteita\/\">Tutustu monipuoliseen k\u00e4sintehtyjen neuletuotteiden valikoimaan<\/a><\/li>\n<\/ul>","protected":false},"excerpt":{"rendered":"<p>Our website is designed with a clear hierarchy of pages and posts, making it easy for users to navigate. Additionally, we have included a comprehensive list of all the links on our website to provide easy access to each page. If you require any further information, please do not hesitate to contact us through our [&hellip;]<\/p>\n","protected":false},"author":1,"featured_media":0,"parent":0,"menu_order":0,"comment_status":"closed","ping_status":"closed","template":"","meta":{"_acf_changed":false,"inline_featured_image":false,"_lmt_disableupdate":"","_lmt_disable":"","_kad_blocks_custom_css":"","_kad_blocks_head_custom_js":"","_kad_blocks_body_custom_js":"","_kad_blocks_footer_custom_js":"","iawp_total_views":17,"footnotes":""},"class_list":["post-1361","page","type-page","status-publish","hentry"],"acf":[],"taxonomy_info":[],"featured_image_src_large":false,"author_info":{"display_name":"Rochak Shrestha","author_link":"https:\/\/rochakhandknit.com\/fi\/author\/webadmin\/"},"comment_info":0,"_links":{"self":[{"href":"https:\/\/rochakhandknit.com\/fi\/wp-json\/wp\/v2\/pages\/1361","targetHints":{"allow":["GET"]}}],"collection":[{"href":"https:\/\/rochakhandknit.com\/fi\/wp-json\/wp\/v2\/pages"}],"about":[{"href":"https:\/\/rochakhandknit.com\/fi\/wp-json\/wp\/v2\/types\/page"}],"author":[{"embeddable":true,"href":"https:\/\/rochakhandknit.com\/fi\/wp-json\/wp\/v2\/users\/1"}],"replies":[{"embeddable":true,"href":"https:\/\/rochakhandknit.com\/fi\/wp-json\/wp\/v2\/comments?post=1361"}],"version-history":[{"count":0,"href":"https:\/\/rochakhandknit.com\/fi\/wp-json\/wp\/v2\/pages\/1361\/revisions"}],"wp:attachment":[{"href":"https:\/\/rochakhandknit.com\/fi\/wp-json\/wp\/v2\/media?parent=1361"}],"curies":[{"name":"wp","href":"https:\/\/api.w.org\/{rel}","templated":true}]}}