{"id":158,"date":"2017-07-24T18:44:00","date_gmt":"2017-07-24T18:44:00","guid":{"rendered":"https:\/\/rochakhandknit.com\/?page_id=158"},"modified":"2025-12-09T11:01:16","modified_gmt":"2025-12-09T05:16:16","slug":"kasineuleiden-valmistaja","status":"publish","type":"page","link":"https:\/\/rochakhandknit.com\/fi\/meidan-toitamme\/kasineuleiden-valmistaja\/","title":{"rendered":"K\u00e4sintehtyjen neuleiden valmistaja"},"content":{"rendered":"<div class=\"wp-block-media-text alignwide is-stacked-on-mobile\"><figure class=\"wp-block-media-text__media\"><img decoding=\"async\" src=\"https:\/\/rochakhandknit.com\/wp-content\/uploads\/day-to-day-Working-at-Rochak-Handknit-Craft-1024x768.jpg\" alt=\"Rochak Handknitin naiset ty\u00f6skentelev\u00e4t yhdess\u00e4\" class=\"wp-image-1094 size-full\" title=\"\"><\/figure><div class=\"wp-block-media-text__content\">\n<p>Me Rochak Handknitill\u00e4 olemme ylpeit\u00e4 saadessamme olla osa Nepalin rikasta k\u00e4sineuleperinnett\u00e4. Meill\u00e4 on 25 vuoden kokemus alalta, ja meill\u00e4 on kunnia jatkaa ty\u00f6t\u00e4mme ja pit\u00e4\u00e4 perint\u00f6 elossa.<\/p>\n\n\n\n<p>Tiimimme koostuu pienist\u00e4 ryhmist\u00e4 paikallisyhteis\u00f6jemme naisia, enimm\u00e4kseen koti\u00e4idi\u00e4, jotka k\u00e4ytt\u00e4v\u00e4t aikaa k\u00e4sin neulomiseen p\u00e4ivitt\u00e4isten t\u00f6iden ohessa. Uskomme oikeudenmukaisiin, eettisiin ja vastuullisiin tuotantotapoihin ja varmistamme, ett\u00e4 kaikki tuotteemme ovat vapaita lapsity\u00f6voimasta ja ett\u00e4 ne on valmistettu terveellisess\u00e4 ty\u00f6ymp\u00e4rist\u00f6ss\u00e4 ty\u00f6ntekij\u00f6illemme reilulla palkalla.<\/p>\n<\/div><\/div>\n\n\n\n<div class=\"wp-block-group alignwide is-vertical is-layout-flex wp-container-core-group-is-layout-fe9cc265 wp-block-group-is-layout-flex\">\n<p>Olemme sitoutuneet k\u00e4ytt\u00e4m\u00e4\u00e4n korkealaatuisia materiaaleja ja hankkimaan paikallisesti tuotettuja lankoja ja erikoislankoja esimerkiksi Uudesta-Seelannista, Australiasta ja Etel\u00e4-Afrikasta, mukaan lukien Mohair ja Cashmere.<\/p>\n\n\n\n<p>Jos jaat intohimomme k\u00e4sintehtyihin tuotteisiin ja arvostat k\u00e4sin neulottujen tuotteiden arvoa, otamme mielell\u00e4mme yhteytt\u00e4 sinuun. Haluamme tavata uusia ihmisi\u00e4, jotka jakavat rakkautemme k\u00e4sin neulomiseen, ja olemme t\u00e4\u00e4ll\u00e4 auttamassa sinua toteuttamaan visiosi. Ota yhteytt\u00e4 jo t\u00e4n\u00e4\u00e4n saadaksesi lis\u00e4tietoja k\u00e4sintehtyjen neuleiden valmistajan palveluistamme.<\/p>\n\n\n\n<h2 class=\"kt-adv-heading158_7db9b0-a7 wp-block-kadence-advancedheading\" data-kb-block=\"kb-adv-heading158_7db9b0-a7\"><\/h2>\n<\/div>\n\n\n\n\n\n<div class=\"wp-block-media-text alignwide is-stacked-on-mobile has-kb-palette-1-background-color has-background\" style=\"padding-top:var(--wp--preset--spacing--x-large);padding-bottom:var(--wp--preset--spacing--x-large)\"><figure class=\"wp-block-media-text__media\"><img decoding=\"async\" src=\"https:\/\/rochakhandknit.com\/wp-content\/uploads\/Different-color-of-Merino-Knitwear-Manufacturing-Rochak-Handknit-1024x536.jpg\" alt=\"Merino Knitwear Manufacturingin eri v\u00e4ri - Rochak Handknit\" class=\"wp-image-2970 size-full\" title=\"\"><\/figure><div class=\"wp-block-media-text__content\"><h2 class=\"kt-adv-heading158_cf197c-50 wp-block-kadence-advancedheading kt-adv-heading-has-icon\" data-kb-block=\"kb-adv-heading158_cf197c-50\"><span class=\"kb-adv-text-inner\"><a href=\"https:\/\/rochakhandknit.com\/fi\/langat-kasineuloksen-valmistuksessa\/\" target=\"_blank\" rel=\"noreferrer noopener\">Lue lis\u00e4\u00e4 k\u00e4ytt\u00e4mist\u00e4mme langoista<\/a><\/span><span class=\"kb-svg-icon-wrap kb-adv-heading-icon kb-svg-icon-fe_arrowUpRight kb-adv-heading-icon-side-right\"><svg viewbox=\"0 0 24 24\"  fill=\"none\" stroke=\"currentColor\" stroke-width=\"2\" stroke-linecap=\"round\" stroke-linejoin=\"round\" xmlns=\"http:\/\/www.w3.org\/2000\/svg\"  aria-hidden=\"true\"><line x1=\"7\" y1=\"17\" x2=\"17\" y2=\"7\"\/><polyline points=\"7 7 17 7 17 17\"\/><\/svg><\/span><\/h2>\n\n\n<p>Luomme ainutlaatuisen ja pehme\u00e4n tuotteen k\u00e4ytt\u00e4m\u00e4ll\u00e4 merinoa, mohairia, puuvillaa ja niiden sekoituksia.<\/p>\n<\/div><\/div>\n\n\n\n<div class=\"wp-block-media-text alignwide has-media-on-the-right is-stacked-on-mobile\" style=\"padding-top:var(--wp--preset--spacing--x-large);padding-bottom:var(--wp--preset--spacing--x-large)\"><div class=\"wp-block-media-text__content\"><h2 class=\"kt-adv-heading158_6ed888-a1 wp-block-kadence-advancedheading kt-adv-heading-has-icon\" data-kb-block=\"kb-adv-heading158_6ed888-a1\"><span class=\"kb-adv-text-inner\"><a href=\"https:\/\/rochakhandknit.com\/fi\/explore-the-versatile-range-of-handmade-knitwear-products\/\">Saat lis\u00e4tietoja valmistamistamme tuotteista<\/a><\/span><span class=\"kb-svg-icon-wrap kb-adv-heading-icon kb-svg-icon-fe_arrowUpRight kb-adv-heading-icon-side-right\"><svg viewbox=\"0 0 24 24\"  fill=\"none\" stroke=\"currentColor\" stroke-width=\"2\" stroke-linecap=\"round\" stroke-linejoin=\"round\" xmlns=\"http:\/\/www.w3.org\/2000\/svg\"  aria-hidden=\"true\"><line x1=\"7\" y1=\"17\" x2=\"17\" y2=\"7\"\/><polyline points=\"7 7 17 7 17 17\"\/><\/svg><\/span><\/h2>\n\n\n<p class=\"has-text-align-left\">Luomme ainutlaatuisia ja kauniita k\u00e4sinneulottuja tuotteita, kuten hattuja, k\u00e4sineit\u00e4 ja muita asusteita.<\/p>\n<\/div><figure class=\"wp-block-media-text__media\"><img decoding=\"async\" width=\"1024\" height=\"819\" src=\"https:\/\/rochakhandknit.com\/wp-content\/uploads\/handknitted-products-by-Rochak-handknit-1024x819.jpg\" alt=\"Koe ensiluokkaisista luonnonkuiduista valmistettujen k\u00e4sintehtyjen neuleiden laatu ja ainutlaatuisuus. valmistaja Nepalissa, joka tarjoaa monipuolisia tuotteita yrityksille\" class=\"wp-image-2376 size-full\" title=\"\" srcset=\"https:\/\/cdn.rochakhandknit.com\/wp-content\/uploads\/handknitted-products-by-Rochak-handknit-1024x819.jpg 1024w, https:\/\/cdn.rochakhandknit.com\/wp-content\/uploads\/handknitted-products-by-Rochak-handknit-300x240.jpg 300w, https:\/\/cdn.rochakhandknit.com\/wp-content\/uploads\/handknitted-products-by-Rochak-handknit-768x614.jpg 768w, https:\/\/cdn.rochakhandknit.com\/wp-content\/uploads\/handknitted-products-by-Rochak-handknit-1536x1229.jpg 1536w, https:\/\/cdn.rochakhandknit.com\/wp-content\/uploads\/handknitted-products-by-Rochak-handknit-15x12.jpg 15w, https:\/\/cdn.rochakhandknit.com\/wp-content\/uploads\/handknitted-products-by-Rochak-handknit.jpg 1550w\" sizes=\"(max-width: 1024px) 100vw, 1024px\" \/><\/figure><\/div>\n\n\n\n<div class=\"wp-block-media-text alignwide is-stacked-on-mobile has-kb-palette-1-background-color has-background\" style=\"grid-template-columns:35% auto\"><figure class=\"wp-block-media-text__media\"><img decoding=\"async\" src=\"https:\/\/rochakhandknit.com\/wp-content\/uploads\/Working-Photos-11July2019-212-portrait1-716x1024.jpg\" alt=\"Naisten k\u00e4sineulonta villalla Rochak Handknit Craftissa\" class=\"wp-image-2124 size-full\" title=\"\"><\/figure><div class=\"wp-block-media-text__content\">\n<h2 class=\"wp-block-heading has-primary-color has-text-color has-link-color wp-elements-4e9875d75c78abd0bdf6ab8ebeb6cb30\">Lue lis\u00e4\u00e4 k\u00e4sity\u00f6st\u00e4<\/h2>\n\n\n\n<p>Vanha perinne, joka vaatii paljon taitoa, k\u00e4rsiv\u00e4llisyytt\u00e4 ja huomiota yksityiskohtiin. Jokainen ommel on huolellisesti valmistettu k\u00e4sin, ja jokainen tuote on todellinen taideteos, joka esittelee taitavien neuleemme ammattitaitoa.<\/p>\n<\/div><\/div>\n\n\n<div class=\"kb-row-layout-wrap kb-row-layout-id158_773750-f5 alignnone wp-block-kadence-rowlayout\"><div class=\"kt-row-column-wrap kt-has-1-columns kt-row-layout-equal kt-tab-layout-inherit kt-mobile-layout-row kt-row-valign-top\">\n\n<div class=\"wp-block-kadence-column kadence-column158_9bdb1a-13\"><div class=\"kt-inside-inner-col\">\n<h2 class=\"kt-adv-heading158_46f6d6-12 wp-block-kadence-advancedheading\" data-kb-block=\"kb-adv-heading158_46f6d6-12\">Miten aloitamme?<\/h2>\n\n\n\n<h4 class=\"kt-adv-heading158_cb49fc-4b wp-block-kadence-advancedheading\" data-kb-block=\"kb-adv-heading158_cb49fc-4b\">Valmistele kaikki mallisi<\/h4>\n\n\n\n<p>Sinulla tulee olla selke\u00e4 k\u00e4sitys siit\u00e4, mit\u00e4 haluat neuloa k\u00e4sin. Harkittavia asioita ovat&nbsp;<\/p>\n\n\n\n<div class=\"wp-block-kadence-iconlist kt-svg-icon-list-items kt-svg-icon-list-items158_46e1d7-9c kt-svg-icon-list-columns-1 alignnone\"><ul class=\"kt-svg-icon-list\">\n<li class=\"wp-block-kadence-listitem kt-svg-icon-list-item-wrap kt-svg-icon-list-item-158_b5ad9f-f9\"><span class=\"kb-svg-icon-wrap kb-svg-icon-fe_checkCircle kt-svg-icon-list-single\"><svg viewbox=\"0 0 24 24\"  fill=\"none\" stroke=\"currentColor\" stroke-width=\"2\" stroke-linecap=\"round\" stroke-linejoin=\"round\" xmlns=\"http:\/\/www.w3.org\/2000\/svg\"  aria-hidden=\"true\"><path d=\"M22 11.08V12a10 10 0 1 1-5.93-9.14\"\/><polyline points=\"22 4 12 14.01 9 11.01\"\/><\/svg><\/span><span class=\"kt-svg-icon-list-text\">K\u00e4ytett\u00e4v\u00e4t langat<\/span><\/li>\n\n\n\n<li class=\"wp-block-kadence-listitem kt-svg-icon-list-item-wrap kt-svg-icon-list-item-158_8df28d-f2\"><span class=\"kb-svg-icon-wrap kb-svg-icon-fe_checkCircle kt-svg-icon-list-single\"><svg viewbox=\"0 0 24 24\"  fill=\"none\" stroke=\"currentColor\" stroke-width=\"2\" stroke-linecap=\"round\" stroke-linejoin=\"round\" xmlns=\"http:\/\/www.w3.org\/2000\/svg\"  aria-hidden=\"true\"><path d=\"M22 11.08V12a10 10 0 1 1-5.93-9.14\"\/><polyline points=\"22 4 12 14.01 9 11.01\"\/><\/svg><\/span><span class=\"kt-svg-icon-list-text\">v\u00e4rit&nbsp;<\/span><\/li>\n\n\n\n<li class=\"wp-block-kadence-listitem kt-svg-icon-list-item-wrap kt-svg-icon-list-item-158_485fd3-62\"><span class=\"kb-svg-icon-wrap kb-svg-icon-fe_checkCircle kt-svg-icon-list-single\"><svg viewbox=\"0 0 24 24\"  fill=\"none\" stroke=\"currentColor\" stroke-width=\"2\" stroke-linecap=\"round\" stroke-linejoin=\"round\" xmlns=\"http:\/\/www.w3.org\/2000\/svg\"  aria-hidden=\"true\"><path d=\"M22 11.08V12a10 10 0 1 1-5.93-9.14\"\/><polyline points=\"22 4 12 14.01 9 11.01\"\/><\/svg><\/span><span class=\"kt-svg-icon-list-text\">Yksityiskohtaisten koko- ja kuvioopas<\/span><\/li>\n\n\n\n<li class=\"wp-block-kadence-listitem kt-svg-icon-list-item-wrap kt-svg-icon-list-item-158_4e1773-a6\"><span class=\"kb-svg-icon-wrap kb-svg-icon-fe_checkCircle kt-svg-icon-list-single\"><svg viewbox=\"0 0 24 24\"  fill=\"none\" stroke=\"currentColor\" stroke-width=\"2\" stroke-linecap=\"round\" stroke-linejoin=\"round\" xmlns=\"http:\/\/www.w3.org\/2000\/svg\"  aria-hidden=\"true\"><path d=\"M22 11.08V12a10 10 0 1 1-5.93-9.14\"\/><polyline points=\"22 4 12 14.01 9 11.01\"\/><\/svg><\/span><span class=\"kt-svg-icon-list-text\">Jos mahdollista, viitekuvat.<\/span><\/li>\n<\/ul><\/div>\n\n\n\n<h4 class=\"kt-adv-heading158_a1ee24-d9 wp-block-kadence-advancedheading\" data-kb-block=\"kb-adv-heading158_a1ee24-d9\">L\u00e4het\u00e4 meille Kysely<\/h4>\n\n\n\n<p class=\"kt-adv-heading158_83413d-af wp-block-kadence-advancedheading\" data-kb-block=\"kb-adv-heading158_83413d-af\">Kun olet valmis, l\u00e4het\u00e4 meille tiedot. Tutkimme niit\u00e4 ja l\u00e4het\u00e4mme sinulle kyselymme.<\/p>\n\n\n\n<h4 class=\"kt-adv-heading158_1c7180-a6 wp-block-kadence-advancedheading\" data-kb-block=\"kb-adv-heading158_1c7180-a6\">Keskustelu, ensimm\u00e4inen n\u00e4yte ja lainaus<\/h4>\n\n\n\n<p class=\"kt-adv-heading158_0ca4eb-37 wp-block-kadence-advancedheading\" data-kb-block=\"kb-adv-heading158_0ca4eb-37\">Kun olemme keskustelleet n\u00e4ytteist\u00e4, teemme n\u00e4ytteen ja toimitamme sinulle tarjouksen.<\/p>\n\n\n\n<h4 class=\"kt-adv-heading158_75c904-c6 wp-block-kadence-advancedheading\" data-kb-block=\"kb-adv-heading158_75c904-c6\">Tarkista ja viimeistele ja l\u00e4het\u00e4<\/h4>\n\n\n\n<p class=\"kt-adv-heading158_bc5ea8-f3 wp-block-kadence-advancedheading\" data-kb-block=\"kb-adv-heading158_bc5ea8-f3\">Jos olet tyytyv\u00e4inen tarjoukseen, teemme mahdolliset tarkistukset ja viimeistelemme n\u00e4ytteet. Voimme l\u00e4hett\u00e4\u00e4 n\u00e4ytteen sinulle (toimituskulut) ja sinulle ja katsoa, haluatko tehd\u00e4 lis\u00e4\u00e4 muutoksia vai jatkaa myyntiprosessiasi.&nbsp;<\/p>\n<\/div><\/div>\n\n<\/div><\/div>","protected":false},"excerpt":{"rendered":"<p>At Rochak Handknit, we are proud to be a part of the rich tradition of hand knitting in Nepal. With 25 years of experience in the industry, we are honored to continue our work and keep the legacy alive. Our team consists of small groups of women in our local communities, mostly housewives who take [&hellip;]<\/p>\n","protected":false},"author":1,"featured_media":0,"parent":110,"menu_order":0,"comment_status":"closed","ping_status":"closed","template":"","meta":{"_acf_changed":false,"inline_featured_image":false,"_lmt_disableupdate":"","_lmt_disable":"","_kad_blocks_custom_css":"","_kad_blocks_head_custom_js":"","_kad_blocks_body_custom_js":"","_kad_blocks_footer_custom_js":"","iawp_total_views":206,"footnotes":""},"class_list":["post-158","page","type-page","status-publish","hentry"],"acf":[],"taxonomy_info":[],"featured_image_src_large":false,"author_info":{"display_name":"Rochak Shrestha","author_link":"https:\/\/rochakhandknit.com\/fi\/author\/webadmin\/"},"comment_info":0,"_links":{"self":[{"href":"https:\/\/rochakhandknit.com\/fi\/wp-json\/wp\/v2\/pages\/158","targetHints":{"allow":["GET"]}}],"collection":[{"href":"https:\/\/rochakhandknit.com\/fi\/wp-json\/wp\/v2\/pages"}],"about":[{"href":"https:\/\/rochakhandknit.com\/fi\/wp-json\/wp\/v2\/types\/page"}],"author":[{"embeddable":true,"href":"https:\/\/rochakhandknit.com\/fi\/wp-json\/wp\/v2\/users\/1"}],"replies":[{"embeddable":true,"href":"https:\/\/rochakhandknit.com\/fi\/wp-json\/wp\/v2\/comments?post=158"}],"version-history":[{"count":1,"href":"https:\/\/rochakhandknit.com\/fi\/wp-json\/wp\/v2\/pages\/158\/revisions"}],"predecessor-version":[{"id":9619,"href":"https:\/\/rochakhandknit.com\/fi\/wp-json\/wp\/v2\/pages\/158\/revisions\/9619"}],"up":[{"embeddable":true,"href":"https:\/\/rochakhandknit.com\/fi\/wp-json\/wp\/v2\/pages\/110"}],"wp:attachment":[{"href":"https:\/\/rochakhandknit.com\/fi\/wp-json\/wp\/v2\/media?parent=158"}],"curies":[{"name":"wp","href":"https:\/\/api.w.org\/{rel}","templated":true}]}}