{"id":223,"date":"2017-07-24T20:10:39","date_gmt":"2017-07-24T14:25:39","guid":{"rendered":"https:\/\/rochakhandknit.com\/?page_id=223"},"modified":"2025-10-30T15:14:44","modified_gmt":"2025-10-30T09:29:44","slug":"valmistus-ukk","status":"publish","type":"page","link":"https:\/\/rochakhandknit.com\/fi\/valmistus-ukk\/","title":{"rendered":"Valmistuksen UKK"},"content":{"rendered":"<div class=\"kb-row-layout-wrap kb-row-layout-id223_6fba36-dd alignnone wp-block-kadence-rowlayout\"><div class=\"kt-row-column-wrap kt-has-2-columns kt-row-layout-row kt-tab-layout-inherit kt-mobile-layout-row kt-row-valign-top\">\n\n<div class=\"wp-block-kadence-column kadence-column223_aeccdc-91\"><div class=\"kt-inside-inner-col\">\n<p class=\"kt-adv-heading223_b2fd09-ec wp-block-kadence-advancedheading\" data-kb-block=\"kb-adv-heading223_b2fd09-ec\">Usein kysyttyj\u00e4 kysymyksi\u00e4 neuleiden valmistusprosessista.<\/p>\n<\/div><\/div>\n\n\n\n<div class=\"wp-block-kadence-column kadence-column223_a3b0a9-c7\"><div class=\"kt-inside-inner-col\"><div class=\"kb-row-layout-wrap kb-row-layout-id223_baf5cb-21 alignnone wp-block-kadence-rowlayout\"><div class=\"kt-row-column-wrap kt-has-2-columns kt-row-layout-equal kt-tab-layout-inherit kt-mobile-layout-row kt-row-valign-top\">\n\n<div class=\"wp-block-kadence-column kadence-column223_93bef5-fb\"><div class=\"kt-inside-inner-col\">\n<p class=\"kt-adv-heading223_ed81b9-f4 wp-block-kadence-advancedheading has-custom-color-9-color has-text-color\" data-kb-block=\"kb-adv-heading223_ed81b9-f4\">Haluamme varmistaa, ett\u00e4 sinulla on selke\u00e4 k\u00e4sitys toiminnastamme <a href=\"https:\/\/rochakhandknit.com\/fi\/meidan-toitamme\/kasineuleiden-valmistaja\/\">k\u00e4sin neuleen valmistus<\/a> prosessia, joten olemme koonneet luettelon usein kysytyist\u00e4 kysymyksist\u00e4. Toivomme, ett\u00e4 t\u00e4m\u00e4 auttaa sinua vastaamaan kaikkiin kysymyksiisi, jotka koskevat ty\u00f6t\u00e4mme ja k\u00e4ytt\u00e4mi\u00e4mme materiaaleja. Jos sinulla on lis\u00e4kysymyksi\u00e4 tai huolenaiheita, \u00e4l\u00e4 ep\u00e4r\u00f6i l\u00e4hett\u00e4\u00e4 meille s\u00e4hk\u00f6postia.<\/p>\n\n\n\n<p class=\"kt-adv-heading223_6a4143-0c wp-block-kadence-advancedheading has-custom-color-9-color has-text-color\" data-kb-block=\"kb-adv-heading223_6a4143-0c\">P\u00e4ivit\u00e4mme luetteloa s\u00e4\u00e4nn\u00f6llisesti uusilla tiedoilla varmistaaksemme, ett\u00e4 sinulla on ajantasaisimmat vastaukset.<\/p>\n<\/div><\/div>\n\n\n\n<div class=\"wp-block-kadence-column kadence-column223_80f0a8-97\"><div class=\"kt-inside-inner-col\">\n<figure class=\"wp-block-kadence-image kb-image223_479913-79 size-full\"><img decoding=\"async\" width=\"600\" height=\"400\" src=\"https:\/\/rochakhandknit.com\/wp-content\/uploads\/Faq-Rochak-Handknit-Craft.jpg\" alt=\"Usein kysytyt kysymykset Rochak K\u00e4sineulottu askartelu\" class=\"kb-img wp-image-5403\" title=\"\" srcset=\"https:\/\/cdn.rochakhandknit.com\/wp-content\/uploads\/Faq-Rochak-Handknit-Craft.jpg 600w, https:\/\/cdn.rochakhandknit.com\/wp-content\/uploads\/Faq-Rochak-Handknit-Craft-300x200.jpg 300w, https:\/\/cdn.rochakhandknit.com\/wp-content\/uploads\/Faq-Rochak-Handknit-Craft-18x12.jpg 18w\" sizes=\"(max-width: 600px) 100vw, 600px\" \/><\/figure>\n<\/div><\/div>\n\n<\/div><\/div><\/div><\/div>\n\n<\/div><\/div>\n\n\n<div class=\"wp-block-group alignfull has-secondary-background-color has-background is-layout-flow wp-block-group-is-layout-flow\" style=\"margin-top:0;margin-bottom:0;padding-top:var(--wp--preset--spacing--x-large);padding-right:var(--wp--preset--spacing--x-large);padding-bottom:var(--wp--preset--spacing--x-large);padding-left:var(--wp--preset--spacing--x-large)\">\n<h2 class=\"wp-block-heading\" style=\"padding-top:var(--wp--preset--spacing--x-small);padding-bottom:var(--wp--preset--spacing--x-small)\">Kysymyksi\u00e4 yhti\u00f6st\u00e4mme<\/h2>\n\n\n\n<details class=\"wp-block-details is-layout-flow wp-container-core-details-is-layout-5b221323 wp-block-details-is-layout-flow\" style=\"padding-top:var(--wp--preset--spacing--small);padding-bottom:var(--wp--preset--spacing--small)\" open><summary>Oletko laillisesti rekister\u00f6ity?<\/summary>\n<p>Kyll\u00e4, olemme laillisesti rekister\u00f6ity Nepaliin alla&nbsp;<a href=\"http:\/\/www.dcsi.gov.np\/en\" target=\"_blank\" rel=\"noreferrer noopener\">Pienm\u00f6kkiteollisuuden laitos<\/a>. Uusimme rekister\u00f6intimme vuosittain ja maksamme veromme.<\/p>\n<\/details>\n\n\n\n<details class=\"wp-block-details is-layout-flow wp-block-details-is-layout-flow\"><summary>Onko mahdollista vierailla toimistollasi\/tehtaallasi?<\/summary>\n<p>Tottakai. Varaa tapaaminen ennen vierailua.<\/p>\n<\/details>\n\n\n\n<details class=\"wp-block-details is-layout-flow wp-block-details-is-layout-flow\"><summary>Oletko reilun kaupan j\u00e4rjest\u00f6? Oletko rekister\u00f6itynyt FTO (Fair Trade Organization) -ryhm\u00e4\u00e4n?<\/summary>\n<p>Uskomme vahvasti reilun kaupan arvoihin. Uskomme, ett\u00e4 reilu ty\u00f6skentely ja toimeentulopalkan saaminen on ty\u00f6n v\u00e4himm\u00e4istaso kaikille. Mit\u00e4 tulee FTO-ryhm\u00e4j\u00e4senyyteen, emme ole viel\u00e4 rekister\u00f6ityneet yhdistykseen. Suunnittelemme hakemuksemme ensi tilikaudella 2024\/25.<\/p>\n<\/details>\n\n\n\n<details class=\"wp-block-details is-layout-flow wp-block-details-is-layout-flow\"><summary>Etk\u00f6 saanut vastausta?<\/summary>\n<p>T\u00e4t\u00e4 tapahtuu harvoin. Vastaamme aina 24 tunnin kuluessa s\u00e4hk\u00f6postista. Tarkista roskaposti- tai roskapostikansiosi. Lis\u00e4\u00e4 my\u00f6s s\u00e4hk\u00f6postiosoitteesi sallittujen luetteloon, jotta se ei mene roskapostikansioon. Jos et saa vastausta 24 tunnin kuluessa, soita rohkeasti.<\/p>\n<\/details>\n\n\n\n<details class=\"wp-block-details is-layout-flow wp-block-details-is-layout-flow\"><summary>Mit\u00e4 EI SAA TEHD\u00c4?<\/summary>\n<p>\u00c4l\u00e4 l\u00e4het\u00e4 meille Internetist\u00e4 poimittua kuvaa ja kysy n\u00e4ytett\u00e4 ja hintaa. T\u00e4llaisia kuvia voidaan k\u00e4ytt\u00e4\u00e4 referenssin\u00e4, mutta ei kopiointiin tuotantoa varten. Haluamme ty\u00f6skennell\u00e4 vain aitojen yritysten (isojen tai pienten) kanssa, jotka haluavat tarjota asiakkailleen ainutlaatuista tarjontaa k\u00e4sin neuletekniikalla.<\/p>\n<\/details>\n\n\n\n<details class=\"wp-block-details is-layout-flow wp-block-details-is-layout-flow\"><summary>MIT\u00c4 TEHD\u00c4 paremman viestinn\u00e4n saavuttamiseksi?<\/summary>\n<p>Kerro yrityksest\u00e4si ja suunnitelmastasi k\u00e4sin neulomiseen.<br>Jos mahdollista, l\u00e4het\u00e4 s\u00e4hk\u00f6postia yrityksesi s\u00e4hk\u00f6postiosoitteen kautta henkil\u00f6kohtaisen s\u00e4hk\u00f6postin sijaan.<br>Mit\u00e4 jos olet vasta aloittamassa?<br>Ei ongelmaa. Ole hyv\u00e4 ja toimita kanssamme ty\u00f6skentely\u00e4 muistuttava suunnitelmasi, jossa viitataan sinuun tai aikaisempaan ty\u00f6h\u00f6si.<br>Tutki k\u00e4sin neulomista. T\u00e4m\u00e4 auttaa ymm\u00e4rt\u00e4m\u00e4\u00e4n, mit\u00e4 voit odottaa ja mit\u00e4 et.<\/p>\n<\/details>\n\n\n\n<details class=\"wp-block-details is-layout-flow wp-block-details-is-layout-flow\"><summary>Voiko asiakas hy\u00f6ty\u00e4 etuuskohtelusopimuksesta?<\/summary>\n<p>Kyll\u00e4, asiakas voi hy\u00f6ty\u00e4 etuoikeussopimuksesta. On olemassa GSP-mahdollisuus, jonka avulla asiakas voi tuoda tavaroita Nepalista &quot;ei&quot; tai &quot;v\u00e4hemm\u00e4n&quot; tulleilla. Anteliaita avunantajamaita GSP-j\u00e4rjestelyn helpottamiseksi Nepalille ovat Australia, Valko-Ven\u00e4j\u00e4, Kanada, Euroopan unioni, Islanti, Japani, Kazakstan, Uusi-Seelanti, Norja, Ven\u00e4j\u00e4n federaatio, Sveitsi, Turkki ja Yhdysvallat. Yhdysvalloista Nepaliin on my\u00f6s kauppaetuusohjelma, joka sallii nepalilaisten tuotteiden tullittoman p\u00e4\u00e4syn Yhdysvaltoihin 31. joulukuuta 2025 asti.<br>Linkit GSP- ja US Trade Preference -j\u00e4rjestelyyn.<br><a href=\"https:\/\/unctad.org\/en\/PublicationsLibrary\/itcdtsbmisc62rev7_en.pdf\" target=\"_blank\" rel=\"noreferrer noopener\">GSP-lahjoittajat Nepaliin<\/a><br><a href=\"https:\/\/np.usembassy.gov\/nepal-trade-preference-program\/\" target=\"_blank\" rel=\"noreferrer noopener\">USA:n Nepalin kauppaetuusohjelma<\/a><\/p>\n\n\n\n<p>Yleinen tullietuusj\u00e4rjestelm\u00e4 (GSP) ja Nepal Trade Preference Program (NTPP) tarjoavat arvokkaita kaupallisia etuja nepalilaisille viejille. GSP tarjoaa verovapaan p\u00e4\u00e4syn tukikelpoisille tuotteille, mutta sen edut ovat olleet odotustilassa sen voimassaolon p\u00e4\u00e4ttymisest\u00e4 31. joulukuuta 2020, kunnes kongressin uusiminen odottaa. T\u00e4st\u00e4 huolimatta tuojia kehotetaan merkitsem\u00e4\u00e4n GSP-kelpoiset merkinn\u00e4t mahdollisia tullinpalautuksia varten, jos ohjelma palautetaan takautuvasti. Samaan aikaan NTPP, joka perustettiin vuoden 2015 kaupan helpottamista ja t\u00e4yt\u00e4nt\u00f6\u00f6npanoa koskevan lain nojalla, on edelleen aktiivinen ja my\u00f6nt\u00e4\u00e4 verovapaan p\u00e4\u00e4syn Yhdysvaltoihin valituille nepalilaisille tuotteille, mukaan lukien k\u00e4sity\u00f6t ja matkatavarat. T\u00e4m\u00e4 ohjelma on voimassa 31.12.2025 asti, ja se antaa viejille ainutlaatuisen mahdollisuuden laajentaa l\u00e4sn\u00e4oloaan Yhdysvaltojen markkinoilla niin kauan kuin se kest\u00e4\u00e4.<\/p>\n\n\n\n<p><a href=\"https:\/\/www.trade.gov\/otexa-nepal-trade-preference-program\" target=\"_blank\" rel=\"noopener\">https:\/\/www.trade.gov\/otexa-nepal-trade-preference-program<\/a><\/p>\n\n\n\n<p><a href=\"https:\/\/www.federalregister.gov\/documents\/2016\/12\/20\/2016-30738\/to-implement-the-nepal-preference-program-and-for-other-purposes\" target=\"_blank\" rel=\"noopener\">https:\/\/www.federalregister.gov\/documents\/2016\/12\/20\/2016-30738\/to-implement-the-nepal-preference-program-and-for-other-purposes<\/a><\/p>\n<\/details>\n\n\n\n<p><\/p>\n\n\n\n<details class=\"wp-block-details is-layout-flow wp-block-details-is-layout-flow\"><summary>Perusty\u00f6menettely?<\/summary>\n<p>Keskustelemme ensin suunnittelustasi ja siit\u00e4, kuinka voimme olla avuksi.<br>Yleens\u00e4 ihmisill\u00e4 on hyvin ep\u00e4m\u00e4\u00e4r\u00e4inen k\u00e4sitys siit\u00e4, mit\u00e4 he haluavat, mutta he haluavat, ett\u00e4 tuote tehd\u00e4\u00e4n Internetiss\u00e4 n\u00e4kyvien kuvien mukaan, jotka eiv\u00e4t yleens\u00e4 toimi.<br>Seuraava on yleinen ty\u00f6prosessi.<br>Keskustele \u2014&gt; Luo n\u00e4ytteit\u00e4 \u2014&gt; Iteroi ja viimeistele \u2014&gt; Mene tuotantoon \u2014&gt; L\u00e4het\u00e4<br>Sitten puhumme haluamasi tuoteluokan vaatimuksista, langoista, lis\u00e4osista (kuten koristeista, fleecevuorista) ja katsomme, mik\u00e4 on mahdollista ja mit\u00e4 on saatavilla. K\u00e4ymme my\u00f6s l\u00e4pi aiemmin tekem\u00e4mme n\u00e4ytteet tai teemme n\u00e4ytteen tarpeidesi mukaan.<br>Ensimm\u00e4isen n\u00e4ytteen perusteella keskustelemme ja katsomme, voitaisiinko sit\u00e4 parantaa, toistaa useampi n\u00e4yte tai se ei vastaa tarpeitasi.<br>Kun kaikki asiat on saatu valmiiksi, siirrymme tuotantoon. T\u00e4m\u00e4 voi kest\u00e4\u00e4 1 viikosta muutamaan kuukauteen m\u00e4\u00e4r\u00e4st\u00e4 riippuen. Keskustelemme my\u00f6s maksu- ja toimitusehdoista.<br>Asennamme laadunvalvonnan jokaiseen tuotannon vaiheeseen, kun tuote on pakattu yksitt\u00e4in polybageihin ja laatikkoon. Ja l\u00e4het\u00e4 l\u00e4hetett\u00e4v\u00e4ksi.<\/p>\n<\/details>\n\n\n\n<details class=\"wp-block-details is-layout-flow wp-block-details-is-layout-flow\"><summary>Onko sinulla v\u00e4hitt\u00e4iskauppaa? Verkkokauppa?<\/summary>\n<p>Ei t\u00e4ll\u00e4 hetkell\u00e4. Meill\u00e4 oli aiemmin myym\u00e4l\u00e4 Thamelissa, jonka jouduimme sulkemaan vuoden 2015 7,6 Richterin asteikon maanj\u00e4ristyksen j\u00e4lkeen.<br>Meill\u00e4 ei my\u00f6sk\u00e4\u00e4n ole verkkokauppaa.<\/p>\n<\/details>\n<\/div>\n\n\n\n<div class=\"wp-block-group alignfull has-base-background-color has-background is-layout-flow wp-block-group-is-layout-flow\" style=\"margin-top:0;margin-bottom:0;padding-top:var(--wp--preset--spacing--x-large);padding-right:var(--wp--preset--spacing--x-large);padding-bottom:var(--wp--preset--spacing--x-large);padding-left:var(--wp--preset--spacing--x-large)\">\n<h2 class=\"wp-block-heading\" style=\"padding-top:var(--wp--preset--spacing--x-small);padding-bottom:var(--wp--preset--spacing--x-small)\">Kysymyksi\u00e4 neulejoistamme ja ty\u00f6ntekij\u00f6ist\u00e4mme<\/h2>\n\n\n\n<details class=\"wp-block-details is-layout-flow wp-block-details-is-layout-flow\"><summary>Ent\u00e4 ty\u00f6ntekij\u00f6iden ty\u00f6ehdot?<\/summary>\n<p>Toimistossamme\/tehtaallamme on hyv\u00e4 ty\u00f6ymp\u00e4rist\u00f6. Ty\u00f6huoneemme saavat t\u00e4yden luonnonvalon l\u00e4pi p\u00e4ivien ja meill\u00e4 on varavirtaa valoille. Sis\u00e4\u00e4nk\u00e4ynti\/ulosk\u00e4ynti, ty\u00f6huoneet ovat leveit\u00e4 ja helposti liikuteltavia.<\/p>\n<\/details>\n\n\n\n<details class=\"wp-block-details is-layout-flow wp-block-details-is-layout-flow\"><summary>Miten ty\u00f6ntekij\u00f6ille maksetaan?<\/summary>\n<p>Meill\u00e4 ty\u00f6skentelev\u00e4t ty\u00f6ntekij\u00e4mme saavat kuukausipalkan l\u00e4sn\u00e4olonsa perusteella. Kotity\u00f6ntekij\u00e4mme saavat palkkaa suorittamansa yksik\u00f6n mukaan, heille maksetaan my\u00f6s kuukausipalkka. Suurin osa maksuista maksetaan heid\u00e4n pankkitililleen. Pyrimme tarjoamaan oikeudenmukaiset palkat sek\u00e4 omille ty\u00f6ntekij\u00f6illemme ett\u00e4 kotona ty\u00f6skenteleville ty\u00f6ntekij\u00f6illemme.<\/p>\n<\/details>\n\n\n\n<details class=\"wp-block-details is-layout-flow wp-block-details-is-layout-flow\"><summary>Muut tilat<\/summary>\n<p>Noudatamme Nepalin ty\u00f6normeja.<br>Tarjoamme my\u00f6s vakituiselle henkil\u00f6kunnalle noin 900 USD\/- luottolimiitin, joka maksetaan takaisin palkastaan. N\u00e4m\u00e4 ovat korottomia luottoja, jotka auttavat vastaamaan heid\u00e4n v\u00e4litt\u00f6miin rahoitustarpeisiinsa.<\/p>\n<\/details>\n<\/div>\n\n\n\n<div class=\"wp-block-group alignfull has-custom-color-3-background-color has-background is-layout-flow wp-block-group-is-layout-flow\" style=\"margin-top:0;margin-bottom:0;padding-top:var(--wp--preset--spacing--x-large);padding-right:var(--wp--preset--spacing--x-large);padding-bottom:var(--wp--preset--spacing--x-large);padding-left:var(--wp--preset--spacing--x-large)\">\n<h2 class=\"wp-block-heading\" style=\"padding-top:var(--wp--preset--spacing--x-small);padding-bottom:var(--wp--preset--spacing--x-small)\">Kysymyksi\u00e4 n\u00e4ytteist\u00e4mme ja tuotannostamme<\/h2>\n\n\n\n<details class=\"wp-block-details is-layout-flow wp-block-details-is-layout-flow\"><summary>Onko sinulla n\u00e4ytteit\u00e4 tai luetteloa tarjota?<\/summary>\n<p>Koska meill\u00e4 ei ole omia malleja ja ty\u00f6skentelemme enimm\u00e4kseen yksityisten merkkien kanssa, emme ole luoneet luetteloa. Ja koska emme jaa asiakkaidemme suunnitelmia, emme voi sis\u00e4llytt\u00e4\u00e4 heid\u00e4n suunnitteluaan ty\u00f6ksemme. Vaikka olemmekin luoneet varastoluettelon tuotteista, joita meill\u00e4 on mukanamme. Jos olet kiinnostunut t\u00e4st\u00e4, kerro siit\u00e4 meille.<\/p>\n<\/details>\n\n\n\n<details class=\"wp-block-details is-layout-flow wp-block-details-is-layout-flow\"><summary>Voitko ottaa n\u00e4ytteit\u00e4 mukautettujen mallien mukaan?<\/summary>\n<p>Kyll\u00e4 me voimme. Suurin osa valmistuksestamme perustuu r\u00e4\u00e4t\u00e4l\u00f6ityjen mallien tekemiseen omien merkkien kanssa, joten kyll\u00e4, voimme ty\u00f6st\u00e4\u00e4 sellaisia. Mukautetun n\u00e4ytteen tekeminen vie aikaa ymm\u00e4rt\u00e4\u00e4 ja tehd\u00e4 se oikein, joten anna t\u00e4ydelliset tiedot malleistasi. Aluksi pyyd\u00e4mme k\u00e4ytt\u00e4m\u00e4\u00e4n varastossamme olevaa lankaa tai v\u00e4ri\u00e4, jotta p\u00e4\u00e4set alkuun nopeasti. Emme veloita n\u00e4ytteest\u00e4, jos voit antaa hyv\u00e4t yritystietosi, mutta veloitamme toimituskulut. Jos sinulla on tili kuriirin kanssa, voit my\u00f6s ohjata heid\u00e4t toimistollemme noutoa varten.<\/p>\n<\/details>\n\n\n\n<details class=\"wp-block-details is-layout-flow wp-block-details-is-layout-flow\"><summary>Miten yll\u00e4pid\u00e4t tuotannon laatua?<\/summary>\n<p>Yll\u00e4pid\u00e4mme tuotannon laatua auditoimalla jokaisen yksik\u00f6n henkil\u00f6n toimesta. Tutkimme tuotteen kaikki t\u00e4rke\u00e4t n\u00e4k\u00f6kohdat ja vertaamme tuotantokpl eritelmiin. Jokaisella neulekoneella on hieman erilainen l\u00e4hestymistapa neulomiseen. Analysoimme yksitt\u00e4isten neulojien tuloksia ja annamme palautetta parantaaksemme. J\u00e4rjest\u00e4mme my\u00f6s keskustelun tekniikoista ja tuotteen parantamisesta. Koska kaikki on k\u00e4sin neulottua, pieniss\u00e4 esineiss\u00e4 voi olla enint\u00e4\u00e4n senttimetri ja isoissa tavaroissa enint\u00e4\u00e4n kaksi senttimetri\u00e4 toleranssia.<br>Ole hyv\u00e4 ja tutustu meid\u00e4n&nbsp;<a href=\"https:\/\/rochakhandknit.com\/fi\/kasin-neulotun-hatun-valmistusprosessi\/\">hatun valmistusprosessi<\/a>, se voi antaa sinulle jonkinlaisen k\u00e4sityksen siit\u00e4, miten suhtaudumme tuotantoon.<\/p>\n<\/details>\n\n\n\n<details class=\"wp-block-details is-layout-flow wp-block-details-is-layout-flow\"><summary>Mill\u00e4 materiaaleilla ty\u00f6skentelet?<\/summary>\n<p>Ty\u00f6skentelemme kaikilla materiaaleilla, joilla on mahdollista neuloa. Ty\u00f6skentelemme villan, puuvillan, hampun, mohairin, merinon, kashmirin jne. kanssa. Varastossamme on merinoa, mohairia, puuvillaa 4\/4, 2\/6, 2\/10 ja tavallista lankaa. Varastossamme oleva Merino-lanka on 100% single Merino of 21 Microns.<br>Tarkista&nbsp;<a href=\"https:\/\/rochakhandknit.com\/fi\/raakamateriaalit\/\">meid\u00e4n p\u00e4iv\u00e4kirjaamme<\/a>&nbsp;saadaksesi lis\u00e4tietoja siit\u00e4.<\/p>\n<\/details>\n\n\n\n<details class=\"wp-block-details is-layout-flow wp-block-details-is-layout-flow\"><summary>Lis\u00e4tietoja villalangasta<\/summary>\n<p>Markkinoilla on muutamia lankatyyppej\u00e4. Useimmat toimittajat varastoivat vain tietynlaatuista villalankaa.<br>Yleisimm\u00e4t villasekoitukset ovat 100% villaa ja se sekoittuu nailonin tai akryylin kanssa.<br>N\u00e4iden villan pehmeys vaihtelee yleens\u00e4 28 mikronista yl\u00f6sp\u00e4in. Jota pidet\u00e4\u00e4n yleens\u00e4 karkeana langana.<br>Yleisin langan paksuus on 1\/2 Nm - 1\/2,5 Nm. Vaikka langan paksuutta voidaan r\u00e4\u00e4t\u00e4l\u00f6id\u00e4, jos tilataan irtotavarana. Jotkut toimittajat myyv\u00e4t pehme\u00e4\u00e4 merinolankaa.<br>Tarkista&nbsp;<a href=\"https:\/\/rochakhandknit.com\/fi\/raakamateriaalit\/\">meid\u00e4n p\u00e4iv\u00e4kirjaamme<\/a>&nbsp;saadaksesi lis\u00e4tietoja siit\u00e4.<\/p>\n<\/details>\n\n\n\n<details class=\"wp-block-details is-layout-flow wp-block-details-is-layout-flow\"><summary>Mitk\u00e4 olisivat alustavat kustannukset tai n\u00e4ytteenottokustannukset?<\/summary>\n<p>Emme ole sijoittaneet kiinteit\u00e4 n\u00e4ytteenottokustannuksia, koska ne riippuvat tuotteesta, k\u00e4ytetyst\u00e4 langasta, suunnittelun monimutkaisuudesta jne. Lupaamme, ett\u00e4 tarjoamme sinulle oikeudenmukaisen tehdashinnan.<\/p>\n<\/details>\n\n\n\n<details class=\"wp-block-details is-layout-flow wp-block-details-is-layout-flow\"><summary>Kuinka paljon veloitat n\u00e4ytteest\u00e4?<\/summary>\n<p>Toistaiseksi emme ole veloittaneet n\u00e4ytteest\u00e4 lis\u00e4maksua. Asian monimutkaisuudesta riippuen saatamme pyyt\u00e4\u00e4 lis\u00e4maksun. T\u00e4m\u00e4 kaikki tapahtuisi ennen kuin aloitamme ty\u00f6n, joten saat sen hyvin tietoiseksi. Satunnaisten pyynt\u00f6jen v\u00e4ltt\u00e4miseksi voimme my\u00f6s pyyt\u00e4\u00e4 100 USD palautettavana vakavana maksuna. Joten pyyd\u00e4 todellisia tietoja.<\/p>\n<\/details>\n<\/div>\n\n\n\n<div class=\"wp-block-group alignfull is-layout-flow wp-block-group-is-layout-flow\" style=\"margin-top:0;margin-bottom:0;padding-top:var(--wp--preset--spacing--x-large);padding-right:var(--wp--preset--spacing--x-large);padding-bottom:var(--wp--preset--spacing--x-large);padding-left:var(--wp--preset--spacing--x-large)\">\n<h2 class=\"wp-block-heading\" style=\"padding-top:var(--wp--preset--spacing--x-small);padding-bottom:var(--wp--preset--spacing--x-small)\">L\u00e4hetyst\u00e4 ja maksua koskevat kysymykset<\/h2>\n\n\n\n<details class=\"wp-block-details is-layout-flow wp-block-details-is-layout-flow\"><summary>Onko sinulla n\u00e4ytteit\u00e4 tai luetteloa tarjota? Millaista toimitustapaa k\u00e4yt\u00e4t?<\/summary>\n<p>Meill\u00e4 on vaihtoehtoja l\u00e4hett\u00e4\u00e4 eri rahdin ja kuriirin kautta. FedEx, DHL, Aramex, EMS ovat suosittuja kuriiripalveluja. Huomaathan, ett\u00e4 toimituskulut vaihtelevat&nbsp;<a href=\"https:\/\/en.wikipedia.org\/wiki\/Dimensional_weight\" target=\"_blank\" rel=\"noreferrer noopener\">Mittapaino&nbsp;<\/a>tuotteesta. Yleens\u00e4 se (pituus kerrotaan leveys kerrotaan korkeus) jaetaan 5000:lla.<br>Mit\u00e4 suurempi mittapaino, sit\u00e4 pienempi on lataus kilogrammaa kohti. Yleens\u00e4 hinta on huomattavasti alhaisempi 20 kg mittapainon j\u00e4lkeen. Joten voi olla hy\u00f6dyllist\u00e4, jos aiot yhdist\u00e4\u00e4 tuotteet ja saavuttaa 20 kg:n v\u00e4himm\u00e4ispainon.<\/p>\n<\/details>\n\n\n\n<details class=\"wp-block-details is-layout-flow wp-block-details-is-layout-flow\"><summary>Paljonko l\u00e4hetys maksaa?<\/summary>\n<p>L\u00e4hetyskustannukset riippuvat muutamasta tekij\u00e4st\u00e4, mittojen painosta, Express\/Economysta ja sijainnista.<br>Tavallisesti rahtipalveluissa hinta hajoaa 20kg - 50kg j\u00e4lkeen (riippuen yrityksest\u00e4), mik\u00e4 antaa s\u00e4\u00e4st\u00f6hinnat per kg.<\/p>\n<\/details>\n\n\n\n<details class=\"wp-block-details is-layout-flow wp-block-details-is-layout-flow\"><summary>Mitk\u00e4 ovat maksuehtosi?<\/summary>\n<p>Vaadimme ennakkomaksun ennen m\u00e4\u00e4r\u00e4tilausta ja t\u00e4yden maksun ennen l\u00e4hetyst\u00e4.<\/p>\n<\/details>\n\n\n\n<details class=\"wp-block-details is-layout-flow wp-block-details-is-layout-flow\"><summary>Kuinka voimme l\u00e4hett\u00e4\u00e4 maksun?<\/summary>\n<p>Hyv\u00e4ksymme pankkisiirron, joka on pakollinen vaatimus, jos l\u00e4hetet\u00e4\u00e4n suuri l\u00e4hetys. Pienist\u00e4 l\u00e4hetyksist\u00e4, joiden arvo on alle 150 USD, voimme vastaanottaa maksuja Transferwise- tai VISA-pankki-\/luottokortilla tai Western Unionilla.<br>Tied\u00e4mme, ett\u00e4 pankkimaksu voi maksaa jopa 45 USD tapahtumaa kohden. My\u00f6s paikalliselta pankiltamme veloitetaan maksu, kun saamme maksun.<\/p>\n<\/details>\n<\/div>\n\n\n\n<p class=\"kt-adv-heading223_133ab1-ad wp-block-kadence-advancedheading\" data-kb-block=\"kb-adv-heading223_133ab1-ad\"><\/p>","protected":false},"excerpt":{"rendered":"<p>Frequently Asked Questions on our knitwear Manufacturing Process. We want to make sure you have a clear understanding of our hand knitting manufacturing process, so we&#8217;ve compiled a list of frequently asked questions. We hope this helps answer any questions you may have about our work and the materials we use. If you have any [&hellip;]<\/p>\n","protected":false},"author":1,"featured_media":7330,"parent":0,"menu_order":0,"comment_status":"closed","ping_status":"closed","template":"wp-custom-template-manufacturing-faq","meta":{"_acf_changed":false,"inline_featured_image":false,"_lmt_disableupdate":"no","_lmt_disable":"","_kad_blocks_custom_css":"","_kad_blocks_head_custom_js":"","_kad_blocks_body_custom_js":"","_kad_blocks_footer_custom_js":"","iawp_total_views":130,"footnotes":""},"class_list":["post-223","page","type-page","status-publish","has-post-thumbnail","hentry"],"acf":[],"taxonomy_info":[],"featured_image_src_large":["https:\/\/cdn.rochakhandknit.com\/wp-content\/uploads\/Why-choose-Mohair-hand-knitting-Rochak-Handknit-768x1024.png",768,1024,true],"author_info":{"display_name":"Rochak Shrestha","author_link":"https:\/\/rochakhandknit.com\/fi\/author\/webadmin\/"},"comment_info":0,"_links":{"self":[{"href":"https:\/\/rochakhandknit.com\/fi\/wp-json\/wp\/v2\/pages\/223","targetHints":{"allow":["GET"]}}],"collection":[{"href":"https:\/\/rochakhandknit.com\/fi\/wp-json\/wp\/v2\/pages"}],"about":[{"href":"https:\/\/rochakhandknit.com\/fi\/wp-json\/wp\/v2\/types\/page"}],"author":[{"embeddable":true,"href":"https:\/\/rochakhandknit.com\/fi\/wp-json\/wp\/v2\/users\/1"}],"replies":[{"embeddable":true,"href":"https:\/\/rochakhandknit.com\/fi\/wp-json\/wp\/v2\/comments?post=223"}],"version-history":[{"count":0,"href":"https:\/\/rochakhandknit.com\/fi\/wp-json\/wp\/v2\/pages\/223\/revisions"}],"wp:featuredmedia":[{"embeddable":true,"href":"https:\/\/rochakhandknit.com\/fi\/wp-json\/wp\/v2\/media\/7330"}],"wp:attachment":[{"href":"https:\/\/rochakhandknit.com\/fi\/wp-json\/wp\/v2\/media?parent=223"}],"curies":[{"name":"wp","href":"https:\/\/api.w.org\/{rel}","templated":true}]}}