{"id":254,"date":"2017-07-02T05:14:31","date_gmt":"2017-07-01T23:29:31","guid":{"rendered":"https:\/\/rochakhandknit.com\/?page_id=254"},"modified":"2025-12-12T10:17:02","modified_gmt":"2025-12-12T04:32:02","slug":"meista","status":"publish","type":"page","link":"https:\/\/rochakhandknit.com\/fi\/meista\/","title":{"rendered":"Tietoja Rochak Hand Knit Craftista"},"content":{"rendered":"<div class=\"kb-row-layout-wrap kb-row-layout-id254_622e37-e6 aligncenter wp-block-kadence-rowlayout\"><div class=\"kt-row-column-wrap kt-has-2-columns kt-row-layout-left-golden kt-tab-layout-inherit kt-mobile-layout-row kt-row-valign-top kb-theme-content-width\">\n\n<div class=\"wp-block-kadence-column kadence-column254_ed755e-e4\"><div class=\"kt-inside-inner-col\"><h2 class=\"kt-adv-heading254_09ce1f-2b wp-block-kadence-advancedheading\" data-kb-block=\"kb-adv-heading254_09ce1f-2b\"><span class=\"kb-adv-text-inner\">Matkamme t\u00e4h\u00e4n p\u00e4iv\u00e4\u00e4n asti<\/span><\/h2>\n\n\n<p class=\"kt-adv-heading254_cde2c7-65 wp-block-kadence-advancedheading has-custom-color-2-color has-text-color\" data-kb-block=\"kb-adv-heading254_cde2c7-65\"><strong>Rochak Hand knit Craft on perustettu vuonna 1996 ja rekister\u00f6ity Nepalin hallitukseen &quot;pienet ja m\u00f6kkiteollisuudessa&quot;. Se on omistautunut organisaatio, joka on tarjonnut korkealaatuisia luonnonkuiduista valmistettuja k\u00e4sin neulottuja tuotteita jo yli 25 vuoden ajan.<\/strong><\/p>\n\n\n\n<p class=\"kt-adv-heading254_ad0698-c0 wp-block-kadence-advancedheading\" data-kb-block=\"kb-adv-heading254_ad0698-c0\">Omistaja Rouva Rukmani Devi Shresthan ja h\u00e4nen aviomiehens\u00e4 Rajendra Man Shresthan johtamalla yrityksell\u00e4 on lahjakas tiimi kokeneita naisk\u00e4sity\u00f6l\u00e4isi\u00e4, jotka valmistavat ainutlaatuisia ja kauniita k\u00e4sintehtyj\u00e4 tuotteita, joilla on erottuva tunne verrattuna teollisiin kollegoihinsa.<\/p>\n\n\n\n<p class=\"kt-adv-heading254_0ea4aa-3d wp-block-kadence-advancedheading\" data-kb-block=\"kb-adv-heading254_0ea4aa-3d\">Rochak Hand Knit Craftin teht\u00e4v\u00e4n\u00e4 on nopeuttaa maailmaa kohti kest\u00e4v\u00e4\u00e4 ekosysteemi\u00e4, ja se on sitoutunut tarjoamaan laadukkaita k\u00e4sin neulottuja ja virkattuja tuotteita, jotka ovat todella ainutlaatuisia.<\/p>\n<\/div><\/div>\n\n\n\n<div class=\"wp-block-kadence-column kadence-column254_72859a-99\"><div class=\"kt-inside-inner-col\"><\/div><\/div>\n\n<\/div><\/div>\n\n<div class=\"kb-row-layout-wrap kb-row-layout-id254_1c8e6e-38 alignfull kt-row-has-bg wp-block-kadence-rowlayout\"><div class=\"kt-row-column-wrap kt-has-1-columns kt-row-layout-equal kt-tab-layout-inherit kt-mobile-layout-row kt-row-valign-top\">\n\n<div class=\"wp-block-kadence-column kadence-column254_c17d32-4a\"><div class=\"kt-inside-inner-col\"><p class=\"kt-adv-heading254_b68e78-91 wp-block-kadence-advancedheading kt-adv-heading-has-icon has-custom-color-2-color has-text-color\" data-kb-block=\"kb-adv-heading254_b68e78-91\"><span class=\"kb-svg-icon-wrap kb-adv-heading-icon kb-svg-icon-ic_quoteSansLeft kb-adv-heading-icon-side-left\"><svg viewbox=\"0 0 8 8\"  fill=\"currentColor\" xmlns=\"http:\/\/www.w3.org\/2000\/svg\"  aria-hidden=\"true\"><path d=\"M0 0v6l3-3v-3h-3zm5 0v6l3-3v-3h-3z\" transform=\"translate(0 1)\"\/><\/svg><\/span><span class=\"kb-adv-text-inner\"><span data-smart-backspace=\"true\" data-loop=\"false\" class=\"kt-typed-text\">Tavoitteemme on luoda paras ty\u00f6ymp\u00e4rist\u00f6 k\u00e4sineuleille Nepaliin.<\/span><\/span><\/p><\/div><\/div>\n\n<\/div><\/div>\n\n<div class=\"kb-row-layout-wrap kb-row-layout-id254_a9bd0f-c1 alignfull has-theme-palette8-background-color kt-row-has-bg wp-block-kadence-rowlayout\"><div class=\"kt-row-column-wrap kt-has-2-columns kt-row-layout-equal kt-tab-layout-inherit kt-mobile-layout-row kt-row-valign-middle\">\n\n<div class=\"wp-block-kadence-column kadence-column254_6f8a60-e7 kb-section-dir-vertical\"><div class=\"kt-inside-inner-col\">\n<figure class=\"wp-block-kadence-image kb-image254_7de382-e3 size-large kb-image-is-ratio-size\"><div class=\"kb-is-ratio-image kb-image-ratio-land43\"><img decoding=\"async\" width=\"1024\" height=\"576\" src=\"https:\/\/rochakhandknit.com\/wp-content\/uploads\/hand-knitting-of-sweater-on-chun-7-1024x576.jpg\" alt=\"Videon pikkukuva: Puseron k\u00e4sin neulominen paksulla Timelapse-langalla\" class=\"kb-img wp-image-4443\" title=\"\" srcset=\"https:\/\/cdn.rochakhandknit.com\/wp-content\/uploads\/hand-knitting-of-sweater-on-chun-7-1024x576.jpg 1024w, https:\/\/cdn.rochakhandknit.com\/wp-content\/uploads\/hand-knitting-of-sweater-on-chun-7-300x169.jpg 300w, https:\/\/cdn.rochakhandknit.com\/wp-content\/uploads\/hand-knitting-of-sweater-on-chun-7-768x432.jpg 768w, https:\/\/cdn.rochakhandknit.com\/wp-content\/uploads\/hand-knitting-of-sweater-on-chun-7-18x10.jpg 18w, https:\/\/cdn.rochakhandknit.com\/wp-content\/uploads\/hand-knitting-of-sweater-on-chun-7.jpg 1280w\" sizes=\"(max-width: 1024px) 100vw, 1024px\" \/><\/div><\/figure>\n<\/div><\/div>\n\n\n\n<div class=\"wp-block-kadence-column kadence-column254_a8984d-71 kb-section-dir-vertical kb-section-sm-dir-vertical inner-column-1\"><div class=\"kt-inside-inner-col\"><h2 class=\"kt-adv-heading254_29b182-88 wp-block-kadence-advancedheading\" data-kb-block=\"kb-adv-heading254_29b182-88\"><span class=\"kb-adv-text-inner\"><strong>Mihin uskomme<\/strong><\/span><\/h2>\n\n\n<p class=\"kt-adv-heading254_e8e220-b8 wp-block-kadence-advancedheading has-custom-color-2-color has-text-color\" data-kb-block=\"kb-adv-heading254_e8e220-b8\"><strong>Rochak Hand Knit Craftissa he uskovat, ett\u00e4 jokainen k\u00e4sin neulottu tuote on ainutlaatuinen ja tarjoaa t\u00e4ysin erilaisen tunteen verrattuna teollisiin kollegoihinsa. <\/strong><\/p>\n\n\n\n<p class=\"kt-adv-heading254_32cbf9-09 wp-block-kadence-advancedheading has-custom-color-2-color has-text-color\" data-kb-block=\"kb-adv-heading254_32cbf9-09\">Laatuun, kest\u00e4vyyteen ja asiantuntemukseen keskittyen organisaatio on sitoutunut tarjoamaan korkeimman tason k\u00e4sin neulottuja tuotteita, jotka vastaavat asiakkaiden tarpeita ja odotuksia. <\/p>\n\n\n\n<p class=\"kt-adv-heading254_e41e2e-62 wp-block-kadence-advancedheading has-custom-color-2-color has-text-color\" data-kb-block=\"kb-adv-heading254_e41e2e-62\">Etsitp\u00e4 sitten k\u00e4sintehtyj\u00e4 tuotteita kotiisi, erityist\u00e4 lahjaa rakkaalle tai haluat vain tukea kest\u00e4v\u00e4\u00e4 ja eettist\u00e4 organisaatiota, Rochak Hand Knit Craft on t\u00e4ydellinen valinta.<\/p>\n<\/div><\/div>\n\n<\/div><\/div>\n\n<div class=\"kb-row-layout-wrap kb-row-layout-id254_0337ce-1f alignfull has-theme-palette8-background-color kt-row-has-bg wp-block-kadence-rowlayout\"><div class=\"kt-row-column-wrap kt-has-2-columns kt-row-layout-equal kt-tab-layout-inherit kt-mobile-layout-row kt-row-valign-middle\">\n\n<div class=\"wp-block-kadence-column kadence-column254_7e6c3e-5a kb-section-dir-vertical kb-section-sm-dir-vertical inner-column-1\"><div class=\"kt-inside-inner-col\"><h2 class=\"kt-adv-heading254_2508df-e4 wp-block-kadence-advancedheading\" data-kb-block=\"kb-adv-heading254_2508df-e4\"><span class=\"kb-adv-text-inner\"><span class=\"kb-inline-dynamic\"><strong>Miten se alkoi<\/strong><\/span><\/span><\/h2>\n\n\n<p class=\"kt-adv-heading254_f1d6c6-97 wp-block-kadence-advancedheading has-custom-color-2-color has-text-color\" data-kb-block=\"kb-adv-heading254_f1d6c6-97\"><strong>Rochak Hand Knit Craftin matka alkoi rouva Rukmani Devi Shresthan intohimosta k\u00e4sin neulomiseen. Haluten tuoda yhteen paikallisia naisia, jotka jakavat h\u00e4nen kiinnostuksensa, h\u00e4n perusti ryhm\u00e4n ja ty\u00f6skenteli useita vuosia yksil\u00f6in\u00e4 ja sitten tiimin\u00e4.<\/strong><\/p>\n\n\n\n<p class=\"kt-adv-heading254_1d91de-63 wp-block-kadence-advancedheading has-custom-color-2-color has-text-color\" data-kb-block=\"kb-adv-heading254_1d91de-63\">Organisaation omistautuminen k\u00e4sin neulomiseen johti lopulta k\u00e4sin neulottujen tuotteiden luomiseen ja myyntiin paikallisille liikkeille, valmistajille ja jopa kansainv\u00e4lisesti.<\/p>\n<\/div><\/div>\n\n\n\n<div class=\"wp-block-kadence-column kadence-column254_2b0360-1b kb-section-dir-vertical\"><div class=\"kt-inside-inner-col\">\n<figure class=\"wp-block-kadence-image kb-image254_8a71de-f6 size-large kb-image-is-ratio-size\"><div class=\"kb-is-ratio-image kb-image-ratio-land43\"><img decoding=\"async\" src=\"https:\/\/rochakhandknit.com\/wp-content\/uploads\/Mrs-Rukmani-Shrestha-at-her-stall1-1024x719.jpg\" alt=\"Rukmani devi shrestha, Rochak Handknitin omistaja voitti palkinnon\" class=\"kb-img wp-image-1004\" title=\"\"><\/div><\/figure>\n<\/div><\/div>\n\n<\/div><\/div>\n\n<div class=\"kb-row-layout-wrap kb-row-layout-id254_4ea185-d2 alignnone wp-block-kadence-rowlayout\"><div class=\"kt-row-column-wrap kt-has-1-columns kt-row-layout-equal kt-tab-layout-inherit kt-mobile-layout-row kt-row-valign-top\">\n\n<div class=\"wp-block-kadence-column kadence-column254_661cb4-43\"><div class=\"kt-inside-inner-col\"><p class=\"kt-adv-heading254_2b823d-61 wp-block-kadence-advancedheading\" data-kb-block=\"kb-adv-heading254_2b823d-61\"><span class=\"kb-adv-text-inner\"><strong>Me uskomme<\/strong><\/span><\/p><\/div><\/div>\n\n<\/div><\/div>\n\n<div class=\"kb-row-layout-wrap kb-row-layout-id254_c2622e-da alignwide wp-block-kadence-rowlayout\"><div class=\"kt-row-column-wrap kt-has-3-columns kt-row-layout-equal kt-tab-layout-inherit kt-mobile-layout-row kt-row-valign-top kt-inner-column-height-full\">\n\n<div class=\"wp-block-kadence-column kadence-column254_0a7465-8a\" data-aos=\"swipe-down\" data-aos-easing=\"linear\"><div class=\"kt-inside-inner-col\">\n<p class=\"kt-adv-heading254_a752d7-c5 wp-block-kadence-advancedheading has-custom-color-5-color has-text-color\" data-kb-block=\"kb-adv-heading254_a752d7-c5\"><strong>Pyrimme<\/strong><\/p>\n\n\n\n<h3 class=\"kt-adv-heading254_7a2b6f-1d wp-block-kadence-advancedheading has-custom-color-2-color has-text-color\" data-kb-block=\"kb-adv-heading254_7a2b6f-1d\">Reilu kauppa<br>Arvot<\/h3>\n<\/div><\/div>\n\n\n\n<div class=\"wp-block-kadence-column kadence-column254_99fbf5-c9\" data-aos=\"swipe-down\" data-aos-easing=\"linear\"><div class=\"kt-inside-inner-col\">\n<p class=\"kt-adv-heading254_4e8ce1-98 wp-block-kadence-advancedheading has-custom-color-5-color has-text-color\" data-kb-block=\"kb-adv-heading254_4e8ce1-98\"><strong>Me uskomme<\/strong><\/p>\n\n\n\n<p class=\"kt-adv-heading254_f02926-9b wp-block-kadence-advancedheading has-custom-color-2-color has-text-color\" data-kb-block=\"kb-adv-heading254_f02926-9b\"><strong>Eettinen l\u00e4hestymistapa tuotantoon<\/strong><\/p>\n<\/div><\/div>\n\n\n\n<div class=\"wp-block-kadence-column kadence-column254_a3e532-50\" data-aos=\"swipe-down\" data-aos-easing=\"linear\"><div class=\"kt-inside-inner-col\">\n<p class=\"kt-adv-heading254_4e2f00-ff wp-block-kadence-advancedheading has-custom-color-5-color has-text-color\" data-kb-block=\"kb-adv-heading254_4e2f00-ff\"><strong>Lupaamme<\/strong><\/p>\n\n\n\n<p class=\"kt-adv-heading254_2d5aca-42 wp-block-kadence-advancedheading has-custom-color-2-color has-text-color\" data-kb-block=\"kb-adv-heading254_2d5aca-42\"><strong>Hyv\u00e4 ty\u00f6ymp\u00e4rist\u00f6<\/strong><\/p>\n<\/div><\/div>\n\n<\/div><\/div>\n\n<div class=\"kb-row-layout-wrap kb-row-layout-id254_65155f-67 alignnone wp-block-kadence-rowlayout\"><div class=\"kt-row-column-wrap kt-has-1-columns kt-row-layout-equal kt-tab-layout-inherit kt-mobile-layout-row kt-row-valign-top\">\n\n<div class=\"wp-block-kadence-column kadence-column254_65cc61-80\"><div class=\"kt-inside-inner-col\"><p class=\"kt-adv-heading254_6d4d65-77 wp-block-kadence-advancedheading\" data-kb-block=\"kb-adv-heading254_6d4d65-77\"><span class=\"kb-adv-text-inner\"><strong>Vahvuutemme<\/strong><\/span><\/p><\/div><\/div>\n\n<\/div><\/div>\n\n<div class=\"kb-row-layout-wrap kb-row-layout-id254_3d2325-3f alignfull wp-block-kadence-rowlayout\"><div class=\"kt-row-column-wrap kt-has-3-columns kt-row-layout-equal kt-tab-layout-inherit kt-mobile-layout-row kt-row-valign-top kt-inner-column-height-full\">\n\n<div class=\"wp-block-kadence-column kadence-column254_824164-e6\"><div class=\"kt-inside-inner-col\">\n<p class=\"kt-adv-heading254_b8cf94-c8 wp-block-kadence-advancedheading\" data-kb-block=\"kb-adv-heading254_b8cf94-c8\"><strong>6<\/strong><\/p>\n\n\n\n<p class=\"kt-adv-heading254_f71f46-48 wp-block-kadence-advancedheading\" data-kb-block=\"kb-adv-heading254_f71f46-48\">Vakituiset ty\u00f6ntekij\u00e4t<\/p>\n<\/div><\/div>\n\n\n\n<div class=\"wp-block-kadence-column kadence-column254_dcc25c-6f\"><div class=\"kt-inside-inner-col\">\n<p class=\"kt-adv-heading254_82b2ca-6d wp-block-kadence-advancedheading\" data-kb-block=\"kb-adv-heading254_82b2ca-6d\"><strong>200+<\/strong><\/p>\n\n\n\n<p class=\"kt-adv-heading254_ab8d70-31 wp-block-kadence-advancedheading\" data-kb-block=\"kb-adv-heading254_ab8d70-31\">Kotik\u00e4ytt\u00f6iset naisten neulojat<\/p>\n<\/div><\/div>\n\n\n\n<div class=\"wp-block-kadence-column kadence-column254_ed28e1-74\"><div class=\"kt-inside-inner-col\">\n<p class=\"kt-adv-heading254_c1750d-ac wp-block-kadence-advancedheading\" data-kb-block=\"kb-adv-heading254_c1750d-ac\"><strong>100%<\/strong><\/p>\n\n\n\n<p class=\"kt-adv-heading254_3a05ae-27 wp-block-kadence-advancedheading\" data-kb-block=\"kb-adv-heading254_3a05ae-27\">Sitoutunut laadukkaisiin tuotteisiin<\/p>\n<\/div><\/div>\n\n<\/div><\/div>\n\n<div class=\"kb-row-layout-wrap kb-row-layout-id254_5180a7-41 alignwide wp-block-kadence-rowlayout\"><div class=\"kt-row-column-wrap kt-has-2-columns kt-row-layout-equal kt-tab-layout-inherit kt-mobile-layout-row kt-row-valign-top kt-inner-column-height-full\">\n\n<div class=\"wp-block-kadence-column kadence-column254_5534cd-da\"><div class=\"kt-inside-inner-col\">\n<p class=\"kt-adv-heading254_54bf94-9c wp-block-kadence-advancedheading has-custom-color-5-color has-text-color\" data-kb-block=\"kb-adv-heading254_54bf94-9c\"><strong>Haluatko tiet\u00e4\u00e4 enemm\u00e4n tekemist\u00e4mme?<\/strong><\/p>\n\n\n\n<p class=\"kt-adv-heading254_9081fb-e9 wp-block-kadence-advancedheading\" data-kb-block=\"kb-adv-heading254_9081fb-e9\">Lue vastaukset yleisiin kysymyksiin osoitteessamme <a href=\"https:\/\/rochakhandknit.com\/fi\/valmistus-ukk\/\" data-type=\"page\" data-id=\"223\">Valmistuksen UKK<\/a> sivu.<\/p>\n<\/div><\/div>\n\n\n\n<div class=\"wp-block-kadence-column kadence-column254_54cd3b-06\"><div class=\"kt-inside-inner-col\">\n<p class=\"kt-adv-heading254_8647ea-2a wp-block-kadence-advancedheading has-custom-color-2-color has-text-color\" data-kb-block=\"kb-adv-heading254_8647ea-2a\"><strong>Haluatko aloittaa?<\/strong><\/p>\n\n\n\n<p class=\"kt-adv-heading254_c80eba-66 wp-block-kadence-advancedheading\" data-kb-block=\"kb-adv-heading254_c80eba-66\">Jos sinulla on lis\u00e4\u00e4 kysytt\u00e4v\u00e4\u00e4, l\u00e4het\u00e4 meille osoitteella <a href=\"https:\/\/rochakhandknit.com\/fi\/ota-meihin-yhteytta\/#gform_wrapper_1\">Yhteydenottolomake<\/a>.<a href=\"https:\/\/rochakhandknit.com\/fi\/ota-meihin-yhteytta\/#gform_wrapper_1\" target=\"_blank\" rel=\"noopener\"><br>Seuraava prosessi?<br><\/a><\/p>\n<\/div><\/div>\n\n<\/div><\/div>","protected":false},"excerpt":{"rendered":"<p>Our Journey till date Founded in 1996 and registered with the Nepal government under &#8216;small &amp; cottage industries&#8217;, Rochak Hand knit Craft is a dedicated organization that has been providing high-quality hand knitted goods made from natural fibers for over 25 years. Led by proprietor Mrs. Rukmani Devi Shrestha and her husband Rajendra Man Shrestha, [&hellip;]<\/p>\n","protected":false},"author":1,"featured_media":0,"parent":0,"menu_order":0,"comment_status":"closed","ping_status":"closed","template":"","meta":{"_acf_changed":false,"inline_featured_image":false,"_lmt_disableupdate":"no","_lmt_disable":"","_kad_blocks_custom_css":"","_kad_blocks_head_custom_js":"","_kad_blocks_body_custom_js":"","_kad_blocks_footer_custom_js":"","iawp_total_views":186,"footnotes":""},"class_list":["post-254","page","type-page","status-publish","hentry"],"acf":[],"taxonomy_info":[],"featured_image_src_large":false,"author_info":{"display_name":"Rochak Shrestha","author_link":"https:\/\/rochakhandknit.com\/fi\/author\/webadmin\/"},"comment_info":0,"_links":{"self":[{"href":"https:\/\/rochakhandknit.com\/fi\/wp-json\/wp\/v2\/pages\/254","targetHints":{"allow":["GET"]}}],"collection":[{"href":"https:\/\/rochakhandknit.com\/fi\/wp-json\/wp\/v2\/pages"}],"about":[{"href":"https:\/\/rochakhandknit.com\/fi\/wp-json\/wp\/v2\/types\/page"}],"author":[{"embeddable":true,"href":"https:\/\/rochakhandknit.com\/fi\/wp-json\/wp\/v2\/users\/1"}],"replies":[{"embeddable":true,"href":"https:\/\/rochakhandknit.com\/fi\/wp-json\/wp\/v2\/comments?post=254"}],"version-history":[{"count":1,"href":"https:\/\/rochakhandknit.com\/fi\/wp-json\/wp\/v2\/pages\/254\/revisions"}],"predecessor-version":[{"id":9635,"href":"https:\/\/rochakhandknit.com\/fi\/wp-json\/wp\/v2\/pages\/254\/revisions\/9635"}],"wp:attachment":[{"href":"https:\/\/rochakhandknit.com\/fi\/wp-json\/wp\/v2\/media?parent=254"}],"curies":[{"name":"wp","href":"https:\/\/api.w.org\/{rel}","templated":true}]}}