{"id":2592,"date":"2021-03-04T14:24:56","date_gmt":"2021-03-04T08:39:56","guid":{"rendered":"https:\/\/rochakhandknit.com\/?page_id=2592"},"modified":"2025-12-12T10:13:00","modified_gmt":"2025-12-12T04:28:00","slug":"kytkea","status":"publish","type":"page","link":"https:\/\/rochakhandknit.com\/fi\/kytkea\/","title":{"rendered":"Ota yhteytt\u00e4 meihin"},"content":{"rendered":"<div class=\"wp-block-group alignwide is-vertical is-layout-flex wp-container-core-group-is-layout-d6b9ab57 wp-block-group-is-layout-flex\">\n<div class=\"wp-block-group is-content-justification-left is-nowrap is-layout-flex wp-container-core-group-is-layout-fc9f69e7 wp-block-group-is-layout-flex\">\n<figure class=\"wp-block-image size-full is-resized\"><img decoding=\"async\" width=\"512\" height=\"512\" src=\"https:\/\/rochakhandknit.com\/wp-content\/uploads\/instagram.png\" alt=\"instagram\" class=\"wp-image-4496\" style=\"width:108px;height:auto\" title=\"\" srcset=\"https:\/\/cdn.rochakhandknit.com\/wp-content\/uploads\/instagram.png 512w, https:\/\/cdn.rochakhandknit.com\/wp-content\/uploads\/instagram-300x300.png 300w, https:\/\/cdn.rochakhandknit.com\/wp-content\/uploads\/instagram-150x150.png 150w, https:\/\/cdn.rochakhandknit.com\/wp-content\/uploads\/instagram-12x12.png 12w\" sizes=\"(max-width: 512px) 100vw, 512px\" \/><\/figure>\n\n\n\n<p class=\"has-x-large-font-size\"><a href=\"https:\/\/instagram.com\/Rochakhandknit\" target=\"_blank\" rel=\"noreferrer noopener\"><strong>Seuraa meit\u00e4 Instagramissa<\/strong><\/a><\/p>\n<\/div>\n\n\n\n<div class=\"wp-block-group is-content-justification-left is-nowrap is-layout-flex wp-container-core-group-is-layout-fc9f69e7 wp-block-group-is-layout-flex\">\n<figure class=\"wp-block-image size-full is-resized\"><img decoding=\"async\" width=\"512\" height=\"512\" src=\"https:\/\/rochakhandknit.com\/wp-content\/uploads\/linkedin.png\" alt=\"linkedin\" class=\"wp-image-4497\" style=\"width:108px;height:auto\" title=\"\" srcset=\"https:\/\/cdn.rochakhandknit.com\/wp-content\/uploads\/linkedin.png 512w, https:\/\/cdn.rochakhandknit.com\/wp-content\/uploads\/linkedin-300x300.png 300w, https:\/\/cdn.rochakhandknit.com\/wp-content\/uploads\/linkedin-150x150.png 150w, https:\/\/cdn.rochakhandknit.com\/wp-content\/uploads\/linkedin-12x12.png 12w\" sizes=\"(max-width: 512px) 100vw, 512px\" \/><\/figure>\n\n\n\n<p class=\"has-x-large-font-size\"><strong><a href=\"https:\/\/www.linkedin.com\/company\/rochakhandknit\" target=\"_blank\" rel=\"noreferrer noopener\">Liity joukkoomme Linkediniss\u00e4<\/a><\/strong><\/p>\n<\/div>\n\n\n\n<div class=\"wp-block-group is-content-justification-left is-nowrap is-layout-flex wp-container-core-group-is-layout-fc9f69e7 wp-block-group-is-layout-flex\">\n<figure class=\"wp-block-image size-full is-resized\"><img decoding=\"async\" width=\"512\" height=\"512\" src=\"https:\/\/rochakhandknit.com\/wp-content\/uploads\/map.png\" alt=\"kartta\" class=\"wp-image-4498\" style=\"width:108px;height:auto\" title=\"\" srcset=\"https:\/\/cdn.rochakhandknit.com\/wp-content\/uploads\/map.png 512w, https:\/\/cdn.rochakhandknit.com\/wp-content\/uploads\/map-300x300.png 300w, https:\/\/cdn.rochakhandknit.com\/wp-content\/uploads\/map-150x150.png 150w, https:\/\/cdn.rochakhandknit.com\/wp-content\/uploads\/map-12x12.png 12w\" sizes=\"(max-width: 512px) 100vw, 512px\" \/><\/figure>\n\n\n\n<p class=\"has-x-large-font-size\"><strong><a href=\"http:\/\/Rochakhandknit.com\/maps\" target=\"_blank\" rel=\"noreferrer noopener\">Etsi meid\u00e4t Google Mapsin avulla<\/a><\/strong><\/p>\n<\/div>\n\n\n\n<div class=\"wp-block-group is-content-justification-left is-nowrap is-layout-flex wp-container-core-group-is-layout-fc9f69e7 wp-block-group-is-layout-flex\">\n<figure class=\"wp-block-image size-full is-resized\"><img decoding=\"async\" width=\"512\" height=\"512\" src=\"https:\/\/rochakhandknit.com\/wp-content\/uploads\/email.png\" alt=\"s\u00e4hk\u00f6posti\" class=\"wp-image-4499\" style=\"width:108px;height:auto\" title=\"\" srcset=\"https:\/\/cdn.rochakhandknit.com\/wp-content\/uploads\/email.png 512w, https:\/\/cdn.rochakhandknit.com\/wp-content\/uploads\/email-300x300.png 300w, https:\/\/cdn.rochakhandknit.com\/wp-content\/uploads\/email-150x150.png 150w, https:\/\/cdn.rochakhandknit.com\/wp-content\/uploads\/email-12x12.png 12w\" sizes=\"(max-width: 512px) 100vw, 512px\" \/><\/figure>\n\n\n\n<p class=\"has-x-large-font-size\"><strong><a href=\"https:\/\/www.google.com\/maps\/place\/Rochak+Handknit+Craft\/@27.7184687,85.3039612,17z\/data=!3m1!4b1!4m5!3m4!1s0x39eb18e4e3fad3fb:0xa9dfe21fb2c59bfb!8m2!3d27.718464!4d85.3061499\" target=\"_blank\" rel=\"noreferrer noopener\">Voit l\u00e4hett\u00e4\u00e4 meille s\u00e4hk\u00f6postia <\/a><\/strong><\/p>\n<\/div>\n\n\n\n\n\n<div class=\"wp-block-group is-content-justification-left is-nowrap is-layout-flex wp-container-core-group-is-layout-fc9f69e7 wp-block-group-is-layout-flex\">\n<figure class=\"wp-block-image size-full is-resized\"><img decoding=\"async\" width=\"512\" height=\"512\" src=\"https:\/\/rochakhandknit.com\/wp-content\/uploads\/whatsapp.png\" alt=\"whatsapp\" class=\"wp-image-4500\" style=\"width:108px;height:auto\" title=\"\" srcset=\"https:\/\/cdn.rochakhandknit.com\/wp-content\/uploads\/whatsapp.png 512w, https:\/\/cdn.rochakhandknit.com\/wp-content\/uploads\/whatsapp-300x300.png 300w, https:\/\/cdn.rochakhandknit.com\/wp-content\/uploads\/whatsapp-150x150.png 150w, https:\/\/cdn.rochakhandknit.com\/wp-content\/uploads\/whatsapp-12x12.png 12w\" sizes=\"(max-width: 512px) 100vw, 512px\" \/><figcaption class=\"wp-element-caption\">whatsapp<\/figcaption><\/figure>\n\n\n\n<div class=\"wp-block-group has-global-padding is-layout-constrained wp-block-group-is-layout-constrained\">\n<p class=\"has-x-large-font-size\"><strong>Voit l\u00e4hett\u00e4\u00e4Skannaa alla olevan QR-koodin WhatsApp-viestiin meille s\u00e4hk\u00f6postitse <\/strong><\/p>\n\n\n\n<figure class=\"wp-block-image size-full\"><img decoding=\"async\" width=\"444\" height=\"444\" src=\"https:\/\/rochakhandknit.com\/wp-content\/uploads\/Rochak-Handknit-WhatsApp.jpg\" alt=\"Rochak Handknit WhatsApp\" class=\"wp-image-3791\" title=\"\" srcset=\"https:\/\/cdn.rochakhandknit.com\/wp-content\/uploads\/Rochak-Handknit-WhatsApp.jpg 444w, https:\/\/cdn.rochakhandknit.com\/wp-content\/uploads\/Rochak-Handknit-WhatsApp-300x300.jpg 300w, https:\/\/cdn.rochakhandknit.com\/wp-content\/uploads\/Rochak-Handknit-WhatsApp-150x150.jpg 150w, https:\/\/cdn.rochakhandknit.com\/wp-content\/uploads\/Rochak-Handknit-WhatsApp-12x12.jpg 12w\" sizes=\"(max-width: 444px) 100vw, 444px\" \/><\/figure>\n\n\n\n<div class=\"wp-block-buttons is-layout-flex wp-block-buttons-is-layout-flex\">\n<div class=\"wp-block-button\"><a class=\"wp-block-button__link wp-element-button\" href=\"https:\/\/wa.me\/message\/CRDIVEGTJ6CRB1\" target=\"_blank\" rel=\"noreferrer noopener\">Yhdist\u00e4 Whatsappissa<\/a><\/div>\n<\/div>\n<\/div>\n<\/div>\n\n\n\n\n\n<div class=\"wp-block-group is-content-justification-left is-nowrap is-layout-flex wp-container-core-group-is-layout-fc9f69e7 wp-block-group-is-layout-flex\">\n<figure class=\"wp-block-image size-full is-resized\"><img decoding=\"async\" width=\"512\" height=\"512\" src=\"https:\/\/rochakhandknit.com\/wp-content\/uploads\/online-meeting.png\" alt=\"online-kokous\" class=\"wp-image-4502\" style=\"width:108px;height:auto\" title=\"\" srcset=\"https:\/\/cdn.rochakhandknit.com\/wp-content\/uploads\/online-meeting.png 512w, https:\/\/cdn.rochakhandknit.com\/wp-content\/uploads\/online-meeting-300x300.png 300w, https:\/\/cdn.rochakhandknit.com\/wp-content\/uploads\/online-meeting-150x150.png 150w, https:\/\/cdn.rochakhandknit.com\/wp-content\/uploads\/online-meeting-12x12.png 12w\" sizes=\"(max-width: 512px) 100vw, 512px\" \/><figcaption class=\"wp-element-caption\">online-kokous<\/figcaption><\/figure>\n\n\n\n<div class=\"wp-block-group has-global-padding is-layout-constrained wp-block-group-is-layout-constrained\">\n<p class=\"has-x-large-font-size\">Hy\u00f6dynn\u00e4 keskustelun mahdollisuudet ja varaa Microsoft Teams -kokous kanssamme. <br><br>Osallistu eloisaan videopuheluun, jossa voimme syventy\u00e4 yksityiskohtiin, jakaa oivalluksia ja edist\u00e4\u00e4 yhteisty\u00f6henke\u00e4. <br><br>Polkusi mukaansatempaavaan keskusteluun on vain napautuksen p\u00e4\u00e4ss\u00e4!<\/p>\n\n\n\n<div class=\"wp-block-buttons is-layout-flex wp-block-buttons-is-layout-flex\">\n<div class=\"wp-block-button\"><a class=\"wp-block-button__link wp-element-button\" href=\"https:\/\/rochakhandknit.com\/fi\/bookings\/\" target=\"_blank\" rel=\"noreferrer noopener\">Varaa tapaaminen kanssamme<\/a><\/div>\n<\/div>\n<\/div>\n<\/div>\n<\/div>","protected":false},"excerpt":{"rendered":"<p>Follow us at Instagram Join us at Linkedin Locate us using Google Maps You can send us an Email You can sendScan the QR below to Message on WhatsApp us an Email Unlock the possibilities of a discussion to schedule a Microsoft Teams Meeting with us. Engage in a vibrant video call where we can [&hellip;]<\/p>\n","protected":false},"author":1,"featured_media":0,"parent":0,"menu_order":0,"comment_status":"closed","ping_status":"closed","template":"","meta":{"_acf_changed":false,"inline_featured_image":false,"_lmt_disableupdate":"no","_lmt_disable":"","_kad_blocks_custom_css":"","_kad_blocks_head_custom_js":"","_kad_blocks_body_custom_js":"","_kad_blocks_footer_custom_js":"","iawp_total_views":78,"footnotes":""},"class_list":["post-2592","page","type-page","status-publish","hentry"],"acf":[],"taxonomy_info":[],"featured_image_src_large":false,"author_info":{"display_name":"Rochak Shrestha","author_link":"https:\/\/rochakhandknit.com\/fi\/author\/webadmin\/"},"comment_info":0,"_links":{"self":[{"href":"https:\/\/rochakhandknit.com\/fi\/wp-json\/wp\/v2\/pages\/2592","targetHints":{"allow":["GET"]}}],"collection":[{"href":"https:\/\/rochakhandknit.com\/fi\/wp-json\/wp\/v2\/pages"}],"about":[{"href":"https:\/\/rochakhandknit.com\/fi\/wp-json\/wp\/v2\/types\/page"}],"author":[{"embeddable":true,"href":"https:\/\/rochakhandknit.com\/fi\/wp-json\/wp\/v2\/users\/1"}],"replies":[{"embeddable":true,"href":"https:\/\/rochakhandknit.com\/fi\/wp-json\/wp\/v2\/comments?post=2592"}],"version-history":[{"count":1,"href":"https:\/\/rochakhandknit.com\/fi\/wp-json\/wp\/v2\/pages\/2592\/revisions"}],"predecessor-version":[{"id":9624,"href":"https:\/\/rochakhandknit.com\/fi\/wp-json\/wp\/v2\/pages\/2592\/revisions\/9624"}],"wp:attachment":[{"href":"https:\/\/rochakhandknit.com\/fi\/wp-json\/wp\/v2\/media?parent=2592"}],"curies":[{"name":"wp","href":"https:\/\/api.w.org\/{rel}","templated":true}]}}