{"id":4292,"date":"2024-01-27T15:38:16","date_gmt":"2024-01-27T09:53:16","guid":{"rendered":"https:\/\/rochakhandknit.com\/?page_id=4292"},"modified":"2024-01-27T15:38:27","modified_gmt":"2024-01-27T09:53:27","slug":"hoitaa-pehmeaa-villaa-kuten-mohair-merino-alpakka-kashmir","status":"publish","type":"page","link":"https:\/\/rochakhandknit.com\/fi\/hoitaa-pehmeaa-villaa-kuten-mohair-merino-alpakka-kashmir\/","title":{"rendered":"Pehme\u00e4n villan, kuten mohairin, merinovon, alpakan, kashmirin, hoito"},"content":{"rendered":"<p>N\u00e4m\u00e4 erinomaiset materiaalit, joilla on vertaansa vailla oleva pehmeys ja erist\u00e4v\u00e4t ominaisuudet, vaativat huolenpitoa ja huoltoa. Vaatteiden ja asusteiden ostaminen n\u00e4ist\u00e4 premium-villasta ja sen k\u00e4sittelem\u00e4tt\u00e4 j\u00e4tt\u00e4minen on investointien hukkaa. Pehme\u00e4n villan, kuten mohairin, merinovon, alpakan ja kashmirin, hoito on siis v\u00e4ltt\u00e4m\u00e4t\u00f6nt\u00e4, jos haluat s\u00e4ilytt\u00e4\u00e4 sen laadun.<\/p>\n\n\n\n<p>Alla on muutamia vinkkej\u00e4, joiden avulla voit pit\u00e4\u00e4 premium-villasta valmistetut vaatteet mahdollisimman parhaassa kunnossa.<\/p>\n\n\n\n<p><strong>P\u00e4\u00e4ll\u00e4\u00e4n:<\/strong><\/p>\n\n\n\n<ol class=\"wp-block-list\">\n<li><strong>V\u00e4lt\u00e4 liiallista kulumista:<\/strong>\n<ul class=\"wp-block-list\">\n<li>Kierr\u00e4 Alpaca-neuleiden k\u00e4ytt\u00f6\u00e4 est\u00e4\u00e4ksesi liiallisen kulumisen tietyill\u00e4 alueilla ja s\u00e4ilytt\u00e4\u00e4ksesi sen muodon.<\/li>\n<\/ul>\n<\/li>\n\n\n\n<li><strong>Minimoi kosketus karkeiden pintojen kanssa:<\/strong>\n<ul class=\"wp-block-list\">\n<li>Varo karkeita pintoja, jotka voivat takertua tai vet\u00e4\u00e4 herkki\u00e4 alpakkakuituja.<\/li>\n<\/ul>\n<\/li>\n\n\n\n<li><strong>V\u00e4lt\u00e4 koruja:<\/strong>\n<ul class=\"wp-block-list\">\n<li>Varo koruja, jotka voivat tarttua neuleeseen aiheuttaen vaurioita tai hankaluuksia.<\/li>\n<\/ul>\n<\/li>\n\n\n\n<li><strong>Poista ennen toimintoja:<\/strong>\n<ul class=\"wp-block-list\">\n<li>Poista alpakkavaatteet ennen kuin aloitat toiminnot, jotka voivat aiheuttaa liiallista hikoilua tai v\u00e4rj\u00e4ytymist\u00e4.<\/li>\n<\/ul>\n<\/li>\n<\/ol>\n\n\n\n<p><strong>Puhdistus:<\/strong><\/p>\n\n\n\n<p> 5. <strong>K\u00e4sinpesu kylm\u00e4ss\u00e4 vedess\u00e4:<\/strong><\/p>\n\n\n\n<ul class=\"wp-block-list\">\n<li>Pese Alpaca-neule varovasti k\u00e4sin kylm\u00e4ss\u00e4 vedess\u00e4 miedolla pesuaineella kuitujen s\u00e4ilytt\u00e4miseksi.<\/li>\n<\/ul>\n\n\n\n<ol class=\"wp-block-list\" start=\"6\">\n<li><strong>K\u00e4yt\u00e4 mietoa pesuainetta:<\/strong>\n<ul class=\"wp-block-list\">\n<li>Valitse erityisesti herkille kankaille suunniteltu pesuaine, jotta v\u00e4lt\u00e4t kovia kemikaaleja.<\/li>\n<\/ul>\n<\/li>\n\n\n\n<li><strong>V\u00e4lt\u00e4 levottomuutta:<\/strong>\n<ul class=\"wp-block-list\">\n<li>Minimoi hankausta tai v\u00e4\u00e4nt\u00e4mist\u00e4 pesun aikana venymisen tai v\u00e4\u00e4ntymisen est\u00e4miseksi.<\/li>\n<\/ul>\n<\/li>\n\n\n\n<li><strong>V\u00e4rinkestotesti:<\/strong>\n<ul class=\"wp-block-list\">\n<li>Ennen pesua testaa v\u00e4rinkest\u00e4vyys pienelt\u00e4, huomaamattomalta alueelta v\u00e4rin vuotamisen est\u00e4miseksi.<\/li>\n<\/ul>\n<\/li>\n\n\n\n<li><strong>Kuiva asunto:<\/strong>\n<ul class=\"wp-block-list\">\n<li>Kuivaa Alpaca-neuleet tasaisesti puhtaalle pyyhkeelle s\u00e4ilytt\u00e4\u00e4ksesi muotonsa. V\u00e4lt\u00e4 roikkumista venymisen est\u00e4miseksi.<\/li>\n<\/ul>\n<\/li>\n\n\n\n<li><strong>Pid\u00e4 poissa suorasta auringonvalosta:<\/strong>\n<ul class=\"wp-block-list\">\n<li>Kuivaa neuleet varjoisassa paikassa, jotta ne eiv\u00e4t haalistu ja vaurioita suorasta auringonvalosta.<\/li>\n<\/ul>\n<\/li>\n<\/ol>\n\n\n\n<p><strong>Tallennus:<\/strong> <\/p>\n\n\n\n<p>11. <strong>Taita, \u00e4l\u00e4 ripusta:<\/strong> \u2013 S\u00e4ilyt\u00e4 Alpaca-vaatteet taitettuina venymisen est\u00e4miseksi, varsinkin neulepuseroissa.<\/p>\n\n\n\n<ol class=\"wp-block-list\" start=\"12\">\n<li><strong>K\u00e4yt\u00e4 setripalloja:<\/strong>\n<ul class=\"wp-block-list\">\n<li>Aseta setripallot s\u00e4ilytystilaan karkottamaan koit ja suojaamaan mahdollisilta vaurioilta.<\/li>\n<\/ul>\n<\/li>\n\n\n\n<li><strong>Viile\u00e4, tuuletettu varastointi:<\/strong>\n<ul class=\"wp-block-list\">\n<li>S\u00e4ilyt\u00e4 Alpaca-neuleita viile\u00e4ss\u00e4, hyvin tuuletetussa tilassa ummehtumisen est\u00e4miseksi.<\/li>\n<\/ul>\n<\/li>\n\n\n\n<li><strong>Ammattimainen puhdistus pitk\u00e4aikaiseen varastointiin:<\/strong>\n<ul class=\"wp-block-list\">\n<li>Harkitse ammattimaista kuivapesua ennen pitk\u00e4aikaista varastointia varmistaaksesi, ett\u00e4 vaatteet ovat puhtaita ja koivapaita.<\/li>\n<\/ul>\n<\/li>\n\n\n\n<li>Muutama huomautus PILLINGist\u00e4\n<ul class=\"wp-block-list\">\n<li>Pilkkeily, luonnollinen ilmi\u00f6 luonnonkuiduista, kuten villasta, valmistetuissa tekstiileiss\u00e4, ei ole osoitus huonommasta laadusta. Pilkkej\u00e4 voi luonnollisesti esiinty\u00e4, kun vaatteet joutuvat kosketuksiin kovien pintojen kanssa k\u00e4yt\u00f6n aikana. Lis\u00e4ksi ajan my\u00f6t\u00e4 pieni kitka voi my\u00f6t\u00e4vaikuttaa nyppyyntymisen kehittymiseen. On t\u00e4rke\u00e4\u00e4 ymm\u00e4rt\u00e4\u00e4, ett\u00e4 t\u00e4m\u00e4 ilmi\u00f6 liittyy kankaan luonteeseen eik\u00e4 heijasta vaatteen ammattitaito- tai materiaalivirheit\u00e4.<\/li>\n<\/ul>\n<\/li>\n<\/ol>\n\n\n\n<figure class=\"wp-block-image size-full\"><img decoding=\"async\" width=\"878\" height=\"1017\" src=\"https:\/\/rochakhandknit.com\/wp-content\/uploads\/Pilling-in-Merino-wool-sweater.png\" alt=\"Pilling merinovillapusero\" class=\"wp-image-4404\" style=\"aspect-ratio:9\/16;object-fit:cover\" title=\"\" srcset=\"https:\/\/cdn.rochakhandknit.com\/wp-content\/uploads\/Pilling-in-Merino-wool-sweater.png 878w, https:\/\/cdn.rochakhandknit.com\/wp-content\/uploads\/Pilling-in-Merino-wool-sweater-259x300.png 259w, https:\/\/cdn.rochakhandknit.com\/wp-content\/uploads\/Pilling-in-Merino-wool-sweater-768x890.png 768w, https:\/\/cdn.rochakhandknit.com\/wp-content\/uploads\/Pilling-in-Merino-wool-sweater-10x12.png 10w\" sizes=\"(max-width: 878px) 100vw, 878px\" \/><figcaption class=\"wp-element-caption\">Yll\u00e4 on esimerkki karkean kulumisen aiheuttamasta liiallisesta nyppyyntymisest\u00e4.<\/figcaption><\/figure>\n\n\n\n<p>Ensiluokkaisiin villaneuleisiin, kuten mohair-, merino-, alpakka- ja kashmirinvestointeihin tehdyn investointisi pitk\u00e4ik\u00e4isyys ja esteettinen vetovoima voidaan saavuttaa noudattamalla n\u00e4it\u00e4 suositeltuja k\u00e4ytt\u00f6\u00e4, puhdistusta ja s\u00e4ilytyst\u00e4 koskevia ohjeita. Siksi asianmukaisen hoidon huomioiminen on olennaista, jotta k\u00e4sintehtyjen neuleiden erinomainen laatu s\u00e4ilyy korkealaatuisista villakuiduista.<\/p>","protected":false},"excerpt":{"rendered":"<p>These exquisite materials with their unparalleled softness and insulating properties, demand a level of care and maintenance. Purchasing an apparel and accessories with these premium wool and not handling it is a waste of investment. So caring for Soft Wool like Mohair, Merino, Alpaca, Cashmere is a must if you wan to uphold its quality. [&hellip;]<\/p>\n","protected":false},"author":1,"featured_media":0,"parent":0,"menu_order":0,"comment_status":"closed","ping_status":"closed","template":"","meta":{"_acf_changed":false,"inline_featured_image":false,"_lmt_disableupdate":"","_lmt_disable":"","_kad_blocks_custom_css":"","_kad_blocks_head_custom_js":"","_kad_blocks_body_custom_js":"","_kad_blocks_footer_custom_js":"","iawp_total_views":84,"footnotes":""},"class_list":["post-4292","page","type-page","status-publish","hentry"],"acf":[],"taxonomy_info":[],"featured_image_src_large":false,"author_info":{"display_name":"Rochak Shrestha","author_link":"https:\/\/rochakhandknit.com\/fi\/author\/webadmin\/"},"comment_info":0,"_links":{"self":[{"href":"https:\/\/rochakhandknit.com\/fi\/wp-json\/wp\/v2\/pages\/4292","targetHints":{"allow":["GET"]}}],"collection":[{"href":"https:\/\/rochakhandknit.com\/fi\/wp-json\/wp\/v2\/pages"}],"about":[{"href":"https:\/\/rochakhandknit.com\/fi\/wp-json\/wp\/v2\/types\/page"}],"author":[{"embeddable":true,"href":"https:\/\/rochakhandknit.com\/fi\/wp-json\/wp\/v2\/users\/1"}],"replies":[{"embeddable":true,"href":"https:\/\/rochakhandknit.com\/fi\/wp-json\/wp\/v2\/comments?post=4292"}],"version-history":[{"count":0,"href":"https:\/\/rochakhandknit.com\/fi\/wp-json\/wp\/v2\/pages\/4292\/revisions"}],"wp:attachment":[{"href":"https:\/\/rochakhandknit.com\/fi\/wp-json\/wp\/v2\/media?parent=4292"}],"curies":[{"name":"wp","href":"https:\/\/api.w.org\/{rel}","templated":true}]}}