{"id":4294,"date":"2024-01-27T16:01:40","date_gmt":"2024-01-27T10:16:40","guid":{"rendered":"https:\/\/rochakhandknit.com\/?page_id=4294"},"modified":"2025-06-22T17:05:31","modified_gmt":"2025-06-22T11:20:31","slug":"vakava-maksu","status":"publish","type":"page","link":"https:\/\/rochakhandknit.com\/fi\/vakava-maksu\/","title":{"rendered":"Todellinen maksu"},"content":{"rendered":"<p>Vakava maksu toimii asiakkaan taloudellisena sitoumuksena, joka osoittaa vakavaa aikomusta jatkaa liiketapahtumaa. Se auttaa v\u00e4hent\u00e4m\u00e4\u00e4n riskej\u00e4, jotka liittyv\u00e4t ajan, resurssien tai tuotantokustannusten varaamiseen kaltaisellemme pienyritykselle. <\/p>\n\n\n\n<h2 class=\"wp-block-heading\">Miten p\u00e4\u00e4dyimme pyyt\u00e4m\u00e4\u00e4n Earnest-maksua<\/h2>\n\n\n\n<p>Tapaamme useita tapauksia, joissa asiakkaat pyyt\u00e4v\u00e4t r\u00e4\u00e4t\u00e4l\u00f6ityj\u00e4 n\u00e4ytteit\u00e4 omien suunnitelmiensa perusteella, ja kun olemme luoneet tavarat, asiakas ei vastaa, ei anna palautetta tai ilmaisee tyytym\u00e4tt\u00f6myytt\u00e4 ja lopulta kielt\u00e4ytyy maksamasta.<\/p>\n\n\n\n<h2 class=\"wp-block-heading\">Nykyinen tosissaan maksamista koskeva k\u00e4yt\u00e4nt\u00f6mme<\/h2>\n\n\n\n<p>T\u00e4ll\u00e4 hetkell\u00e4 pyyd\u00e4mme $100 vakavaa talletusta sitoutumisen varmistamiseksi. T\u00e4m\u00e4 pantti helpottaa raaka-aineiden hankintaa, kuvio- ja mallivalintojen viimeistely\u00e4, tavaroiden huolellista k\u00e4sity\u00f6t\u00e4 ja valmiiden tuotteiden l\u00e4hetyst\u00e4. Jos asiakas on tyytym\u00e4t\u00f6n tai iteraatiota ei pyydet\u00e4, n\u00e4ytteen luomisesta j\u00e4ljelle j\u00e4\u00e4v\u00e4 ylim\u00e4\u00e4r\u00e4inen summa palautetaan viipym\u00e4tt\u00e4 asiakkaalle.<\/p>\n\n\n\n<h2 class=\"wp-block-heading\">Kuinka se toimii<\/h2>\n\n\n\n<p>Saamme 100 USD vakavana maksuna<\/p>\n\n\n\n<p>Tyypillinen esimerkki olisi seuraava<\/p>\n\n\n\n<p>N\u00e4ytemaksu = 40 USD. <\/p>\n\n\n\n<p>Toimituskulut = 40 USD<\/p>\n\n\n\n<p>100 \u2013 40 \u2013 40 = 20. <\/p>\n\n\n\n<p>20 USD palautetaan, jos et p\u00e4\u00e4t\u00e4 jatkaa ty\u00f6skentely\u00e4. Jos p\u00e4\u00e4t\u00e4t jatkaa ty\u00f6skentely\u00e4, 20 USD on odotustilassa ja pyyt\u00e4\u00e4 viel\u00e4 80 USD, jos sinun on otettava uusi n\u00e4yte. <\/p>\n\n\n\n<p>Jos n\u00e4yte + toimituskulut ovat yli 100 USD, pyyd\u00e4mme lis\u00e4summaa ennen niiden l\u00e4hett\u00e4mist\u00e4.<\/p>\n\n\n\n<p class=\"kt-adv-heading4294_e75b0e-6c wp-block-kadence-advancedheading\" data-kb-block=\"kb-adv-heading4294_e75b0e-6c\"><\/p>\n\n\n\n<h2 class=\"wp-block-heading\">Esimerkkilis\u00e4maksu<\/h2>\n\n\n\n<p>Meid\u00e4n on varattava lis\u00e4aikaa n\u00e4ytteen luomiseen kuviosta tai kuvasta. Saatat joutua tekem\u00e4\u00e4n useita s\u00e4\u00e4t\u00f6j\u00e4, jotka vaativat useita toistoja halutun tuloksen saavuttamiseksi. <\/p>\n\n\n\n<p class=\"kt-adv-heading4294_cbe28a-f6 wp-block-kadence-advancedheading\" data-kb-block=\"kb-adv-heading4294_cbe28a-f6\"><\/p>\n\n\n\n<p><strong>Asiakkailta, jotka ovat vasta aloittamassa kanssamme, pyyd\u00e4mme kertaluonteisen n\u00e4ytteenottomaksun, joka vastaa tuotteen hintaa. T\u00e4m\u00e4 koskee vain ensimm\u00e4ist\u00e4 n\u00e4ytett\u00e4. My\u00f6hemmist\u00e4 muutoksista tai s\u00e4\u00e4d\u00f6ist\u00e4 ei perit\u00e4 lis\u00e4maksuja n\u00e4ytteenotosta.<\/strong><\/p>\n\n\n\n<p><strong>Esimerkiksi:<\/strong><\/p>\n\n\n\n<p>Jos n\u00e4ytetuotteen hinta on $40, otoksen kokonaishinta olisi $40 (tuote) + $40 (n\u00e4ytteenottomaksu) = $80.<\/p>\n\n\n\n<p>Kun teet tilauksen my\u00f6hemmin, tuotteen hinta on edelleen $40.<\/p>\n\n\n\n<p class=\"kt-adv-heading4294_3c2d95-c0 wp-block-kadence-advancedheading\" data-kb-block=\"kb-adv-heading4294_3c2d95-c0\"><\/p>","protected":false},"excerpt":{"rendered":"<p>The earnest payment serves as a financial commitment from the customer, indicating serious intent to proceed with the business transaction. It helps mitigate the risks associated with reservations of time, resources, or production costs for the small business like ours. How we came to request Earnest payment We encounter several instances where customers request custom [&hellip;]<\/p>\n","protected":false},"author":1,"featured_media":0,"parent":0,"menu_order":0,"comment_status":"closed","ping_status":"closed","template":"","meta":{"_acf_changed":false,"inline_featured_image":false,"_lmt_disableupdate":"","_lmt_disable":"","_kad_blocks_custom_css":"","_kad_blocks_head_custom_js":"","_kad_blocks_body_custom_js":"","_kad_blocks_footer_custom_js":"","iawp_total_views":8,"footnotes":""},"class_list":["post-4294","page","type-page","status-publish","hentry"],"acf":[],"taxonomy_info":[],"featured_image_src_large":false,"author_info":{"display_name":"Rochak Shrestha","author_link":"https:\/\/rochakhandknit.com\/fi\/author\/webadmin\/"},"comment_info":0,"_links":{"self":[{"href":"https:\/\/rochakhandknit.com\/fi\/wp-json\/wp\/v2\/pages\/4294","targetHints":{"allow":["GET"]}}],"collection":[{"href":"https:\/\/rochakhandknit.com\/fi\/wp-json\/wp\/v2\/pages"}],"about":[{"href":"https:\/\/rochakhandknit.com\/fi\/wp-json\/wp\/v2\/types\/page"}],"author":[{"embeddable":true,"href":"https:\/\/rochakhandknit.com\/fi\/wp-json\/wp\/v2\/users\/1"}],"replies":[{"embeddable":true,"href":"https:\/\/rochakhandknit.com\/fi\/wp-json\/wp\/v2\/comments?post=4294"}],"version-history":[{"count":0,"href":"https:\/\/rochakhandknit.com\/fi\/wp-json\/wp\/v2\/pages\/4294\/revisions"}],"wp:attachment":[{"href":"https:\/\/rochakhandknit.com\/fi\/wp-json\/wp\/v2\/media?parent=4294"}],"curies":[{"name":"wp","href":"https:\/\/api.w.org\/{rel}","templated":true}]}}