{"id":1419,"date":"2019-03-05T17:45:06","date_gmt":"2019-03-05T12:00:06","guid":{"rendered":"https:\/\/rochakhandknit.com\/?page_id=1419"},"modified":"2025-03-15T15:44:29","modified_gmt":"2025-03-15T09:59:29","slug":"contributo-alla-societa","status":"publish","type":"page","link":"https:\/\/rochakhandknit.com\/it\/chi-siamo\/contributo-alla-societa\/","title":{"rendered":"Contributo alla societ\u00e0"},"content":{"rendered":"<div class=\"wp-block-group alignwide is-layout-flow wp-block-group-is-layout-flow\" style=\"padding-top:var(--wp--preset--spacing--large);padding-bottom:var(--wp--preset--spacing--large)\">\n<h2 class=\"wp-block-heading has-text-align-center has-primary-color has-text-color has-link-color wp-elements-0a5ecb5e417b11f945d76244310b78a4\">Restituire alla societ\u00e0&nbsp;<\/h2>\n\n\n\n<div class=\"wp-block-media-text alignwide has-media-on-the-right is-stacked-on-mobile\"><div class=\"wp-block-media-text__content\">\n<p>Noi di Rochak Handknit Craft ci dedichiamo a sostenere la nostra comunit\u00e0 locale e a dare potere alle persone intorno a noi. Tutta la nostra forza lavoro \u00e8 composta da donne della nostra zona e ci impegniamo a fornire abbigliamento invernale di qualit\u00e0 a chi ne ha bisogno.<\/p>\n\n\n\n<p>Con i freddi mesi invernali che si avvicinano rapidamente, ci prendiamo la responsabilit\u00e0 di lavorare a maglia scaldamani e cappelli nel nostro tempo libero. Questi articoli fatti a mano sono realizzati con le risorse disponibili e immagazzinati per essere donati a chi ne ha bisogno.<\/p>\n\n\n\n<p>Se tu o qualcuno che conosci avete bisogno di cappelli di lana lavorati a mano o scaldamani, saremo lieti di fornire ci\u00f2 che abbiamo in magazzino. Tieni presente che la nostra fornitura \u00e8 limitata.<\/p>\n\n\n\n<figure class=\"wp-block-kadence-image kb-image1419_fefe8c-98 size-full\"><img decoding=\"async\" src=\"https:\/\/rochakhandknit.com\/wp-content\/uploads\/0d8cf265-41a8-4f1b-a72b-f066cd788cbe.jpg\" alt=\"il numero di telefono \u00e8 0d8cf265 41a8 4f1b a72b f066cd788cbe\" class=\"kb-img wp-image-8154\" title=\"\"><figcaption>il numero di telefono \u00e8 0d8cf265 41a8 4f1b a72b f066cd788cbe<\/figcaption><\/figure>\n<\/div><figure class=\"wp-block-media-text__media\"><img decoding=\"async\" src=\"https:\/\/rochakhandknit.com\/wp-content\/uploads\/Contribution-to-Manav-Sewa-Aashram-by-Rukmani-Devi-Shrestha-Rochak-Handknit-Craft-1024x762.webp\" alt=\"Contributo a Manav Sewa Aashram di Rukmani Devi Shrestha - Rochak Handknit Craft\" class=\"wp-image-2771 size-full\" title=\"\"><\/figure><\/div>\n<\/div>\n\n\n\n<div class=\"wp-block-group alignfull has-secondary-background-color has-background is-layout-flow wp-block-group-is-layout-flow\" style=\"padding-top:var(--wp--preset--spacing--x-large);padding-right:var(--wp--preset--spacing--x-large);padding-bottom:var(--wp--preset--spacing--x-large);padding-left:var(--wp--preset--spacing--x-large)\">\n<div class=\"wp-block-group alignwide is-layout-flow wp-block-group-is-layout-flow\">\n<h2 class=\"wp-block-heading has-text-align-center has-custom-color-5-color has-text-color has-link-color wp-elements-783889f8ead4b0cebb01479bb3000774\" style=\"padding-right:var(--wp--preset--spacing--x-large);padding-left:var(--wp--preset--spacing--x-large)\">Modulo di richiesta<\/h2>\n\n\n\n<div class=\"wp-block-columns alignwide are-vertically-aligned-top is-layout-flex wp-container-core-columns-is-layout-ab5c0f04 wp-block-columns-is-layout-flex\" style=\"padding-top:var(--wp--preset--spacing--x-large);padding-right:var(--wp--preset--spacing--x-large);padding-bottom:var(--wp--preset--spacing--x-large);padding-left:var(--wp--preset--spacing--x-large)\">\n<div class=\"wp-block-column is-vertically-aligned-top is-layout-flow wp-block-column-is-layout-flow\" style=\"flex-basis:50%\"><div class='fluentform ff-default fluentform_wrapper_5  ff_guten_block ff_guten_block-5 ffs_default_wrap'><form data-form_id=\"5\" id=\"fluentform_5\" class=\"frm-fluent-form fluent_form_5 ff-el-form-top ff_form_instance_5_1 ff-form-loading ff_has_v3_recptcha ffs_default\" data-form_instance=\"ff_form_instance_5_1\" method=\"POST\" data-recptcha_key=\"6Lf8IMcZAAAAAFEBb-nrMqqcPniqYhWS7fcJmz7F\" action=\"\" ><fieldset  style=\"border: none!important;margin: 0!important;padding: 0!important;background-color: transparent!important;box-shadow: none!important;outline: none!important; min-inline-size: 100%;\">\n                    <legend class=\"ff_screen_reader_title\" style=\"display: block; margin: 0!important;padding: 0!important;height: 0!important;text-indent: -999999px;width: 0!important;overflow:hidden;\">Contributo alla societ\u00e0<\/legend>        <div\n                style=\"display: none!important; position: absolute!important; transform: translateX(1000%)!important;\"\n                class=\"ff-el-group ff-hpsf-container\"\n        >\n            <div class=\"ff-el-input--label asterisk-right\">\n                <label for=\"ff_5_item_sf\" aria-label=\"Aggiornamenti\">\n                    Aggiornamenti                <\/label>\n            <\/div>\n            <div class=\"ff-el-input--content\">\n                <input type=\"text\"\n                       name=\"item_5__fluent_sf\"\n                       class=\"ff-el-form-control\"\n                       id=\"ff_5_item_sf\"\n                \/>\n            <\/div>\n        <\/div>\n        <input type='hidden' name='__fluent_form_embded_post_id' value='1419' \/><input type=\"hidden\" id=\"_fluentform_5_fluentformnonce\" name=\"_fluentform_5_fluentformnonce\" value=\"385bb72856\" \/><input type=\"hidden\" name=\"_wp_http_referer\" value=\"\/it\/wp-json\/wp\/v2\/pages\/1419\" \/><div class='ff-el-group ff-el-form-top'><div class=\"ff-el-input--label ff-el-is-required asterisk-right\"><label for='ff_5_your_name_1' id='label_ff_5_your_name_1' >Il tuo nome<\/label><\/div><div class='ff-el-input--content'><input type=\"text\" name=\"your_name_1\" class=\"ff-el-form-control\" id=\"ff_5_your_name_1\" data-name=\"your_name_1\" tabindex=\"1\"  aria-invalid=\"false\" aria-required=\"true\"><\/div><\/div><div class='ff-el-group ff-el-form-top'><div class=\"ff-el-input--label ff-el-is-required asterisk-right\"><label for='ff_5_please_describe_the_reason_for_your_request_3' id='label_ff_5_please_describe_the_reason_for_your_request_3' aria-label=\"Per favore descrivi il motivo della tua richiesta\">Per favore descrivi il motivo della tua richiesta<\/label><div class=\"ff-el-tooltip\" data-content=\"If possible, please include the qty &amp; type of items that you think is required along with your reason.\"><svg width=\"16\" height=\"16\" viewbox=\"0 0 25 25\"><path d=\"m329 393l0-46c0-2-1-4-2-6-2-2-4-3-7-3l-27 0 0-146c0-3-1-5-3-7-2-1-4-2-7-2l-91 0c-3 0-5 1-7 2-1 2-2 4-2 7l0 46c0 2 1 5 2 6 2 2 4 3 7 3l27 0 0 91-27 0c-3 0-5 1-7 3-1 2-2 4-2 6l0 46c0 3 1 5 2 7 2 1 4 2 7 2l128 0c3 0 5-1 7-2 1-2 2-4 2-7z m-36-256l0-46c0-2-1-4-3-6-2-2-4-3-7-3l-54 0c-3 0-5 1-7 3-2 2-3 4-3 6l0 46c0 3 1 5 3 7 2 1 4 2 7 2l54 0c3 0 5-1 7-2 2-2 3-4 3-7z m182 119c0 40-9 77-29 110-20 34-46 60-80 80-33 20-70 29-110 29-40 0-77-9-110-29-34-20-60-46-80-80-20-33-29-70-29-110 0-40 9-77 29-110 20-34 46-60 80-80 33-20 70-29 110-29 40 0 77 9 110 29 34 20 60 46 80 80 20 33 29 70 29 110z\" transform=\"scale(0.046875 0.046875)\"><\/path><\/svg><\/div><\/div><div class='ff-el-input--content'><textarea aria-required=\"true\" aria-labelledby=\"label_ff_5_please_describe_the_reason_for_your_request_3\" name=\"please_describe_the_reason_for_your_request_3\" class=\"ff-el-form-control\" id=\"ff_5_please_describe_the_reason_for_your_request_3\" cols=\"2\" data-name=\"please_describe_the_reason_for_your_request_3\" tabindex=\"2\" ><\/textarea><\/div><\/div><div class='ff-el-group ff-text-left ff_submit_btn_wrapper'><button type=\"submit\" class=\"ff-btn ff-btn-submit ff-btn-md ff_btn_style\" tabindex=\"3\"  aria-label=\"Invia\">Invia<\/button><\/div><\/fieldset><input type=\"hidden\" name=\"trp-form-language\" value=\"it\"\/><\/form><div id='fluentform_5_errors' class='ff-errors-in-stack ff_form_instance_5_1 ff-form-loading_errors ff_form_instance_5_1_errors'><\/div><\/div>            <script type=\"text\/javascript\">\n                window.fluent_form_ff_form_instance_5_1 = {\"id\":\"5\",\"settings\":{\"layout\":{\"labelPlacement\":\"top\",\"helpMessagePlacement\":\"with_label\",\"errorMessagePlacement\":\"inline\"},\"restrictions\":{\"denyEmptySubmission\":{\"enabled\":false}}},\"form_instance\":\"ff_form_instance_5_1\",\"form_id_selector\":\"fluentform_5\",\"rules\":{\"your_name_1\":{\"required\":{\"value\":true,\"message\":\"This field is required\"}},\"please_describe_the_reason_for_your_request_3\":{\"required\":{\"value\":true,\"message\":\"This field is required\"}}},\"debounce_time\":300};\n                            <\/script>\n            <\/div>\n\n\n\n<div class=\"wp-block-column is-vertically-aligned-top is-layout-flow wp-block-column-is-layout-flow\" style=\"flex-basis:50%\">\n<p class=\"has-primary-color has-text-color has-link-color wp-elements-ded2e08feb47d38c19b8307e83c0d387\"> Se sei interessato ad aiutare chi \u00e8 nel bisogno o desideri condurre corsi di lavoro a maglia nella tua comunit\u00e0, non esitare a contattarci. Insieme possiamo fare la differenza e dare potere a chi ci circonda. <\/p>\n<\/div>\n<\/div>\n\n\n<\/div>\n<\/div>\n\n\n\n<div class=\"wp-block-group alignwide has-global-padding is-layout-constrained wp-block-group-is-layout-constrained\">\n<h2 class=\"wp-block-heading has-text-align-center has-custom-color-5-color has-text-color has-link-color wp-elements-ebf1958fdfb13ea2e1b542a68ca68d7f\" style=\"padding-top:var(--wp--preset--spacing--large);padding-bottom:var(--wp--preset--spacing--large)\">Elenco delle organizzazioni a cui forniamo regolarmente i nostri prodotti gratuitamente.<\/h2>\n\n\n\n\n\n<div class=\"wp-block-columns alignwide are-vertically-aligned-center is-layout-flex wp-container-core-columns-is-layout-28f84493 wp-block-columns-is-layout-flex\">\n<div class=\"wp-block-column is-vertically-aligned-center is-layout-flow wp-block-column-is-layout-flow\">\n<figure class=\"wp-block-image aligncenter size-full is-resized\"><img decoding=\"async\" width=\"208\" height=\"184\" src=\"https:\/\/rochakhandknit.com\/wp-content\/uploads\/manav-sewa-ashram-logo.png\" alt=\"logo dell&#039;ashram manav sewa\" class=\"wp-image-5425\" style=\"aspect-ratio:1;object-fit:contain;width:400px\" title=\"\" srcset=\"https:\/\/cdn.rochakhandknit.com\/wp-content\/uploads\/manav-sewa-ashram-logo.png 208w, https:\/\/cdn.rochakhandknit.com\/wp-content\/uploads\/manav-sewa-ashram-logo-14x12.png 14w\" sizes=\"(max-width: 208px) 100vw, 208px\" \/><\/figure>\n<\/div>\n\n\n\n<div class=\"wp-block-column is-vertically-aligned-center is-layout-flow wp-block-column-is-layout-flow\">\n<h2 class=\"wp-block-heading has-primary-color has-text-color has-link-color has-max-36-font-size wp-elements-2a0ef7d2a846ccbacd42993a7f2256ad\">Ashram di Manavsewa<\/h2>\n\n\n\n<p>IL&nbsp;<strong>Ashram di Manavsewa<\/strong>&nbsp;\u00e8 esclusivamente un&#039;organizzazione sociale senza scopo di lucro fondata a Makwanpur, Hetauda, il 29 agosto 2012, dedicata a rendere il Nepal un&nbsp;<strong>&quot;Paese libero dalla gente di strada&quot;<\/strong>&nbsp;aiutando di pi\u00f9&nbsp;<strong>persone vulnerabili, povere, disabili, senza casa, fisicamente deboli o mentalmente o psicologicamente disabili<\/strong>&nbsp;che sono costretti a vivere una vita miserabile nelle banche e nei luoghi pubblici a cielo aperto.<\/p>\n\n\n\n<p>https:\/\/msa.org.np<\/p>\n\n\n\n<div style=\"height:33px\" aria-hidden=\"true\" class=\"wp-block-spacer\"><\/div>\n<\/div>\n<\/div>\n\n\n\n<div class=\"wp-block-columns alignwide are-vertically-aligned-center has-secondary-background-color has-background is-layout-flex wp-container-core-columns-is-layout-28f84493 wp-block-columns-is-layout-flex\">\n<div class=\"wp-block-column is-vertically-aligned-center is-layout-flow wp-block-column-is-layout-flow\">\n<figure class=\"wp-block-image aligncenter size-full is-resized\"><img decoding=\"async\" width=\"150\" height=\"154\" src=\"https:\/\/rochakhandknit.com\/wp-content\/uploads\/Logo-of-Fresh-Nepal-white.png\" alt=\"Logo di Fresh Nepal bianco\" class=\"wp-image-5430\" style=\"aspect-ratio:1;object-fit:contain;width:400px\" title=\"\" srcset=\"https:\/\/cdn.rochakhandknit.com\/wp-content\/uploads\/Logo-of-Fresh-Nepal-white.png 150w, https:\/\/cdn.rochakhandknit.com\/wp-content\/uploads\/Logo-of-Fresh-Nepal-white-12x12.png 12w\" sizes=\"(max-width: 150px) 100vw, 150px\" \/><\/figure>\n<\/div>\n\n\n\n<div class=\"wp-block-column is-vertically-aligned-center is-layout-flow wp-block-column-is-layout-flow\">\n<h2 class=\"wp-block-heading has-primary-color has-text-color has-link-color has-max-36-font-size wp-elements-969ed39b7ab54d0f389dbf76e25ca35d\">Nepal fresco<\/h2>\n\n\n\n<p>La \u201cCasa dei bambini\u201d di FRESH NEPAL \u00e8 una casa a conduzione familiare dove viviamo insieme come una grande famiglia e ci prendiamo cura dei bambini come se fossero nostri.<\/p>\n\n\n\n<p>&nbsp;Il loro valore fondamentale \u00e8 fornire ai bambini una casa sicura e amorevole, un\u2019istruzione eccellente e un\u2019assistenza sanitaria.&nbsp;<\/p>\n\n\n\n<p>https:\/\/Fresh-nepal.org<\/p>\n\n\n\n<div style=\"height:33px\" aria-hidden=\"true\" class=\"wp-block-spacer\"><\/div>\n<\/div>\n<\/div>\n<\/div>","protected":false},"excerpt":{"rendered":"<p>Giving Back to the Society&nbsp; At Rochak Handknit Craft, we are dedicated to supporting our local community and empowering the people around us. All of our workforce is made up of women from our local area, and we strive to provide quality winter apparel to those in need. With the cold winter months fast approaching, [&hellip;]<\/p>\n","protected":false},"author":1,"featured_media":0,"parent":254,"menu_order":0,"comment_status":"closed","ping_status":"closed","template":"","meta":{"_acf_changed":false,"inline_featured_image":false,"_lmt_disableupdate":"","_lmt_disable":"","_kad_blocks_custom_css":"","_kad_blocks_head_custom_js":"","_kad_blocks_body_custom_js":"","_kad_blocks_footer_custom_js":"","iawp_total_views":32,"footnotes":""},"class_list":["post-1419","page","type-page","status-publish","hentry"],"acf":[],"taxonomy_info":[],"featured_image_src_large":false,"author_info":{"display_name":"Rochak Shrestha","author_link":"https:\/\/rochakhandknit.com\/it\/author\/webadmin\/"},"comment_info":0,"_links":{"self":[{"href":"https:\/\/rochakhandknit.com\/it\/wp-json\/wp\/v2\/pages\/1419","targetHints":{"allow":["GET"]}}],"collection":[{"href":"https:\/\/rochakhandknit.com\/it\/wp-json\/wp\/v2\/pages"}],"about":[{"href":"https:\/\/rochakhandknit.com\/it\/wp-json\/wp\/v2\/types\/page"}],"author":[{"embeddable":true,"href":"https:\/\/rochakhandknit.com\/it\/wp-json\/wp\/v2\/users\/1"}],"replies":[{"embeddable":true,"href":"https:\/\/rochakhandknit.com\/it\/wp-json\/wp\/v2\/comments?post=1419"}],"version-history":[{"count":0,"href":"https:\/\/rochakhandknit.com\/it\/wp-json\/wp\/v2\/pages\/1419\/revisions"}],"up":[{"embeddable":true,"href":"https:\/\/rochakhandknit.com\/it\/wp-json\/wp\/v2\/pages\/254"}],"wp:attachment":[{"href":"https:\/\/rochakhandknit.com\/it\/wp-json\/wp\/v2\/media?parent=1419"}],"curies":[{"name":"scrivere","href":"https:\/\/api.w.org\/{rel}","templated":true}]}}