{"id":158,"date":"2017-07-24T18:44:00","date_gmt":"2017-07-24T18:44:00","guid":{"rendered":"https:\/\/rochakhandknit.com\/?page_id=158"},"modified":"2025-12-09T11:01:16","modified_gmt":"2025-12-09T05:16:16","slug":"produttore-di-maglieria","status":"publish","type":"page","link":"https:\/\/rochakhandknit.com\/it\/i-nostri-lavori\/produttore-di-maglieria\/","title":{"rendered":"Produttore di maglieria fatta a mano"},"content":{"rendered":"<div class=\"wp-block-media-text alignwide is-stacked-on-mobile\"><figure class=\"wp-block-media-text__media\"><img decoding=\"async\" src=\"https:\/\/rochakhandknit.com\/wp-content\/uploads\/day-to-day-Working-at-Rochak-Handknit-Craft-1024x768.jpg\" alt=\"Le donne di Rochak Handknit lavorano insieme\" class=\"wp-image-1094 size-full\" title=\"\"><\/figure><div class=\"wp-block-media-text__content\">\n<p>Noi di Rochak Handknit siamo orgogliosi di far parte della ricca tradizione del lavoro a maglia in Nepal. Con 25 anni di esperienza nel settore, siamo onorati di continuare il nostro lavoro e mantenere viva l&#039;eredit\u00e0.<\/p>\n\n\n\n<p>Il nostro team \u00e8 composto da piccoli gruppi di donne nelle nostre comunit\u00e0 locali, per lo pi\u00f9 casalinghe che dedicano del tempo al lavoro a maglia insieme alle faccende quotidiane. Crediamo in pratiche di produzione giuste, etiche e responsabili, garantendo che tutti i nostri prodotti siano esenti dal lavoro minorile e realizzati in un ambiente di lavoro sano con salari equi per i nostri lavoratori.<\/p>\n<\/div><\/div>\n\n\n\n<div class=\"wp-block-group alignwide is-vertical is-layout-flex wp-container-core-group-is-layout-fe9cc265 wp-block-group-is-layout-flex\">\n<p>Ci impegniamo a utilizzare materiali di alta qualit\u00e0, acquistando filati prodotti localmente e filati speciali provenienti da paesi come Nuova Zelanda, Australia e Sud Africa, inclusi mohair e cashmere.<\/p>\n\n\n\n<p>Se condividi la nostra passione per i prodotti fatti a mano e apprezzi il valore degli articoli lavorati a mano, ci piacerebbe entrare in contatto con te. Siamo ansiosi di incontrare nuove persone che condividono il nostro amore per il lavoro a maglia e sono qui per aiutarti a dare vita alla tua visione. Contattaci oggi per saperne di pi\u00f9 sui nostri servizi di produzione di maglieria fatta a mano.<\/p>\n\n\n\n<h2 class=\"kt-adv-heading158_7db9b0-a7 wp-block-kadence-advancedheading\" data-kb-block=\"kb-adv-heading158_7db9b0-a7\"><\/h2>\n<\/div>\n\n\n\n\n\n<div class=\"wp-block-media-text alignwide is-stacked-on-mobile has-kb-palette-1-background-color has-background\" style=\"padding-top:var(--wp--preset--spacing--x-large);padding-bottom:var(--wp--preset--spacing--x-large)\"><figure class=\"wp-block-media-text__media\"><img decoding=\"async\" src=\"https:\/\/rochakhandknit.com\/wp-content\/uploads\/Different-color-of-Merino-Knitwear-Manufacturing-Rochak-Handknit-1024x536.jpg\" alt=\"Colore diverso della produzione di maglieria merino - Rochak Handknit\" class=\"wp-image-2970 size-full\" title=\"\"><\/figure><div class=\"wp-block-media-text__content\"><h2 class=\"kt-adv-heading158_cf197c-50 wp-block-kadence-advancedheading kt-adv-heading-has-icon\" data-kb-block=\"kb-adv-heading158_cf197c-50\"><span class=\"kb-adv-text-inner\"><a href=\"https:\/\/rochakhandknit.com\/it\/filati-nella-lavorazione-della-maglieria-a-mano\/\" target=\"_blank\" rel=\"noreferrer noopener\">Scopri di pi\u00f9 sui filati che utilizziamo<\/a><\/span><span class=\"kb-svg-icon-wrap kb-adv-heading-icon kb-svg-icon-fe_arrowUpRight kb-adv-heading-icon-side-right\"><svg viewbox=\"0 0 24 24\"  fill=\"none\" stroke=\"currentColor\" stroke-width=\"2\" stroke-linecap=\"round\" stroke-linejoin=\"round\" xmlns=\"http:\/\/www.w3.org\/2000\/svg\"  aria-hidden=\"true\"><line x1=\"7\" y1=\"17\" x2=\"17\" y2=\"7\"\/><polyline points=\"7 7 17 7 17 17\"\/><\/svg><\/span><\/h2>\n\n\n<p>Creazione di prodotti unici e morbidi utilizzando lana merino, mohair, cotone e le loro miscele.<\/p>\n<\/div><\/div>\n\n\n\n<div class=\"wp-block-media-text alignwide has-media-on-the-right is-stacked-on-mobile\" style=\"padding-top:var(--wp--preset--spacing--x-large);padding-bottom:var(--wp--preset--spacing--x-large)\"><div class=\"wp-block-media-text__content\"><h2 class=\"kt-adv-heading158_6ed888-a1 wp-block-kadence-advancedheading kt-adv-heading-has-icon\" data-kb-block=\"kb-adv-heading158_6ed888-a1\"><span class=\"kb-adv-text-inner\"><a href=\"https:\/\/rochakhandknit.com\/it\/explore-the-versatile-range-of-handmade-knitwear-products\/\">Scopri di pi\u00f9 sui prodotti che realizziamo<\/a><\/span><span class=\"kb-svg-icon-wrap kb-adv-heading-icon kb-svg-icon-fe_arrowUpRight kb-adv-heading-icon-side-right\"><svg viewbox=\"0 0 24 24\"  fill=\"none\" stroke=\"currentColor\" stroke-width=\"2\" stroke-linecap=\"round\" stroke-linejoin=\"round\" xmlns=\"http:\/\/www.w3.org\/2000\/svg\"  aria-hidden=\"true\"><line x1=\"7\" y1=\"17\" x2=\"17\" y2=\"7\"\/><polyline points=\"7 7 17 7 17 17\"\/><\/svg><\/span><\/h2>\n\n\n<p class=\"has-text-align-left\">Creazione di prodotti lavorati a mano con modelli unici e bellissimi, come cappelli, guanti e altri accessori.<\/p>\n<\/div><figure class=\"wp-block-media-text__media\"><img decoding=\"async\" width=\"1024\" height=\"819\" src=\"https:\/\/rochakhandknit.com\/wp-content\/uploads\/handknitted-products-by-Rochak-handknit-1024x819.jpg\" alt=\"Scopri la qualit\u00e0 e l&#039;unicit\u00e0 della maglieria fatta a mano realizzata con fibre naturali di prima qualit\u00e0. produttore in Nepal che offre prodotti versatili per le aziende\" class=\"wp-image-2376 size-full\" title=\"\" srcset=\"https:\/\/cdn.rochakhandknit.com\/wp-content\/uploads\/handknitted-products-by-Rochak-handknit-1024x819.jpg 1024w, https:\/\/cdn.rochakhandknit.com\/wp-content\/uploads\/handknitted-products-by-Rochak-handknit-300x240.jpg 300w, https:\/\/cdn.rochakhandknit.com\/wp-content\/uploads\/handknitted-products-by-Rochak-handknit-768x614.jpg 768w, https:\/\/cdn.rochakhandknit.com\/wp-content\/uploads\/handknitted-products-by-Rochak-handknit-1536x1229.jpg 1536w, https:\/\/cdn.rochakhandknit.com\/wp-content\/uploads\/handknitted-products-by-Rochak-handknit-15x12.jpg 15w, https:\/\/cdn.rochakhandknit.com\/wp-content\/uploads\/handknitted-products-by-Rochak-handknit.jpg 1550w\" sizes=\"(max-width: 1024px) 100vw, 1024px\" \/><\/figure><\/div>\n\n\n\n<div class=\"wp-block-media-text alignwide is-stacked-on-mobile has-kb-palette-1-background-color has-background\" style=\"grid-template-columns:35% auto\"><figure class=\"wp-block-media-text__media\"><img decoding=\"async\" src=\"https:\/\/rochakhandknit.com\/wp-content\/uploads\/Working-Photos-11July2019-212-portrait1-716x1024.jpg\" alt=\"Le donne lavorano a mano con la lana presso Rochak Handknit Craft\" class=\"wp-image-2124 size-full\" title=\"\"><\/figure><div class=\"wp-block-media-text__content\">\n<h2 class=\"wp-block-heading has-primary-color has-text-color has-link-color wp-elements-4e9875d75c78abd0bdf6ab8ebeb6cb30\">Scopri di pi\u00f9 sull&#039;artigianato<\/h2>\n\n\n\n<p>Una tradizione secolare che richiede molta abilit\u00e0, pazienza e attenzione ai dettagli. Ogni punto \u00e8 realizzato con cura a mano e ogni prodotto \u00e8 una vera opera d&#039;arte che mette in mostra la maestria delle nostre abili maglierie.<\/p>\n<\/div><\/div>\n\n\n<div class=\"kb-row-layout-wrap kb-row-layout-id158_773750-f5 alignnone wp-block-kadence-rowlayout\"><div class=\"kt-row-column-wrap kt-has-1-columns kt-row-layout-equal kt-tab-layout-inherit kt-mobile-layout-row kt-row-valign-top\">\n\n<div class=\"wp-block-kadence-column kadence-column158_9bdb1a-13\"><div class=\"kt-inside-inner-col\">\n<h2 class=\"kt-adv-heading158_46f6d6-12 wp-block-kadence-advancedheading\" data-kb-block=\"kb-adv-heading158_46f6d6-12\">Come cominciamo?<\/h2>\n\n\n\n<h4 class=\"kt-adv-heading158_cb49fc-4b wp-block-kadence-advancedheading\" data-kb-block=\"kb-adv-heading158_cb49fc-4b\">Prepara tutti i tuoi disegni<\/h4>\n\n\n\n<p>Dovresti avere un&#039;idea chiara di ci\u00f2 che vuoi che sia lavorato a mano. Le cose da considerare sono&nbsp;<\/p>\n\n\n\n<div class=\"wp-block-kadence-iconlist kt-svg-icon-list-items kt-svg-icon-list-items158_46e1d7-9c kt-svg-icon-list-columns-1 alignnone\"><ul class=\"kt-svg-icon-list\">\n<li class=\"wp-block-kadence-listitem kt-svg-icon-list-item-wrap kt-svg-icon-list-item-158_b5ad9f-f9\"><span class=\"kb-svg-icon-wrap kb-svg-icon-fe_checkCircle kt-svg-icon-list-single\"><svg viewbox=\"0 0 24 24\"  fill=\"none\" stroke=\"currentColor\" stroke-width=\"2\" stroke-linecap=\"round\" stroke-linejoin=\"round\" xmlns=\"http:\/\/www.w3.org\/2000\/svg\"  aria-hidden=\"true\"><path d=\"M22 11.08V12a10 10 0 1 1-5.93-9.14\"\/><polyline points=\"22 4 12 14.01 9 11.01\"\/><\/svg><\/span><span class=\"kt-svg-icon-list-text\">Filati da utilizzare<\/span><\/li>\n\n\n\n<li class=\"wp-block-kadence-listitem kt-svg-icon-list-item-wrap kt-svg-icon-list-item-158_8df28d-f2\"><span class=\"kb-svg-icon-wrap kb-svg-icon-fe_checkCircle kt-svg-icon-list-single\"><svg viewbox=\"0 0 24 24\"  fill=\"none\" stroke=\"currentColor\" stroke-width=\"2\" stroke-linecap=\"round\" stroke-linejoin=\"round\" xmlns=\"http:\/\/www.w3.org\/2000\/svg\"  aria-hidden=\"true\"><path d=\"M22 11.08V12a10 10 0 1 1-5.93-9.14\"\/><polyline points=\"22 4 12 14.01 9 11.01\"\/><\/svg><\/span><span class=\"kt-svg-icon-list-text\">Colori&nbsp;<\/span><\/li>\n\n\n\n<li class=\"wp-block-kadence-listitem kt-svg-icon-list-item-wrap kt-svg-icon-list-item-158_485fd3-62\"><span class=\"kb-svg-icon-wrap kb-svg-icon-fe_checkCircle kt-svg-icon-list-single\"><svg viewbox=\"0 0 24 24\"  fill=\"none\" stroke=\"currentColor\" stroke-width=\"2\" stroke-linecap=\"round\" stroke-linejoin=\"round\" xmlns=\"http:\/\/www.w3.org\/2000\/svg\"  aria-hidden=\"true\"><path d=\"M22 11.08V12a10 10 0 1 1-5.93-9.14\"\/><polyline points=\"22 4 12 14.01 9 11.01\"\/><\/svg><\/span><span class=\"kt-svg-icon-list-text\">Guida alle dimensioni e al modello dei dettagli<\/span><\/li>\n\n\n\n<li class=\"wp-block-kadence-listitem kt-svg-icon-list-item-wrap kt-svg-icon-list-item-158_4e1773-a6\"><span class=\"kb-svg-icon-wrap kb-svg-icon-fe_checkCircle kt-svg-icon-list-single\"><svg viewbox=\"0 0 24 24\"  fill=\"none\" stroke=\"currentColor\" stroke-width=\"2\" stroke-linecap=\"round\" stroke-linejoin=\"round\" xmlns=\"http:\/\/www.w3.org\/2000\/svg\"  aria-hidden=\"true\"><path d=\"M22 11.08V12a10 10 0 1 1-5.93-9.14\"\/><polyline points=\"22 4 12 14.01 9 11.01\"\/><\/svg><\/span><span class=\"kt-svg-icon-list-text\">Se possibile, immagini di riferimento.<\/span><\/li>\n<\/ul><\/div>\n\n\n\n<h4 class=\"kt-adv-heading158_a1ee24-d9 wp-block-kadence-advancedheading\" data-kb-block=\"kb-adv-heading158_a1ee24-d9\">Inviaci la domanda<\/h4>\n\n\n\n<p class=\"kt-adv-heading158_83413d-af wp-block-kadence-advancedheading\" data-kb-block=\"kb-adv-heading158_83413d-af\">Una volta che sei pronto, inviaci i dettagli. Li studieremo e ti invieremo le nostre domande.<\/p>\n\n\n\n<h4 class=\"kt-adv-heading158_1c7180-a6 wp-block-kadence-advancedheading\" data-kb-block=\"kb-adv-heading158_1c7180-a6\">Discussione, primo campione e citazione<\/h4>\n\n\n\n<p class=\"kt-adv-heading158_0ca4eb-37 wp-block-kadence-advancedheading\" data-kb-block=\"kb-adv-heading158_0ca4eb-37\">Dopo aver discusso dei campioni, realizzeremo un campione e ti forniremo il preventivo.<\/p>\n\n\n\n<h4 class=\"kt-adv-heading158_75c904-c6 wp-block-kadence-advancedheading\" data-kb-block=\"kb-adv-heading158_75c904-c6\">Revisione, finalizzazione e spedizione<\/h4>\n\n\n\n<p class=\"kt-adv-heading158_bc5ea8-f3 wp-block-kadence-advancedheading\" data-kb-block=\"kb-adv-heading158_bc5ea8-f3\">Se sei d&#039;accordo con il preventivo, effettueremo qualsiasi revisione e finalizzeremo i campioni. Possiamo spedire il campione a te (costo di spedizione applicabile) e a te e vedere se desideri ulteriori revisioni o continuare con il processo di vendita.&nbsp;<\/p>\n<\/div><\/div>\n\n<\/div><\/div>","protected":false},"excerpt":{"rendered":"<p>At Rochak Handknit, we are proud to be a part of the rich tradition of hand knitting in Nepal. With 25 years of experience in the industry, we are honored to continue our work and keep the legacy alive. Our team consists of small groups of women in our local communities, mostly housewives who take [&hellip;]<\/p>\n","protected":false},"author":1,"featured_media":0,"parent":110,"menu_order":0,"comment_status":"closed","ping_status":"closed","template":"","meta":{"_acf_changed":false,"inline_featured_image":false,"_lmt_disableupdate":"","_lmt_disable":"","_kad_blocks_custom_css":"","_kad_blocks_head_custom_js":"","_kad_blocks_body_custom_js":"","_kad_blocks_footer_custom_js":"","iawp_total_views":206,"footnotes":""},"class_list":["post-158","page","type-page","status-publish","hentry"],"acf":[],"taxonomy_info":[],"featured_image_src_large":false,"author_info":{"display_name":"Rochak Shrestha","author_link":"https:\/\/rochakhandknit.com\/it\/author\/webadmin\/"},"comment_info":0,"_links":{"self":[{"href":"https:\/\/rochakhandknit.com\/it\/wp-json\/wp\/v2\/pages\/158","targetHints":{"allow":["GET"]}}],"collection":[{"href":"https:\/\/rochakhandknit.com\/it\/wp-json\/wp\/v2\/pages"}],"about":[{"href":"https:\/\/rochakhandknit.com\/it\/wp-json\/wp\/v2\/types\/page"}],"author":[{"embeddable":true,"href":"https:\/\/rochakhandknit.com\/it\/wp-json\/wp\/v2\/users\/1"}],"replies":[{"embeddable":true,"href":"https:\/\/rochakhandknit.com\/it\/wp-json\/wp\/v2\/comments?post=158"}],"version-history":[{"count":1,"href":"https:\/\/rochakhandknit.com\/it\/wp-json\/wp\/v2\/pages\/158\/revisions"}],"predecessor-version":[{"id":9619,"href":"https:\/\/rochakhandknit.com\/it\/wp-json\/wp\/v2\/pages\/158\/revisions\/9619"}],"up":[{"embeddable":true,"href":"https:\/\/rochakhandknit.com\/it\/wp-json\/wp\/v2\/pages\/110"}],"wp:attachment":[{"href":"https:\/\/rochakhandknit.com\/it\/wp-json\/wp\/v2\/media?parent=158"}],"curies":[{"name":"scrivere","href":"https:\/\/api.w.org\/{rel}","templated":true}]}}