{"id":223,"date":"2017-07-24T20:10:39","date_gmt":"2017-07-24T14:25:39","guid":{"rendered":"https:\/\/rochakhandknit.com\/?page_id=223"},"modified":"2025-10-30T15:14:44","modified_gmt":"2025-10-30T09:29:44","slug":"domande-frequenti-sulla-produzione","status":"publish","type":"page","link":"https:\/\/rochakhandknit.com\/it\/domande-frequenti-sulla-produzione\/","title":{"rendered":"Domande frequenti sulla produzione"},"content":{"rendered":"<div class=\"kb-row-layout-wrap kb-row-layout-id223_6fba36-dd alignnone wp-block-kadence-rowlayout\"><div class=\"kt-row-column-wrap kt-has-2-columns kt-row-layout-row kt-tab-layout-inherit kt-mobile-layout-row kt-row-valign-top\">\n\n<div class=\"wp-block-kadence-column kadence-column223_aeccdc-91\"><div class=\"kt-inside-inner-col\">\n<p class=\"kt-adv-heading223_b2fd09-ec wp-block-kadence-advancedheading\" data-kb-block=\"kb-adv-heading223_b2fd09-ec\">Domande frequenti sul nostro processo di produzione di maglieria.<\/p>\n<\/div><\/div>\n\n\n\n<div class=\"wp-block-kadence-column kadence-column223_a3b0a9-c7\"><div class=\"kt-inside-inner-col\"><div class=\"kb-row-layout-wrap kb-row-layout-id223_baf5cb-21 alignnone wp-block-kadence-rowlayout\"><div class=\"kt-row-column-wrap kt-has-2-columns kt-row-layout-equal kt-tab-layout-inherit kt-mobile-layout-row kt-row-valign-top\">\n\n<div class=\"wp-block-kadence-column kadence-column223_93bef5-fb\"><div class=\"kt-inside-inner-col\">\n<p class=\"kt-adv-heading223_ed81b9-f4 wp-block-kadence-advancedheading has-custom-color-9-color has-text-color\" data-kb-block=\"kb-adv-heading223_ed81b9-f4\">Vogliamo assicurarci che tu abbia una chiara comprensione del nostro <a href=\"https:\/\/rochakhandknit.com\/it\/i-nostri-lavori\/produttore-di-maglieria\/\">produzione di maglieria a mano<\/a> processo, quindi abbiamo compilato un elenco di domande frequenti. Ci auguriamo che questo aiuti a rispondere a qualsiasi domanda tu possa avere sul nostro lavoro e sui materiali che utilizziamo. Se hai ulteriori domande o dubbi, non esitare a inviarci un&#039;e-mail.<\/p>\n\n\n\n<p class=\"kt-adv-heading223_6a4143-0c wp-block-kadence-advancedheading has-custom-color-9-color has-text-color\" data-kb-block=\"kb-adv-heading223_6a4143-0c\">Aggiorneremo regolarmente questo elenco con nuove informazioni per assicurarci di avere le risposte pi\u00f9 aggiornate.<\/p>\n<\/div><\/div>\n\n\n\n<div class=\"wp-block-kadence-column kadence-column223_80f0a8-97\"><div class=\"kt-inside-inner-col\">\n<figure class=\"wp-block-kadence-image kb-image223_479913-79 size-full\"><img decoding=\"async\" width=\"600\" height=\"400\" src=\"https:\/\/rochakhandknit.com\/wp-content\/uploads\/Faq-Rochak-Handknit-Craft.jpg\" alt=\"Faq Rochak Artigianato lavorato a mano\" class=\"kb-img wp-image-5403\" title=\"\" srcset=\"https:\/\/cdn.rochakhandknit.com\/wp-content\/uploads\/Faq-Rochak-Handknit-Craft.jpg 600w, https:\/\/cdn.rochakhandknit.com\/wp-content\/uploads\/Faq-Rochak-Handknit-Craft-300x200.jpg 300w, https:\/\/cdn.rochakhandknit.com\/wp-content\/uploads\/Faq-Rochak-Handknit-Craft-18x12.jpg 18w\" sizes=\"(max-width: 600px) 100vw, 600px\" \/><\/figure>\n<\/div><\/div>\n\n<\/div><\/div><\/div><\/div>\n\n<\/div><\/div>\n\n\n<div class=\"wp-block-group alignfull has-secondary-background-color has-background is-layout-flow wp-block-group-is-layout-flow\" style=\"margin-top:0;margin-bottom:0;padding-top:var(--wp--preset--spacing--x-large);padding-right:var(--wp--preset--spacing--x-large);padding-bottom:var(--wp--preset--spacing--x-large);padding-left:var(--wp--preset--spacing--x-large)\">\n<h2 class=\"wp-block-heading\" style=\"padding-top:var(--wp--preset--spacing--x-small);padding-bottom:var(--wp--preset--spacing--x-small)\">Domande riguardanti la nostra azienda<\/h2>\n\n\n\n<details class=\"wp-block-details is-layout-flow wp-container-core-details-is-layout-5b221323 wp-block-details-is-layout-flow\" style=\"padding-top:var(--wp--preset--spacing--small);padding-bottom:var(--wp--preset--spacing--small)\" open><summary>Sei legalmente registrato?<\/summary>\n<p>S\u00ec, siamo legalmente registrati in Nepal con&nbsp;<a href=\"http:\/\/www.dcsi.gov.np\/en\" target=\"_blank\" rel=\"noreferrer noopener\">Dipartimento dell&#039;industria dei piccoli cottage<\/a>. Rinnoviamo la registrazione ogni anno e paghiamo le tasse.<\/p>\n<\/details>\n\n\n\n<details class=\"wp-block-details is-layout-flow wp-block-details-is-layout-flow\"><summary>E&#039; possibile visitare il vostro ufficio\/stabilimento?<\/summary>\n<p>S\u00ec, naturalmente. Si prega di programmare un incontro prima della visita.<\/p>\n<\/details>\n\n\n\n<details class=\"wp-block-details is-layout-flow wp-block-details-is-layout-flow\"><summary>Sei un&#039;organizzazione del commercio equo e solidale? Sei registrato nel gruppo FTO (Fair Trade Organization)?<\/summary>\n<p>Crediamo fermamente nei valori del commercio equo. Crediamo che lavorare in modo equo e ricevere un salario dignitoso sia uno standard minimo di lavoro per tutti. Per quanto riguarda l&#039;iscrizione al gruppo FTO, non ci siamo ancora registrati all&#039;associazione. Stiamo pianificando la nostra domanda per il prossimo anno fiscale 2024\/25.<\/p>\n<\/details>\n\n\n\n<details class=\"wp-block-details is-layout-flow wp-block-details-is-layout-flow\"><summary>Non hai ricevuto risposta?<\/summary>\n<p>Ci\u00f2 accade raramente. Rispondiamo sempre entro 24 ore dall&#039;e-mail. Controlla la cartella spam o posta indesiderata. Inoltre, inserisci nella whitelist il nostro indirizzo e-mail in modo che non finisca nella cartella spam. Nel caso in cui non ricevi risposta entro 24 ore, non esitare a chiamare.<\/p>\n<\/details>\n\n\n\n<details class=\"wp-block-details is-layout-flow wp-block-details-is-layout-flow\"><summary>Cosa non fare?<\/summary>\n<p>Per favore non inviarci l&#039;immagine presa da Internet e chiedi campione e prezzo. Questi tipi di immagini possono essere utilizzati come riferimento ma non come copia per la produzione. Vogliamo lavorare solo con aziende autentiche (grandi o piccole) che desiderano offrire un&#039;offerta unica ai propri clienti utilizzando la tecnica del lavoro a maglia.<\/p>\n<\/details>\n\n\n\n<details class=\"wp-block-details is-layout-flow wp-block-details-is-layout-flow\"><summary>Cosa FARE per comunicare meglio?<\/summary>\n<p>Descrivi la tua azienda e la tua pianificazione del lavoro a maglia.<br>Se possibile, invia un&#039;e-mail tramite l&#039;indirizzo e-mail aziendale anzich\u00e9 l&#039;e-mail personale.<br>E se avessi appena iniziato?<br>Nessun problema. Ti preghiamo di fornire la tua pianificazione che assomiglia a lavorare con noi con qualche riferimento a te o al tuo lavoro precedente.<br>Fai qualche ricerca sul lavoro a maglia. Questo aiuta a capire cosa puoi e cosa non puoi aspettarti.<\/p>\n<\/details>\n\n\n\n<details class=\"wp-block-details is-layout-flow wp-block-details-is-layout-flow\"><summary>Il cliente pu\u00f2 trarre vantaggio dall\u2019accordo di preferenza commerciale?<\/summary>\n<p>S\u00ec, il cliente pu\u00f2 beneficiare dell&#039;accordo di preferenza commerciale. Esiste una struttura GSP che consentir\u00e0 al cliente di importare merci dal Nepal con dazi doganali &quot;No&quot; o &quot;meno&quot;. I generosi paesi donatori per l&#039;agevolazione dell&#039;SPG al Nepal sono Australia, Bielorussia, Canada, Unione Europea, Islanda, Giappone, Kazakistan, Nuova Zelanda, Norvegia, Federazione Russa, Svizzera, Turchia, Stati Uniti. Esiste anche un programma di preferenze commerciali dagli Stati Uniti al Nepal che consente ai prodotti nepalesi l&#039;accesso esente da dazi negli Stati Uniti fino al 31 dicembre 2025.<br>Collegamenti per l&#039;SPG e il sistema di preferenze commerciali degli Stati Uniti.<br><a href=\"https:\/\/unctad.org\/en\/PublicationsLibrary\/itcdtsbmisc62rev7_en.pdf\" target=\"_blank\" rel=\"noreferrer noopener\">Donatori SPG al Nepal<\/a><br><a href=\"https:\/\/np.usembassy.gov\/nepal-trade-preference-program\/\" target=\"_blank\" rel=\"noreferrer noopener\">Programma di preferenze commerciali del Nepal da parte degli Stati Uniti<\/a><\/p>\n\n\n\n<p>Il Sistema di preferenze generalizzate (GSP) e il Nepal Trade Preference Program (NTPP) offrono preziosi vantaggi commerciali per gli esportatori nepalesi. Il GSP garantisce l&#039;ingresso esente da dazi per i beni idonei, ma i suoi vantaggi sono sospesi dalla sua scadenza il 31 dicembre 2020, in attesa del rinnovo del Congresso. Nonostante ci\u00f2, gli importatori sono incoraggiati a segnalare gli ingressi idonei al GSP per potenziali rimborsi dei dazi se il programma viene ripristinato retroattivamente. Nel frattempo, l&#039;NTPP, istituito ai sensi del Trade Facilitation and Trade Enforcement Act del 2015, rimane attivo e garantisce l&#039;accesso esente da dazi negli Stati Uniti per determinati prodotti nepalesi, tra cui artigianato e articoli da viaggio. Questo programma \u00e8 valido fino al 31 dicembre 2025, offrendo agli esportatori un&#039;opportunit\u00e0 unica per espandere la propria presenza sul mercato negli Stati Uniti finch\u00e9 dura.<\/p>\n\n\n\n<p><a href=\"https:\/\/www.trade.gov\/otexa-nepal-trade-preference-program\" target=\"_blank\" rel=\"noopener\">https:\/\/www.trade.gov\/otexa-nepal-trade-preference-program<\/a><\/p>\n\n\n\n<p><a href=\"https:\/\/www.federalregister.gov\/documents\/2016\/12\/20\/2016-30738\/to-implement-the-nepal-preference-program-and-for-other-purposes\" target=\"_blank\" rel=\"noopener\">https:\/\/www.federalregister.gov\/documents\/2016\/12\/20\/2016-30738\/to-implement-the-nepal-preference-program-and-for-other-purposes<\/a><\/p>\n<\/details>\n\n\n\n<p><\/p>\n\n\n\n<details class=\"wp-block-details is-layout-flow wp-block-details-is-layout-flow\"><summary>Procedura di lavoro di base?<\/summary>\n<p>Per prima cosa discutiamo della tua pianificazione e di come possiamo esserti d&#039;aiuto.<br>Di solito le persone hanno un&#039;idea molto vaga di ci\u00f2 che vogliono, ma vogliono che il prodotto sia realizzato secondo le foto viste su Internet che di solito non funzionano.<br>Di seguito \u00e8 riportato il processo di lavoro generale.<br>Discuti \u2014&gt; Crea campioni \u2014&gt; Itera e finalizza \u2014&gt; Vai alla produzione \u2014&gt; Spedisci<br>Quindi parliamo dei requisiti della categoria di prodotto che desideri realizzare, dei filati, dei componenti aggiuntivi (come abbellimenti, fodera in pile) e vediamo cosa \u00e8 possibile e cosa \u00e8 disponibile. Esaminiamo anche i campioni che abbiamo eseguito in precedenza o realizziamo campioni secondo le vostre esigenze.<br>Sulla base del primo campione, discutiamo e vediamo se \u00e8 possibile migliorarlo, ripetere su pi\u00f9 campioni o se non \u00e8 il prodotto adatto alle vostre esigenze.<br>Una volta finalizzate tutte le cose, procediamo con la produzione. Ci\u00f2 potrebbe richiedere da 1 settimana a un paio di mesi a seconda della quantit\u00e0. Discutiamo anche sui termini di pagamento e consegna.<br>Impostiamo il controllo di qualit\u00e0 in ogni diversa fase della produzione, una volta pronto il prodotto viene confezionato singolarmente in sacchetti di plastica e inscatolato. E invia per la spedizione.<\/p>\n<\/details>\n\n\n\n<details class=\"wp-block-details is-layout-flow wp-block-details-is-layout-flow\"><summary>Hai un negozio al dettaglio? Negozio online?<\/summary>\n<p>Non al momento. Avevamo un negozio a Thamel che abbiamo dovuto chiudere dopo il terremoto di magnitudo 7.6 della scala Richter del 2015.<br>Inoltre non abbiamo alcun negozio web online.<\/p>\n<\/details>\n<\/div>\n\n\n\n<div class=\"wp-block-group alignfull has-base-background-color has-background is-layout-flow wp-block-group-is-layout-flow\" style=\"margin-top:0;margin-bottom:0;padding-top:var(--wp--preset--spacing--x-large);padding-right:var(--wp--preset--spacing--x-large);padding-bottom:var(--wp--preset--spacing--x-large);padding-left:var(--wp--preset--spacing--x-large)\">\n<h2 class=\"wp-block-heading\" style=\"padding-top:var(--wp--preset--spacing--x-small);padding-bottom:var(--wp--preset--spacing--x-small)\">Domande riguardanti i nostri magliai e dipendenti<\/h2>\n\n\n\n<details class=\"wp-block-details is-layout-flow wp-block-details-is-layout-flow\"><summary>E le condizioni di lavoro per i lavoratori?<\/summary>\n<p>Abbiamo un buon ambiente di lavoro nel nostro ufficio\/fabbrica. Le nostre sale di lavoro ricevono piena luce naturale durante tutto il giorno e disponiamo di energia di riserva per le luci. Il percorso di ingresso\/uscita, le stanze di lavoro sono ampie e facili da spostare.<\/p>\n<\/details>\n\n\n\n<details class=\"wp-block-details is-layout-flow wp-block-details-is-layout-flow\"><summary>Come vengono pagati i lavoratori?<\/summary>\n<p>I nostri dipendenti che lavorano con noi vengono pagati mensilmente in base alla loro presenza. I nostri lavoratori a domicilio vengono pagati in base all&#039;unit\u00e0 completata e vengono pagati anche su base mensile. La maggior parte dei pagamenti vengono versati sul rispettivo conto bancario. Ci impegniamo a fornire salari equi sia ai nostri dipendenti interni che ai lavoratori a domicilio.<\/p>\n<\/details>\n\n\n\n<details class=\"wp-block-details is-layout-flow wp-block-details-is-layout-flow\"><summary>Altre strutture<\/summary>\n<p>Rispettiamo gli standard lavorativi del Nepal.<br>Offriamo anche al personale regolare una linea di credito di circa USD 900\/- da rimborsare dal loro stipendio. Si tratta di linee di credito senza interessi che aiutano a soddisfare le loro esigenze finanziarie immediate.<\/p>\n<\/details>\n<\/div>\n\n\n\n<div class=\"wp-block-group alignfull has-custom-color-3-background-color has-background is-layout-flow wp-block-group-is-layout-flow\" style=\"margin-top:0;margin-bottom:0;padding-top:var(--wp--preset--spacing--x-large);padding-right:var(--wp--preset--spacing--x-large);padding-bottom:var(--wp--preset--spacing--x-large);padding-left:var(--wp--preset--spacing--x-large)\">\n<h2 class=\"wp-block-heading\" style=\"padding-top:var(--wp--preset--spacing--x-small);padding-bottom:var(--wp--preset--spacing--x-small)\">Domande riguardanti i nostri campioni e la nostra produzione<\/h2>\n\n\n\n<details class=\"wp-block-details is-layout-flow wp-block-details-is-layout-flow\"><summary>Avete campioni o cataloghi da fornire?<\/summary>\n<p>Poich\u00e9 non realizziamo i nostri design e lavoriamo principalmente con design a marchio del distributore, non abbiamo creato alcun catalogo. E poich\u00e9 non condividiamo i progetti dei nostri clienti, non possiamo includere il loro design nel nostro lavoro. Tuttavia abbiamo creato un catalogo di stock dei beni che abbiamo con noi. Se sei interessato a questo, faccelo sapere.<\/p>\n<\/details>\n\n\n\n<details class=\"wp-block-details is-layout-flow wp-block-details-is-layout-flow\"><summary>Siete in grado di campionare secondo i progetti personalizzati?<\/summary>\n<p>S\u00ec possiamo. La maggior parte della nostra produzione si basa sulla realizzazione di progetti personalizzati per etichette private, quindi s\u00ec, siamo in grado di lavorare su tali prodotti. Realizzare un campione personalizzato richiede tempo per capirlo e farlo bene, quindi fornisci i dettagli completi dei tuoi progetti. Inizialmente chiediamo di utilizzare il filato o il colore disponibile in stock presso di noi per iniziare rapidamente. Non addebitiamo alcun costo per un campione se \u00e8 possibile fornire informazioni aziendali valide, ma addebitiamo il costo di spedizione. Se hai un conto con il corriere puoi anche indirizzarli alla nostra sede per il ritiro.<\/p>\n<\/details>\n\n\n\n<details class=\"wp-block-details is-layout-flow wp-block-details-is-layout-flow\"><summary>Come si mantiene la qualit\u00e0 della produzione?<\/summary>\n<p>Manteniamo la qualit\u00e0 della produzione controllando ogni unit\u00e0 da una persona. Studiamo tutti gli aspetti importanti del prodotto e confrontiamo i PC di produzione con le specifiche. Ogni magliaia ha un approccio leggermente diverso al lavoro a maglia. Analizziamo i risultati dei singoli knitters e forniamo feedback per apportare miglioramenti. Organizziamo anche una discussione sulle tecniche e sul miglioramento del prodotto. Poich\u00e9 tutto \u00e8 lavorato a mano, potrebbe esserci una tolleranza massima di un centimetro per i capi piccoli e una tolleranza massima di due centimetri per i capi grandi.<br>Si prega di consultare il nostro&nbsp;<a href=\"https:\/\/rochakhandknit.com\/it\/processo-di-produzione-di-un-cappello-lavorato-a-mano\/\">processo di fabbricazione di un cappello<\/a>, potrebbe darti un&#039;idea di come prendiamo la produzione.<\/p>\n<\/details>\n\n\n\n<details class=\"wp-block-details is-layout-flow wp-block-details-is-layout-flow\"><summary>Con quali materiali lavori?<\/summary>\n<p>Lavoriamo con tutti i materiali con cui \u00e8 possibile lavorare a maglia. Lavoriamo con lana, cotone, canapa, mohair, merino, cashmere ecc. Disponiamo di merino, mohair, cotone 4\/4, 2\/6, 2\/10 e filati ordinari. Il filato Merino che abbiamo in stock \u00e8 100% Merino singolo da 21 micron.<br>si prega di controllare&nbsp;<a href=\"https:\/\/rochakhandknit.com\/it\/materie-prime\/\">il nostro diario<\/a>&nbsp;per maggiori dettagli su di esso.<\/p>\n<\/details>\n\n\n\n<details class=\"wp-block-details is-layout-flow wp-block-details-is-layout-flow\"><summary>Maggiori informazioni sul filato di lana<\/summary>\n<p>Ci sono pochi tipi di filati disponibili sul mercato. La maggior parte dei fornitori immagazzina solo determinate qualit\u00e0 di filato di lana.<br>Le miscele di lana pi\u00f9 comuni sono la lana 100% e si mescola con nylon o acrilico.<br>La morbidezza di queste lane varia solitamente da 28 micron e oltre. Che \u00e8 un filato solitamente considerato grossolano.<br>Lo spessore pi\u00f9 comune del filato va da 1\/2 Nm a 1\/2,5 Nm. Sebbene lo spessore del filato possa essere personalizzato se ordinato in grandi quantit\u00e0. Alcuni fornitori vendono filati Merino morbidi.<br>si prega di controllare&nbsp;<a href=\"https:\/\/rochakhandknit.com\/it\/materie-prime\/\">il nostro diario<\/a>&nbsp;per maggiori dettagli su di esso.<\/p>\n<\/details>\n\n\n\n<details class=\"wp-block-details is-layout-flow wp-block-details-is-layout-flow\"><summary>Quale sarebbe il costo preliminare o il costo del campionamento?<\/summary>\n<p>Non abbiamo fissato costi di campionamento fissi poich\u00e9 dipendono dal prodotto, dal filato utilizzato, dalla complessit\u00e0 del design, ecc. Promettiamo che ti forniremo un prezzo di fabbrica equo.<\/p>\n<\/details>\n\n\n\n<details class=\"wp-block-details is-layout-flow wp-block-details-is-layout-flow\"><summary>Quanto ti costa il campione?<\/summary>\n<p>Al momento non abbiamo addebitato costi aggiuntivi per il campione. A seconda della complessit\u00e0 coinvolta, potremmo richiedere un supplemento. Tutto questo avverrebbe prima di iniziare il lavoro, quindi ne sarai ben informato. Per evitare richieste casuali potremmo anche richiedere 100 USD come caparra rimborsabile. Quindi, per favore, fai richiesta con dettagli autentici.<\/p>\n<\/details>\n<\/div>\n\n\n\n<div class=\"wp-block-group alignfull is-layout-flow wp-block-group-is-layout-flow\" style=\"margin-top:0;margin-bottom:0;padding-top:var(--wp--preset--spacing--x-large);padding-right:var(--wp--preset--spacing--x-large);padding-bottom:var(--wp--preset--spacing--x-large);padding-left:var(--wp--preset--spacing--x-large)\">\n<h2 class=\"wp-block-heading\" style=\"padding-top:var(--wp--preset--spacing--x-small);padding-bottom:var(--wp--preset--spacing--x-small)\">Domande riguardanti la nostra spedizione e pagamento<\/h2>\n\n\n\n<details class=\"wp-block-details is-layout-flow wp-block-details-is-layout-flow\"><summary>Avete campioni o cataloghi da fornire? Che tipo di metodo di spedizione utilizzate?<\/summary>\n<p>Abbiamo opzioni per spedire tramite diversi carichi e corrieri. FedEx, DHL, Aramex, EMS sono servizi di corriere popolari. Si prega di notare che il costo di spedizione varia a seconda&nbsp;<a href=\"https:\/\/en.wikipedia.org\/wiki\/Dimensional_weight\" target=\"_blank\" rel=\"noreferrer noopener\">Peso dimensionale&nbsp;<\/a>del prodotto. Di solito \u00e8 (Lunghezza moltiplica Larghezza moltiplica Altezza) diviso per 5000.<br>Maggiore \u00e8 il peso dimensionale, minore sar\u00e0 la tariffa per kg. Di solito il prezzo \u00e8 drasticamente inferiore dopo 20 kg di peso dimensionale. Quindi potrebbe essere utile se prevedi di consolidare i prodotti e soddisfare il minimo di 20 kg.<\/p>\n<\/details>\n\n\n\n<details class=\"wp-block-details is-layout-flow wp-block-details-is-layout-flow\"><summary>Quanto costa la spedizione?<\/summary>\n<p>Il costo della spedizione dipende da alcuni fattori, peso dimensionale, Express\/Economy, ubicazione.<br>Di solito per i servizi cargo, il prezzo scende dopo 20 kg \u2013 50 kg (a seconda della compagnia), il che dar\u00e0 le tariffe economiche per kg.<\/p>\n<\/details>\n\n\n\n<details class=\"wp-block-details is-layout-flow wp-block-details-is-layout-flow\"><summary>Quali sono i termini di pagamento?<\/summary>\n<p>Richiederemo il pagamento anticipato prima dell&#039;ordine della quantit\u00e0 e richiederemo il pagamento completo prima della spedizione.<\/p>\n<\/details>\n\n\n\n<details class=\"wp-block-details is-layout-flow wp-block-details-is-layout-flow\"><summary>Come possiamo inviare il pagamento?<\/summary>\n<p>Accettiamo il bonifico bancario che \u00e8 un requisito obbligatorio se si devono inviare spedizioni di grandi dimensioni. Per piccole spedizioni con valore inferiore a 150 USD, possiamo ricevere pagamenti tramite Transferwise o carta di debito\/credito VISA o Western Union.<br>Sappiamo che le spese bancarie potrebbero costare fino a 45 USD per transazione. C&#039;\u00e8 anche un addebito da parte della nostra banca locale quando riceviamo il pagamento.<\/p>\n<\/details>\n<\/div>\n\n\n\n<p class=\"kt-adv-heading223_133ab1-ad wp-block-kadence-advancedheading\" data-kb-block=\"kb-adv-heading223_133ab1-ad\"><\/p>","protected":false},"excerpt":{"rendered":"<p>Frequently Asked Questions on our knitwear Manufacturing Process. We want to make sure you have a clear understanding of our hand knitting manufacturing process, so we&#8217;ve compiled a list of frequently asked questions. We hope this helps answer any questions you may have about our work and the materials we use. If you have any [&hellip;]<\/p>\n","protected":false},"author":1,"featured_media":7330,"parent":0,"menu_order":0,"comment_status":"closed","ping_status":"closed","template":"wp-custom-template-manufacturing-faq","meta":{"_acf_changed":false,"inline_featured_image":false,"_lmt_disableupdate":"no","_lmt_disable":"","_kad_blocks_custom_css":"","_kad_blocks_head_custom_js":"","_kad_blocks_body_custom_js":"","_kad_blocks_footer_custom_js":"","iawp_total_views":151,"footnotes":""},"class_list":["post-223","page","type-page","status-publish","has-post-thumbnail","hentry"],"acf":[],"taxonomy_info":[],"featured_image_src_large":["https:\/\/cdn.rochakhandknit.com\/wp-content\/uploads\/Why-choose-Mohair-hand-knitting-Rochak-Handknit-768x1024.png",768,1024,true],"author_info":{"display_name":"Rochak Shrestha","author_link":"https:\/\/rochakhandknit.com\/it\/author\/webadmin\/"},"comment_info":0,"_links":{"self":[{"href":"https:\/\/rochakhandknit.com\/it\/wp-json\/wp\/v2\/pages\/223","targetHints":{"allow":["GET"]}}],"collection":[{"href":"https:\/\/rochakhandknit.com\/it\/wp-json\/wp\/v2\/pages"}],"about":[{"href":"https:\/\/rochakhandknit.com\/it\/wp-json\/wp\/v2\/types\/page"}],"author":[{"embeddable":true,"href":"https:\/\/rochakhandknit.com\/it\/wp-json\/wp\/v2\/users\/1"}],"replies":[{"embeddable":true,"href":"https:\/\/rochakhandknit.com\/it\/wp-json\/wp\/v2\/comments?post=223"}],"version-history":[{"count":0,"href":"https:\/\/rochakhandknit.com\/it\/wp-json\/wp\/v2\/pages\/223\/revisions"}],"wp:featuredmedia":[{"embeddable":true,"href":"https:\/\/rochakhandknit.com\/it\/wp-json\/wp\/v2\/media\/7330"}],"wp:attachment":[{"href":"https:\/\/rochakhandknit.com\/it\/wp-json\/wp\/v2\/media?parent=223"}],"curies":[{"name":"scrivere","href":"https:\/\/api.w.org\/{rel}","templated":true}]}}