{"id":254,"date":"2017-07-02T05:14:31","date_gmt":"2017-07-01T23:29:31","guid":{"rendered":"https:\/\/rochakhandknit.com\/?page_id=254"},"modified":"2025-12-12T10:17:02","modified_gmt":"2025-12-12T04:32:02","slug":"chi-siamo","status":"publish","type":"page","link":"https:\/\/rochakhandknit.com\/it\/chi-siamo\/","title":{"rendered":"Informazioni su Rochak Lavorazione a maglia fatta a mano"},"content":{"rendered":"<div class=\"kb-row-layout-wrap kb-row-layout-id254_622e37-e6 aligncenter wp-block-kadence-rowlayout\"><div class=\"kt-row-column-wrap kt-has-2-columns kt-row-layout-left-golden kt-tab-layout-inherit kt-mobile-layout-row kt-row-valign-top kb-theme-content-width\">\n\n<div class=\"wp-block-kadence-column kadence-column254_ed755e-e4\"><div class=\"kt-inside-inner-col\"><h2 class=\"kt-adv-heading254_09ce1f-2b wp-block-kadence-advancedheading\" data-kb-block=\"kb-adv-heading254_09ce1f-2b\"><span class=\"kb-adv-text-inner\">Il nostro viaggio fino ad oggi<\/span><\/h2>\n\n\n<p class=\"kt-adv-heading254_cde2c7-65 wp-block-kadence-advancedheading has-custom-color-2-color has-text-color\" data-kb-block=\"kb-adv-heading254_cde2c7-65\"><strong>Fondata nel 1996 e registrata presso il governo del Nepal come &quot;piccole industrie artigianali&quot;, Rochak Hand knit Craft \u00e8 un&#039;organizzazione dedicata che fornisce articoli lavorati a mano di alta qualit\u00e0 realizzati con fibre naturali da oltre 25 anni.<\/strong><\/p>\n\n\n\n<p class=\"kt-adv-heading254_ad0698-c0 wp-block-kadence-advancedheading\" data-kb-block=\"kb-adv-heading254_ad0698-c0\">Guidata dalla proprietaria, la signora Rukmani Devi Shrestha e suo marito Rajendra Man Shrestha, l&#039;azienda dispone di un team talentuoso di artigiane esperte che realizzano prodotti fatti a mano unici e belli con un tocco distinto rispetto alle loro controparti industriali.<\/p>\n\n\n\n<p class=\"kt-adv-heading254_0ea4aa-3d wp-block-kadence-advancedheading\" data-kb-block=\"kb-adv-heading254_0ea4aa-3d\">Con la missione di accelerare il mondo verso un ecosistema sostenibile, Rochak Hand Knit Craft si impegna a fornire prodotti di qualit\u00e0 lavorati a mano e all&#039;uncinetto che siano davvero unici nel loro genere.<\/p>\n<\/div><\/div>\n\n\n\n<div class=\"wp-block-kadence-column kadence-column254_72859a-99\"><div class=\"kt-inside-inner-col\"><\/div><\/div>\n\n<\/div><\/div>\n\n<div class=\"kb-row-layout-wrap kb-row-layout-id254_1c8e6e-38 alignfull kt-row-has-bg wp-block-kadence-rowlayout\"><div class=\"kt-row-column-wrap kt-has-1-columns kt-row-layout-equal kt-tab-layout-inherit kt-mobile-layout-row kt-row-valign-top\">\n\n<div class=\"wp-block-kadence-column kadence-column254_c17d32-4a\"><div class=\"kt-inside-inner-col\"><p class=\"kt-adv-heading254_b68e78-91 wp-block-kadence-advancedheading kt-adv-heading-has-icon has-custom-color-2-color has-text-color\" data-kb-block=\"kb-adv-heading254_b68e78-91\"><span class=\"kb-svg-icon-wrap kb-adv-heading-icon kb-svg-icon-ic_quoteSansLeft kb-adv-heading-icon-side-left\"><svg viewbox=\"0 0 8 8\"  fill=\"currentColor\" xmlns=\"http:\/\/www.w3.org\/2000\/svg\"  aria-hidden=\"true\"><path d=\"M0 0v6l3-3v-3h-3zm5 0v6l3-3v-3h-3z\" transform=\"translate(0 1)\"\/><\/svg><\/span><span class=\"kb-adv-text-inner\"><span data-smart-backspace=\"true\" data-loop=\"false\" class=\"kt-typed-text\">Il nostro obiettivo \u00e8 creare il miglior ambiente di lavoro per i knitters in Nepal.<\/span><\/span><\/p><\/div><\/div>\n\n<\/div><\/div>\n\n<div class=\"kb-row-layout-wrap kb-row-layout-id254_a9bd0f-c1 alignfull has-theme-palette8-background-color kt-row-has-bg wp-block-kadence-rowlayout\"><div class=\"kt-row-column-wrap kt-has-2-columns kt-row-layout-equal kt-tab-layout-inherit kt-mobile-layout-row kt-row-valign-middle\">\n\n<div class=\"wp-block-kadence-column kadence-column254_6f8a60-e7 kb-section-dir-vertical\"><div class=\"kt-inside-inner-col\">\n<figure class=\"wp-block-kadence-image kb-image254_7de382-e3 size-large kb-image-is-ratio-size\"><div class=\"kb-is-ratio-image kb-image-ratio-land43\"><img decoding=\"async\" width=\"1024\" height=\"576\" src=\"https:\/\/rochakhandknit.com\/wp-content\/uploads\/hand-knitting-of-sweater-on-chun-7-1024x576.jpg\" alt=\"Miniatura video: Lavorazione a mano di un maglione su filato spesso Timelapse\" class=\"kb-img wp-image-4443\" title=\"\" srcset=\"https:\/\/cdn.rochakhandknit.com\/wp-content\/uploads\/hand-knitting-of-sweater-on-chun-7-1024x576.jpg 1024w, https:\/\/cdn.rochakhandknit.com\/wp-content\/uploads\/hand-knitting-of-sweater-on-chun-7-300x169.jpg 300w, https:\/\/cdn.rochakhandknit.com\/wp-content\/uploads\/hand-knitting-of-sweater-on-chun-7-768x432.jpg 768w, https:\/\/cdn.rochakhandknit.com\/wp-content\/uploads\/hand-knitting-of-sweater-on-chun-7-18x10.jpg 18w, https:\/\/cdn.rochakhandknit.com\/wp-content\/uploads\/hand-knitting-of-sweater-on-chun-7.jpg 1280w\" sizes=\"(max-width: 1024px) 100vw, 1024px\" \/><\/div><\/figure>\n<\/div><\/div>\n\n\n\n<div class=\"wp-block-kadence-column kadence-column254_a8984d-71 kb-section-dir-vertical kb-section-sm-dir-vertical inner-column-1\"><div class=\"kt-inside-inner-col\"><h2 class=\"kt-adv-heading254_29b182-88 wp-block-kadence-advancedheading\" data-kb-block=\"kb-adv-heading254_29b182-88\"><span class=\"kb-adv-text-inner\"><strong>In cosa crediamo<\/strong><\/span><\/h2>\n\n\n<p class=\"kt-adv-heading254_e8e220-b8 wp-block-kadence-advancedheading has-custom-color-2-color has-text-color\" data-kb-block=\"kb-adv-heading254_e8e220-b8\"><strong>Noi di Rochak Hand Knit Craft crediamo che ogni prodotto lavorato a mano sia unico e offra una sensazione completamente diversa rispetto alle sue controparti industriali. <\/strong><\/p>\n\n\n\n<p class=\"kt-adv-heading254_32cbf9-09 wp-block-kadence-advancedheading has-custom-color-2-color has-text-color\" data-kb-block=\"kb-adv-heading254_32cbf9-09\">Concentrandosi sulla qualit\u00e0, sulla sostenibilit\u00e0 e sulla competenza, l&#039;organizzazione si impegna a fornire prodotti lavorati a mano di altissima qualit\u00e0, che soddisfino le esigenze e le aspettative dei clienti. <\/p>\n\n\n\n<p class=\"kt-adv-heading254_e41e2e-62 wp-block-kadence-advancedheading has-custom-color-2-color has-text-color\" data-kb-block=\"kb-adv-heading254_e41e2e-62\">Che tu stia cercando prodotti fatti a mano per la tua casa, un regalo speciale per una persona cara o semplicemente desideri supportare un&#039;organizzazione sostenibile ed etica, Rochak Hand Knit Craft \u00e8 la scelta perfetta.<\/p>\n<\/div><\/div>\n\n<\/div><\/div>\n\n<div class=\"kb-row-layout-wrap kb-row-layout-id254_0337ce-1f alignfull has-theme-palette8-background-color kt-row-has-bg wp-block-kadence-rowlayout\"><div class=\"kt-row-column-wrap kt-has-2-columns kt-row-layout-equal kt-tab-layout-inherit kt-mobile-layout-row kt-row-valign-middle\">\n\n<div class=\"wp-block-kadence-column kadence-column254_7e6c3e-5a kb-section-dir-vertical kb-section-sm-dir-vertical inner-column-1\"><div class=\"kt-inside-inner-col\"><h2 class=\"kt-adv-heading254_2508df-e4 wp-block-kadence-advancedheading\" data-kb-block=\"kb-adv-heading254_2508df-e4\"><span class=\"kb-adv-text-inner\"><span class=\"kb-inline-dynamic\"><strong>Come \u00e8 iniziato<\/strong><\/span><\/span><\/h2>\n\n\n<p class=\"kt-adv-heading254_f1d6c6-97 wp-block-kadence-advancedheading has-custom-color-2-color has-text-color\" data-kb-block=\"kb-adv-heading254_f1d6c6-97\"><strong>Il viaggio di Rochak Hand Knit Craft \u00e8 iniziato con la passione della signora Rukmani Devi Shrestha per la maglieria a mano. Con il desiderio di riunire donne locali che condividevano il suo interesse, ha formato un gruppo e ha lavorato per diversi anni come individui e poi come team.<\/strong><\/p>\n\n\n\n<p class=\"kt-adv-heading254_1d91de-63 wp-block-kadence-advancedheading has-custom-color-2-color has-text-color\" data-kb-block=\"kb-adv-heading254_1d91de-63\">La dedizione dell&#039;organizzazione alla maglieria fatta a mano ha portato alla creazione e alla vendita di prodotti lavorati a mano a negozi locali, produttori e persino a livello internazionale.<\/p>\n<\/div><\/div>\n\n\n\n<div class=\"wp-block-kadence-column kadence-column254_2b0360-1b kb-section-dir-vertical\"><div class=\"kt-inside-inner-col\">\n<figure class=\"wp-block-kadence-image kb-image254_8a71de-f6 size-large kb-image-is-ratio-size\"><div class=\"kb-is-ratio-image kb-image-ratio-land43\"><img decoding=\"async\" src=\"https:\/\/rochakhandknit.com\/wp-content\/uploads\/Mrs-Rukmani-Shrestha-at-her-stall1-1024x719.jpg\" alt=\"Rukmani devi shrestha, proprietario di Rochak Handknit, ha vinto il premio\" class=\"kb-img wp-image-1004\" title=\"\"><\/div><\/figure>\n<\/div><\/div>\n\n<\/div><\/div>\n\n<div class=\"kb-row-layout-wrap kb-row-layout-id254_4ea185-d2 alignnone wp-block-kadence-rowlayout\"><div class=\"kt-row-column-wrap kt-has-1-columns kt-row-layout-equal kt-tab-layout-inherit kt-mobile-layout-row kt-row-valign-top\">\n\n<div class=\"wp-block-kadence-column kadence-column254_661cb4-43\"><div class=\"kt-inside-inner-col\"><p class=\"kt-adv-heading254_2b823d-61 wp-block-kadence-advancedheading\" data-kb-block=\"kb-adv-heading254_2b823d-61\"><span class=\"kb-adv-text-inner\"><strong>Noi crediamo in<\/strong><\/span><\/p><\/div><\/div>\n\n<\/div><\/div>\n\n<div class=\"kb-row-layout-wrap kb-row-layout-id254_c2622e-da alignwide wp-block-kadence-rowlayout\"><div class=\"kt-row-column-wrap kt-has-3-columns kt-row-layout-equal kt-tab-layout-inherit kt-mobile-layout-row kt-row-valign-top kt-inner-column-height-full\">\n\n<div class=\"wp-block-kadence-column kadence-column254_0a7465-8a\" data-aos=\"swipe-down\" data-aos-easing=\"linear\"><div class=\"kt-inside-inner-col\">\n<p class=\"kt-adv-heading254_a752d7-c5 wp-block-kadence-advancedheading has-custom-color-5-color has-text-color\" data-kb-block=\"kb-adv-heading254_a752d7-c5\"><strong>Ci impegniamo per<\/strong><\/p>\n\n\n\n<h3 class=\"kt-adv-heading254_7a2b6f-1d wp-block-kadence-advancedheading has-custom-color-2-color has-text-color\" data-kb-block=\"kb-adv-heading254_7a2b6f-1d\">Commercio equo e solidale<br>Valori<\/h3>\n<\/div><\/div>\n\n\n\n<div class=\"wp-block-kadence-column kadence-column254_99fbf5-c9\" data-aos=\"swipe-down\" data-aos-easing=\"linear\"><div class=\"kt-inside-inner-col\">\n<p class=\"kt-adv-heading254_4e8ce1-98 wp-block-kadence-advancedheading has-custom-color-5-color has-text-color\" data-kb-block=\"kb-adv-heading254_4e8ce1-98\"><strong>Ci crediamo<\/strong><\/p>\n\n\n\n<p class=\"kt-adv-heading254_f02926-9b wp-block-kadence-advancedheading has-custom-color-2-color has-text-color\" data-kb-block=\"kb-adv-heading254_f02926-9b\"><strong>Approccio etico alla produzione<\/strong><\/p>\n<\/div><\/div>\n\n\n\n<div class=\"wp-block-kadence-column kadence-column254_a3e532-50\" data-aos=\"swipe-down\" data-aos-easing=\"linear\"><div class=\"kt-inside-inner-col\">\n<p class=\"kt-adv-heading254_4e2f00-ff wp-block-kadence-advancedheading has-custom-color-5-color has-text-color\" data-kb-block=\"kb-adv-heading254_4e2f00-ff\"><strong>Ci impegniamo<\/strong><\/p>\n\n\n\n<p class=\"kt-adv-heading254_2d5aca-42 wp-block-kadence-advancedheading has-custom-color-2-color has-text-color\" data-kb-block=\"kb-adv-heading254_2d5aca-42\"><strong>Buon ambiente di lavoro<\/strong><\/p>\n<\/div><\/div>\n\n<\/div><\/div>\n\n<div class=\"kb-row-layout-wrap kb-row-layout-id254_65155f-67 alignnone wp-block-kadence-rowlayout\"><div class=\"kt-row-column-wrap kt-has-1-columns kt-row-layout-equal kt-tab-layout-inherit kt-mobile-layout-row kt-row-valign-top\">\n\n<div class=\"wp-block-kadence-column kadence-column254_65cc61-80\"><div class=\"kt-inside-inner-col\"><p class=\"kt-adv-heading254_6d4d65-77 wp-block-kadence-advancedheading\" data-kb-block=\"kb-adv-heading254_6d4d65-77\"><span class=\"kb-adv-text-inner\"><strong>I nostri punti di forza<\/strong><\/span><\/p><\/div><\/div>\n\n<\/div><\/div>\n\n<div class=\"kb-row-layout-wrap kb-row-layout-id254_3d2325-3f alignfull wp-block-kadence-rowlayout\"><div class=\"kt-row-column-wrap kt-has-3-columns kt-row-layout-equal kt-tab-layout-inherit kt-mobile-layout-row kt-row-valign-top kt-inner-column-height-full\">\n\n<div class=\"wp-block-kadence-column kadence-column254_824164-e6\"><div class=\"kt-inside-inner-col\">\n<p class=\"kt-adv-heading254_b8cf94-c8 wp-block-kadence-advancedheading\" data-kb-block=\"kb-adv-heading254_b8cf94-c8\"><strong>6<\/strong><\/p>\n\n\n\n<p class=\"kt-adv-heading254_f71f46-48 wp-block-kadence-advancedheading\" data-kb-block=\"kb-adv-heading254_f71f46-48\">Dipendenti regolari<\/p>\n<\/div><\/div>\n\n\n\n<div class=\"wp-block-kadence-column kadence-column254_dcc25c-6f\"><div class=\"kt-inside-inner-col\">\n<p class=\"kt-adv-heading254_82b2ca-6d wp-block-kadence-advancedheading\" data-kb-block=\"kb-adv-heading254_82b2ca-6d\"><strong>200+<\/strong><\/p>\n\n\n\n<p class=\"kt-adv-heading254_ab8d70-31 wp-block-kadence-advancedheading\" data-kb-block=\"kb-adv-heading254_ab8d70-31\">Magliaie da donna a domicilio<\/p>\n<\/div><\/div>\n\n\n\n<div class=\"wp-block-kadence-column kadence-column254_ed28e1-74\"><div class=\"kt-inside-inner-col\">\n<p class=\"kt-adv-heading254_c1750d-ac wp-block-kadence-advancedheading\" data-kb-block=\"kb-adv-heading254_c1750d-ac\"><strong>100%<\/strong><\/p>\n\n\n\n<p class=\"kt-adv-heading254_3a05ae-27 wp-block-kadence-advancedheading\" data-kb-block=\"kb-adv-heading254_3a05ae-27\">Impegnati per prodotti di qualit\u00e0<\/p>\n<\/div><\/div>\n\n<\/div><\/div>\n\n<div class=\"kb-row-layout-wrap kb-row-layout-id254_5180a7-41 alignwide wp-block-kadence-rowlayout\"><div class=\"kt-row-column-wrap kt-has-2-columns kt-row-layout-equal kt-tab-layout-inherit kt-mobile-layout-row kt-row-valign-top kt-inner-column-height-full\">\n\n<div class=\"wp-block-kadence-column kadence-column254_5534cd-da\"><div class=\"kt-inside-inner-col\">\n<p class=\"kt-adv-heading254_54bf94-9c wp-block-kadence-advancedheading has-custom-color-5-color has-text-color\" data-kb-block=\"kb-adv-heading254_54bf94-9c\"><strong>Vuoi sapere di pi\u00f9 su cosa facciamo?<\/strong><\/p>\n\n\n\n<p class=\"kt-adv-heading254_9081fb-e9 wp-block-kadence-advancedheading\" data-kb-block=\"kb-adv-heading254_9081fb-e9\">Leggi le risposte alle domande pi\u00f9 comuni sul nostro <a href=\"https:\/\/rochakhandknit.com\/it\/domande-frequenti-sulla-produzione\/\" data-type=\"page\" data-id=\"223\">Domande frequenti sulla produzione<\/a> pagina.<\/p>\n<\/div><\/div>\n\n\n\n<div class=\"wp-block-kadence-column kadence-column254_54cd3b-06\"><div class=\"kt-inside-inner-col\">\n<p class=\"kt-adv-heading254_8647ea-2a wp-block-kadence-advancedheading has-custom-color-2-color has-text-color\" data-kb-block=\"kb-adv-heading254_8647ea-2a\"><strong>Vuoi iniziare?<\/strong><\/p>\n\n\n\n<p class=\"kt-adv-heading254_c80eba-66 wp-block-kadence-advancedheading\" data-kb-block=\"kb-adv-heading254_c80eba-66\">Se hai altre domande, inviaci tramite <a href=\"https:\/\/rochakhandknit.com\/it\/contattaci\/#gform_wrapper_1\">Modulo di Contatto<\/a>.<a href=\"https:\/\/rochakhandknit.com\/it\/contattaci\/#gform_wrapper_1\" target=\"_blank\" rel=\"noopener\"><br>Prossimo processo?<br><\/a><\/p>\n<\/div><\/div>\n\n<\/div><\/div>","protected":false},"excerpt":{"rendered":"<p>Our Journey till date Founded in 1996 and registered with the Nepal government under &#8216;small &amp; cottage industries&#8217;, Rochak Hand knit Craft is a dedicated organization that has been providing high-quality hand knitted goods made from natural fibers for over 25 years. Led by proprietor Mrs. Rukmani Devi Shrestha and her husband Rajendra Man Shrestha, [&hellip;]<\/p>\n","protected":false},"author":1,"featured_media":0,"parent":0,"menu_order":0,"comment_status":"closed","ping_status":"closed","template":"","meta":{"_acf_changed":false,"inline_featured_image":false,"_lmt_disableupdate":"no","_lmt_disable":"","_kad_blocks_custom_css":"","_kad_blocks_head_custom_js":"","_kad_blocks_body_custom_js":"","_kad_blocks_footer_custom_js":"","iawp_total_views":194,"footnotes":""},"class_list":["post-254","page","type-page","status-publish","hentry"],"acf":[],"taxonomy_info":[],"featured_image_src_large":false,"author_info":{"display_name":"Rochak Shrestha","author_link":"https:\/\/rochakhandknit.com\/it\/author\/webadmin\/"},"comment_info":0,"_links":{"self":[{"href":"https:\/\/rochakhandknit.com\/it\/wp-json\/wp\/v2\/pages\/254","targetHints":{"allow":["GET"]}}],"collection":[{"href":"https:\/\/rochakhandknit.com\/it\/wp-json\/wp\/v2\/pages"}],"about":[{"href":"https:\/\/rochakhandknit.com\/it\/wp-json\/wp\/v2\/types\/page"}],"author":[{"embeddable":true,"href":"https:\/\/rochakhandknit.com\/it\/wp-json\/wp\/v2\/users\/1"}],"replies":[{"embeddable":true,"href":"https:\/\/rochakhandknit.com\/it\/wp-json\/wp\/v2\/comments?post=254"}],"version-history":[{"count":1,"href":"https:\/\/rochakhandknit.com\/it\/wp-json\/wp\/v2\/pages\/254\/revisions"}],"predecessor-version":[{"id":9635,"href":"https:\/\/rochakhandknit.com\/it\/wp-json\/wp\/v2\/pages\/254\/revisions\/9635"}],"wp:attachment":[{"href":"https:\/\/rochakhandknit.com\/it\/wp-json\/wp\/v2\/media?parent=254"}],"curies":[{"name":"scrivere","href":"https:\/\/api.w.org\/{rel}","templated":true}]}}