{"id":4292,"date":"2024-01-27T15:38:16","date_gmt":"2024-01-27T09:53:16","guid":{"rendered":"https:\/\/rochakhandknit.com\/?page_id=4292"},"modified":"2024-01-27T15:38:27","modified_gmt":"2024-01-27T09:53:27","slug":"prendersi-cura-della-lana-morbida-come-il-mohair-merino-alpaca-cashmere","status":"publish","type":"page","link":"https:\/\/rochakhandknit.com\/it\/prendersi-cura-della-lana-morbida-come-il-mohair-merino-alpaca-cashmere\/","title":{"rendered":"Prendersi cura di lane morbide come mohair, merino, alpaca, cashmere"},"content":{"rendered":"<p>Questi materiali squisiti con la loro morbidezza e propriet\u00e0 isolanti senza precedenti richiedono un livello di cura e manutenzione. Acquistare capi di abbigliamento e accessori con questa lana premium e non maneggiarla \u00e8 uno spreco di investimento. Quindi prendersi cura della lana morbida come mohair, merino, alpaca e cashmere \u00e8 un must se si vuole mantenerne la qualit\u00e0.<\/p>\n\n\n\n<p>Di seguito sono riportati alcuni suggerimenti per mantenere i tuoi capi di abbigliamento realizzati con lana di prima qualit\u00e0 nelle migliori condizioni possibili.<\/p>\n\n\n\n<p><strong>Logorante:<\/strong><\/p>\n\n\n\n<ol class=\"wp-block-list\">\n<li><strong>Evitare un&#039;usura eccessiva:<\/strong>\n<ul class=\"wp-block-list\">\n<li>Ruota l&#039;uso della maglieria in alpaca per prevenire un&#039;usura eccessiva su aree specifiche e mantenerne la forma.<\/li>\n<\/ul>\n<\/li>\n\n\n\n<li><strong>Ridurre al minimo il contatto con superfici ruvide:<\/strong>\n<ul class=\"wp-block-list\">\n<li>Fare attenzione alle superfici ruvide che possono impigliarsi o tirare le delicate fibre di alpaca.<\/li>\n<\/ul>\n<\/li>\n\n\n\n<li><strong>Evitare intoppi nei gioielli:<\/strong>\n<ul class=\"wp-block-list\">\n<li>Fai attenzione ai gioielli che potrebbero impigliarsi nella maglieria, causando danni o intoppi.<\/li>\n<\/ul>\n<\/li>\n\n\n\n<li><strong>Rimuovi prima delle attivit\u00e0:<\/strong>\n<ul class=\"wp-block-list\">\n<li>Rimuovere gli indumenti in alpaca prima di intraprendere attivit\u00e0 che potrebbero causare sudorazione eccessiva o macchie.<\/li>\n<\/ul>\n<\/li>\n<\/ol>\n\n\n\n<p><strong>Pulizia:<\/strong><\/p>\n\n\n\n<p> 5. <strong>Lavare a mano in acqua fredda:<\/strong><\/p>\n\n\n\n<ul class=\"wp-block-list\">\n<li>Lavare delicatamente a mano la maglieria in alpaca in acqua fredda con un detersivo delicato per preservare le fibre.<\/li>\n<\/ul>\n\n\n\n<ol class=\"wp-block-list\" start=\"6\">\n<li><strong>Utilizzare un detersivo delicato:<\/strong>\n<ul class=\"wp-block-list\">\n<li>Scegli un detersivo specifico per tessuti delicati per evitare prodotti chimici aggressivi.<\/li>\n<\/ul>\n<\/li>\n\n\n\n<li><strong>Evitare l&#039;agitazione:<\/strong>\n<ul class=\"wp-block-list\">\n<li>Ridurre al minimo lo sfregamento o la strizzatura durante il lavaggio per evitare stiramenti o distorsioni.<\/li>\n<\/ul>\n<\/li>\n\n\n\n<li><strong>Test per la solidit\u00e0 del colore:<\/strong>\n<ul class=\"wp-block-list\">\n<li>Prima del lavaggio, testare la solidit\u00e0 del colore su una piccola area nascosta per evitare perdite di colore.<\/li>\n<\/ul>\n<\/li>\n\n\n\n<li><strong>Asciugare in piano:<\/strong>\n<ul class=\"wp-block-list\">\n<li>Asciugare la maglieria di alpaca su un asciugamano pulito per mantenerne la forma. Evitare di appendere per evitare allungamenti.<\/li>\n<\/ul>\n<\/li>\n\n\n\n<li><strong>Stai lontano dalla luce diretta del sole:<\/strong>\n<ul class=\"wp-block-list\">\n<li>Asciugare la maglieria in una zona ombreggiata per evitare che sbiadisca e venga danneggiata dalla luce solare diretta.<\/li>\n<\/ul>\n<\/li>\n<\/ol>\n\n\n\n<p><strong>Memorizzazione:<\/strong> <\/p>\n\n\n\n<p>11. <strong>Piega, non appendere:<\/strong> \u2013 Conservare gli indumenti in alpaca piegati per evitare che si allunghino, soprattutto per capi come maglioni.<\/p>\n\n\n\n<ol class=\"wp-block-list\" start=\"12\">\n<li><strong>Usa palline di cedro:<\/strong>\n<ul class=\"wp-block-list\">\n<li>Posiziona le palline di cedro nell&#039;area di stoccaggio per scoraggiare le tarme e proteggerle da potenziali danni.<\/li>\n<\/ul>\n<\/li>\n\n\n\n<li><strong>Conservazione fresca e ventilata:<\/strong>\n<ul class=\"wp-block-list\">\n<li>Conserva la maglieria in alpaca in uno spazio fresco e ben ventilato per evitare la formazione di muffa.<\/li>\n<\/ul>\n<\/li>\n\n\n\n<li><strong>Pulizia professionale per la conservazione a lungo termine:<\/strong>\n<ul class=\"wp-block-list\">\n<li>Prendi in considerazione il lavaggio a secco professionale prima di riporli a lungo termine per garantire che gli indumenti siano puliti e privi di tarme.<\/li>\n<\/ul>\n<\/li>\n\n\n\n<li>Poche note sul PILLING\n<ul class=\"wp-block-list\">\n<li>La presenza di pilling, un fenomeno naturale osservato nei tessuti realizzati con fibre naturali come la lana, non \u00e8 indice di qualit\u00e0 inferiore. Il pilling pu\u00f2 formarsi naturalmente quando gli indumenti entrano in contatto con superfici dure durante l&#039;uso. Inoltre, nel tempo, un lieve attrito pu\u00f2 contribuire allo sviluppo del pilling. \u00c8 importante riconoscere che questo evento \u00e8 inerente alla natura del tessuto e non riflette un difetto nella lavorazione o nei materiali del capo.<\/li>\n<\/ul>\n<\/li>\n<\/ol>\n\n\n\n<figure class=\"wp-block-image size-full\"><img decoding=\"async\" width=\"878\" height=\"1017\" src=\"https:\/\/rochakhandknit.com\/wp-content\/uploads\/Pilling-in-Merino-wool-sweater.png\" alt=\"Maglione pilling in lana merino\" class=\"wp-image-4404\" style=\"aspect-ratio:9\/16;object-fit:cover\" title=\"\" srcset=\"https:\/\/cdn.rochakhandknit.com\/wp-content\/uploads\/Pilling-in-Merino-wool-sweater.png 878w, https:\/\/cdn.rochakhandknit.com\/wp-content\/uploads\/Pilling-in-Merino-wool-sweater-259x300.png 259w, https:\/\/cdn.rochakhandknit.com\/wp-content\/uploads\/Pilling-in-Merino-wool-sweater-768x890.png 768w, https:\/\/cdn.rochakhandknit.com\/wp-content\/uploads\/Pilling-in-Merino-wool-sweater-10x12.png 10w\" sizes=\"(max-width: 878px) 100vw, 878px\" \/><figcaption class=\"wp-element-caption\">Sopra \u00e8 riportato un esempio di pilling eccessivo causato da un&#039;usura intensa.<\/figcaption><\/figure>\n\n\n\n<p>\u00c8 possibile garantire la longevit\u00e0 e l&#039;aspetto estetico del tuo investimento in maglieria di lana di alta qualit\u00e0, come mohair, merino, alpaca e cashmere, seguendo queste linee guida consigliate per indossare, pulire e conservare. Pertanto, prestare la dovuta attenzione alla cura adeguata \u00e8 essenziale per preservare la squisita qualit\u00e0 della maglieria fatta a mano, realizzata con fibre di lana di qualit\u00e0 superiore.<\/p>","protected":false},"excerpt":{"rendered":"<p>These exquisite materials with their unparalleled softness and insulating properties, demand a level of care and maintenance. Purchasing an apparel and accessories with these premium wool and not handling it is a waste of investment. So caring for Soft Wool like Mohair, Merino, Alpaca, Cashmere is a must if you wan to uphold its quality. [&hellip;]<\/p>\n","protected":false},"author":1,"featured_media":0,"parent":0,"menu_order":0,"comment_status":"closed","ping_status":"closed","template":"","meta":{"_acf_changed":false,"inline_featured_image":false,"_lmt_disableupdate":"","_lmt_disable":"","_kad_blocks_custom_css":"","_kad_blocks_head_custom_js":"","_kad_blocks_body_custom_js":"","_kad_blocks_footer_custom_js":"","iawp_total_views":87,"footnotes":""},"class_list":["post-4292","page","type-page","status-publish","hentry"],"acf":[],"taxonomy_info":[],"featured_image_src_large":false,"author_info":{"display_name":"Rochak Shrestha","author_link":"https:\/\/rochakhandknit.com\/it\/author\/webadmin\/"},"comment_info":0,"_links":{"self":[{"href":"https:\/\/rochakhandknit.com\/it\/wp-json\/wp\/v2\/pages\/4292","targetHints":{"allow":["GET"]}}],"collection":[{"href":"https:\/\/rochakhandknit.com\/it\/wp-json\/wp\/v2\/pages"}],"about":[{"href":"https:\/\/rochakhandknit.com\/it\/wp-json\/wp\/v2\/types\/page"}],"author":[{"embeddable":true,"href":"https:\/\/rochakhandknit.com\/it\/wp-json\/wp\/v2\/users\/1"}],"replies":[{"embeddable":true,"href":"https:\/\/rochakhandknit.com\/it\/wp-json\/wp\/v2\/comments?post=4292"}],"version-history":[{"count":0,"href":"https:\/\/rochakhandknit.com\/it\/wp-json\/wp\/v2\/pages\/4292\/revisions"}],"wp:attachment":[{"href":"https:\/\/rochakhandknit.com\/it\/wp-json\/wp\/v2\/media?parent=4292"}],"curies":[{"name":"scrivere","href":"https:\/\/api.w.org\/{rel}","templated":true}]}}